{"id":876,"date":"2020-08-18T21:03:43","date_gmt":"2020-08-18T19:03:43","guid":{"rendered":"http:\/\/tbklhnu.cluster028.hosting.ovh.net\/?page_id=876"},"modified":"2023-02-23T11:15:17","modified_gmt":"2023-02-23T10:15:17","slug":"informacja-dla-osob-niepelnosprawnych","status":"publish","type":"page","link":"https:\/\/archiwum.mops-bialapodlaska.pl\/?page_id=876","title":{"rendered":"Informacja dla os\u00f3b z niepe\u0142nosprawno\u015bciami"},"content":{"rendered":"\n<p class=\"has-large-font-size\"><strong>Informacja dla os\u00f3b z niepe\u0142nosprawno\u015bciami<\/strong><\/p>\n\n\n\n<figure class=\"wp-block-embed is-type-video is-provider-youtube wp-block-embed-youtube wp-embed-aspect-16-9 wp-has-aspect-ratio\"><div class=\"wp-block-embed__wrapper\">\n<iframe loading=\"lazy\" title=\"komunikat mops\" width=\"640\" height=\"360\" src=\"https:\/\/www.youtube.com\/embed\/NgE8SF1waq0?feature=oembed\" frameborder=\"0\" allow=\"accelerometer; autoplay; encrypted-media; gyroscope; picture-in-picture\" allowfullscreen><\/iframe>\n<\/div><\/figure>\n\n\n\n<p>Na podstawie art. 12 Ustawy z dnia 19 sierpnia 2011 r. o j\u0119zyku migowym i innych \u015brodkach komunikowania si\u0119 (Dz. U. 2017 poz. 1824) osoby nies\u0142ysz\u0105ce chc\u0105ce za\u0142atwi\u0107 sprawy urz\u0119dowe w MOPS maj\u0105 mo\u017cliwo\u015b\u0107 skorzystania z t\u0142umacza j\u0119zyka migowego. Potrzeb\u0119 tak\u0105 prosimy zg\u0142osi\u0107 min. 3 dni przed planowanym przyj\u015bciem do MOPS na adres e-mail: on-mopsbp@wp.pl lub mopsbp@wp.pl lub telefonicznie: 83-341-64-55.<\/p>\n\n\n\n<p>Osoby poruszaj\u0105ce si\u0119 na w\u00f3zkach inwalidzkich maj\u0105 mo\u017cliwo\u015b\u0107 skorzystania z platformy naschodowej w celu za\u0142atwienia spraw urz\u0119dowych (przy platformie znajduje si\u0119 przycisk przywo\u0142uj\u0105cy pracownika obs\u0142uguj\u0105cego platform\u0119).<\/p>\n\n\n\n<p>Osoby z niepe\u0142nosprawno\u015bci\u0105 poruszaj\u0105ce si\u0119 na w\u00f3zkach inwalidzkich, kt\u00f3re nie s\u0105 w stanie samodzielnie wej\u015b\u0107 do O\u015brodka maj\u0105 mo\u017cliwo\u015b\u0107 skorzystania z domofonu celem przywo\u0142ania pracownika, kt\u00f3ry znajduje si\u0119 przy drzwiach wej\u015bciowych budynku. Sala obs\u0142ugi przystosowana jest do potrzeb os\u00f3b z niepe\u0142nosprawno\u015bci\u0105.<\/p>\n\n\n\n<p>Osoby z niepe\u0142nosprawno\u015bci\u0105 legitymuj\u0105ce si\u0119 kart\u0105 parkingow\u0105, za\u0142atwiaj\u0105ce sprawy w MOPS mog\u0105 skorzysta\u0107 z wyznaczonego miejsca parkingowego znajduj\u0105cego si\u0119 na parkingu miejskim obok budynku MOPS.<\/p>\n\n\n\n<p>O\u015brodek posiada toalet\u0119 dostosowan\u0105 do potrzeb os\u00f3b z niepe\u0142nosprawno\u015bci\u0105.<\/p>\n","protected":false},"excerpt":{"rendered":"<p>Informacja dla os\u00f3b z niepe\u0142nosprawno\u015bciami Na podstawie art. 12 Ustawy z dnia 19 sierpnia 2011 r. o j\u0119zyku migowym i innych \u015brodkach komunikowania si\u0119 (Dz. U. 2017 poz. 1824) osoby nies\u0142ysz\u0105ce chc\u0105ce za\u0142atwi\u0107 sprawy urz\u0119dowe w MOPS maj\u0105 mo\u017cliwo\u015b\u0107 skorzystania z t\u0142umacza j\u0119zyka migowego. Potrzeb\u0119 tak\u0105 prosimy zg\u0142osi\u0107 min. 3 dni przed planowanym przyj\u015bciem do [&hellip;]<\/p>\n","protected":false},"author":1,"featured_media":0,"parent":0,"menu_order":0,"comment_status":"closed","ping_status":"closed","template":"","meta":[],"_links":{"self":[{"href":"https:\/\/archiwum.mops-bialapodlaska.pl\/index.php?rest_route=\/wp\/v2\/pages\/876"}],"collection":[{"href":"https:\/\/archiwum.mops-bialapodlaska.pl\/index.php?rest_route=\/wp\/v2\/pages"}],"about":[{"href":"https:\/\/archiwum.mops-bialapodlaska.pl\/index.php?rest_route=\/wp\/v2\/types\/page"}],"author":[{"embeddable":true,"href":"https:\/\/archiwum.mops-bialapodlaska.pl\/index.php?rest_route=\/wp\/v2\/users\/1"}],"replies":[{"embeddable":true,"href":"https:\/\/archiwum.mops-bialapodlaska.pl\/index.php?rest_route=%2Fwp%2Fv2%2Fcomments&post=876"}],"version-history":[{"count":3,"href":"https:\/\/archiwum.mops-bialapodlaska.pl\/index.php?rest_route=\/wp\/v2\/pages\/876\/revisions"}],"predecessor-version":[{"id":2954,"href":"https:\/\/archiwum.mops-bialapodlaska.pl\/index.php?rest_route=\/wp\/v2\/pages\/876\/revisions\/2954"}],"wp:attachment":[{"href":"https:\/\/archiwum.mops-bialapodlaska.pl\/index.php?rest_route=%2Fwp%2Fv2%2Fmedia&parent=876"}],"curies":[{"name":"wp","href":"https:\/\/api.w.org\/{rel}","templated":true}]}}