{"id":4311,"date":"2025-02-08T07:42:33","date_gmt":"2025-02-08T06:42:33","guid":{"rendered":"https:\/\/archiwum.mops-bialapodlaska.pl\/?page_id=4311"},"modified":"2025-03-20T09:27:49","modified_gmt":"2025-03-20T08:27:49","slug":"program-opieka-wytchnieniowa-dla-jednostek-samorzadu-terytorialnego-edycja-2025","status":"publish","type":"page","link":"https:\/\/archiwum.mops-bialapodlaska.pl\/?page_id=4311","title":{"rendered":"<strong>Program \u201eOpieka wytchnieniowa\u201d dla Jednostek Samorz\u0105du Terytorialnego \u2013 edycja 2025<\/strong>"},"content":{"rendered":"\n<p><img decoding=\"async\" loading=\"lazy\" width=\"497\" height=\"148\" class=\"wp-image-4254\" style=\"width: 1000px;\" src=\"https:\/\/archiwum.mops-bialapodlaska.pl\/wp-content\/uploads\/2024\/12\/logo_mrpips_2024.jpg\" alt=\"\" srcset=\"https:\/\/archiwum.mops-bialapodlaska.pl\/wp-content\/uploads\/2024\/12\/logo_mrpips_2024.jpg 497w, https:\/\/archiwum.mops-bialapodlaska.pl\/wp-content\/uploads\/2024\/12\/logo_mrpips_2024-300x89.jpg 300w\" sizes=\"(max-width: 497px) 100vw, 497px\" \/><\/p>\n\n\n\n<h2><strong>Program \u201eOpieka wytchnieniowa\u201d dla Jednostek Samorz\u0105du Terytorialnego \u2013 edycja 2025<\/strong><\/h2>\n\n\n\n<p>Gmina Miejska Bia\u0142a Podlaska otrzyma\u0142a dofinansowanie ze \u015brodk\u00f3w Funduszu Solidarno\u015bciowego na&nbsp;realizacj\u0119 resortowego Programu Ministra Rodziny, Pracy i Polityki Spo\u0142ecznej \u201eOpieka wytchnieniowa\u201d dla&nbsp;Jednostek Samorz\u0105du Terytorialnego \u2013 edycja 2025. Program realizuje Miejski O\u015brodek Pomocy Spo\u0142ecznej w Bia\u0142ej Podlaskiej.<\/p>\n\n\n\n<p>Na realizacj\u0119 Programu przyznano \u015brodki finansowe w&nbsp;wysoko\u015bci 995 928,00 z\u0142.<\/p>\n\n\n\n<p>G\u0142\u00f3wnym celem Programu jest wsparcie cz\u0142onk\u00f3w rodzin lub opiekun\u00f3w sprawuj\u0105cych bezpo\u015bredni\u0105 opiek\u0119 nad:<\/p>\n\n\n\n<ol>\n<li>dzie\u0107mi od uko\u0144czenia 2. roku \u017cycia do uko\u0144czenia 16. roku \u017cycia posiadaj\u0105cymi orzeczenie o niepe\u0142nosprawno\u015bci lub<\/li>\n\n\n\n<li>osobami niepe\u0142nosprawnymi posiadaj\u0105cymi:<br>a) orzeczenie o znacznym stopniu niepe\u0142nosprawno\u015bci albo<br>b) orzeczenie traktowane na r\u00f3wni z orzeczeniem wymienionym w lit. a, zgodnie z art. 5 i&nbsp;art. 62 ustawy z dnia 27 sierpnia 1997 r. o rehabilitacji zawodowej i spo\u0142ecznej oraz&nbsp;zatrudnianiu os\u00f3b niepe\u0142nosprawnych (Dz. U. z 2024 r. poz.44, z p\u00f3\u017an. zm.).<\/li>\n<\/ol>\n\n\n\n<ul>\n<li>poprzez umo\u017cliwienie uzyskania dora\u017anej, czasowej pomocy w formie us\u0142ugi opieki wytchnieniowej, tj. odci\u0105\u017cenie od codziennych obowi\u0105zk\u00f3w \u0142\u0105cz\u0105cych si\u0119 ze&nbsp;sprawowaniem opieki nad osob\u0105 z niepe\u0142nosprawno\u015bci\u0105 przez zapewnienie czasowego zast\u0119pstwa w tym zakresie. Dzi\u0119ki temu wsparciu, osoby zaanga\u017cowane na co dzie\u0144 w&nbsp;sprawowanie opieki nad&nbsp;osob\u0105 z niepe\u0142nosprawno\u015bci\u0105 dysponowa\u0107 b\u0119d\u0105 czasem, kt\u00f3ry&nbsp;mog\u0105 przeznaczy\u0107 na&nbsp;odpoczynek i regeneracj\u0119, jak r\u00f3wnie\u017c na za\u0142atwienie niezb\u0119dnych spraw \u017cyciowych. Us\u0142ugi opieki wytchnieniowej mog\u0105 s\u0142u\u017cy\u0107 r\u00f3wnie\u017c okresowemu zabezpieczeniu potrzeb osoby z niepe\u0142nosprawno\u015bci\u0105 w sytuacji, gdy&nbsp;cz\u0142onkowie rodzin lub opiekunowie z r\u00f3\u017cnych powod\u00f3w nie b\u0119d\u0105 mogli wykonywa\u0107 swoich obowi\u0105zk\u00f3w.<\/li>\n<\/ul>\n\n\n\n<p>Program adresowany jest do gmin i powiat\u00f3w, kt\u00f3re zorganizuj\u0105 us\u0142ugi opieki wytchnieniowej dla cz\u0142onk\u00f3w rodzin lub opiekun\u00f3w sprawuj\u0105cych bezpo\u015bredni\u0105 opiek\u0119 nad:<\/p>\n\n\n\n<ol>\n<li>dzie\u0107mi od uko\u0144czenia 2. roku \u017cycia do uko\u0144czenia 16. roku \u017cycia posiadaj\u0105cymi orzeczenie o niepe\u0142nosprawno\u015bci lub<\/li>\n\n\n\n<li>osobami niepe\u0142nosprawnymi posiadaj\u0105cymi:<br>a) orzeczenie o znacznym stopniu niepe\u0142nosprawno\u015bci albo<br>b) orzeczenie traktowane na r\u00f3wni z orzeczeniem o znacznym stopniu niepe\u0142nosprawno\u015bci, zgodnie z art. 5 i art. 62 ustawy z dnia 27 sierpnia 1997 r. o rehabilitacji zawodowej i&nbsp;spo\u0142ecznej oraz zatrudnianiu os\u00f3b niepe\u0142nosprawnych<\/li>\n<\/ol>\n\n\n\n<ul>\n<li>kt\u00f3rzy wymagaj\u0105 us\u0142ug opieki wytchnieniowej. Cz\u0142onkowie rodzin os\u00f3b z&nbsp;niepe\u0142nosprawno\u015bciami i opiekunowie os\u00f3b z&nbsp;niepe\u0142nosprawno\u015bciami, kt\u00f3rzy uzyskali w&nbsp;ramach Programu us\u0142ugi opieki wytchnieniowej, zwani s\u0105 dalej \u201euczestnikami Programu\u201d.<\/li>\n<\/ul>\n\n\n\n<p>Us\u0142ugi opieki wytchnieniowej przys\u0142uguj\u0105 w&nbsp;przypadku zamieszkiwania cz\u0142onka rodziny lub&nbsp;opiekuna ubiegaj\u0105cego si\u0119 o przyznanie us\u0142ug opieki wytchnieniowej,&nbsp; we&nbsp;wsp\u00f3lnym gospodarstwie domowym z osob\u0105 z niepe\u0142nosprawno\u015bci\u0105, kt\u00f3ra wymaga sta\u0142ej opieki w&nbsp;zakresie potrzeb \u017cycia codziennego.<\/p>\n\n\n\n<p>Program b\u0119dzie realizowany w nast\u0119puj\u0105cych formach:<\/p>\n\n\n\n<ol>\n<li>\u015bwiadczenia us\u0142ug opieki wytchnieniowej w ramach pobytu dziennego:<br>1) za uprzedni\u0105 zgod\u0105 gminy\/powiatu, w miejscu zamieszkania osoby z niepe\u0142nosprawno\u015bci\u0105,<br>2) za uprzedni\u0105 zgod\u0105 gminy\/powiatu, w innym miejscu wskazanym przez uczestnika Programu lub realizatora Programu, spe\u0142niaj\u0105cym kryteria dost\u0119pno\u015bci, o kt\u00f3rych mowa w ustawie z dnia 19 lipca 2019 r. o zapewnieniu dost\u0119pno\u015bci osobom ze szczeg\u00f3lnymi potrzebami (Dz. U. z 2022 r. poz. 2240, z p\u00f3\u017an. zm.);<\/li>\n\n\n\n<li>\u015bwiadczenia us\u0142ug opieki wytchnieniowej w ramach pobytu ca\u0142odobowego: 1) za uprzedni\u0105 zgod\u0105 gminy\/powiatu, w innym miejscu wskazanym przez uczestnika Programu lub Realizatora Programu, spe\u0142niaj\u0105cym kryteria dost\u0119pno\u015bci, o kt\u00f3rych mowa w ustawie z dnia 19 lipca 2019 r. o zapewnieniu dost\u0119pno\u015bci osobom ze szczeg\u00f3lnymi potrzebami.<\/li>\n<\/ol>\n\n\n\n<p>Limit godzin i d\u00f3b us\u0142ug opieki wytchnieniowej finansowanych ze \u015brodk\u00f3w Funduszu Solidarno\u015bciowego przypadaj\u0105cych na jednego uczestnika Programu w 2025 roku, z&nbsp;zastrze\u017ceniem cz\u0119\u015bci V ust. 12 i 13 Programu, wynosi nie wi\u0119cej ni\u017c:<\/p>\n\n\n\n<ol>\n<li>240 godzin dla us\u0142ugi opieki wytchnieniowej \u015bwiadczonej w ramach pobytu dziennego;<\/li>\n\n\n\n<li>14 d\u00f3b dla us\u0142ugi opieki wytchnieniowej \u015bwiadczonej w ramach pobytu ca\u0142odobowego.<\/li>\n<\/ol>\n\n\n\n<p>Limit dotyczy godzin us\u0142ug opieki wytchnieniowej \u015bwiadczonych w ramach wszystkich program\u00f3w Ministra w zakresie us\u0142ug opieki wytchnieniowej.<\/p>\n\n\n\n<p>Uczestnik Programu, kt\u00f3remu przyznano pomoc w postaci us\u0142ug opieki wytchnieniowej nie ponosi odp\u0142atno\u015bci za&nbsp;realizacj\u0119 us\u0142ugi w ramach Programu.<\/p>\n\n\n\n<p>W ramach us\u0142ugi opieki wytchnieniowej zapewniane jest okresowe wsparcie w zabezpieczeniu potrzeb osoby z niepe\u0142nosprawno\u015bci\u0105, w zast\u0119pstwie cz\u0142onk\u00f3w rodziny lub opiekun\u00f3w sprawuj\u0105cych na co dzie\u0144 bezpo\u015bredni\u0105 opiek\u0119.<\/p>\n\n\n\n<p>Realizacja Programu pozwoli zapewni\u0107 cz\u0142onkom rodziny lub opiekunom os\u00f3b z niepe\u0142nosprawno\u015bci\u0105 wsparcie ich w codziennych obowi\u0105zkach lub zapewni\u0107 czasowe zast\u0119pstwo. Dzi\u0119ki temu wsparciu osoby zaanga\u017cowane na co dzie\u0144 w sprawowanie opieki dysponowa\u0107 b\u0119d\u0105 czasem, kt\u00f3ry b\u0119d\u0105 mog\u0142y przeznaczy\u0107 na odpoczynek i&nbsp;regeneracj\u0119 jak r\u00f3wnie\u017c na za\u0142atwienie niezb\u0119dnych spraw.<\/p>\n\n\n\n<p><\/p>\n\n\n\n<h2><strong>Og\u0142oszenie o naborze kart zg\u0142osze\u0144 do Programu \u201eOpieka wytchnieniowa\u201d dla Jednostek Samorz\u0105du Terytorialnego \u2212 edycja 2025<\/strong><\/h2>\n\n\n\n<p>Miasto Bia\u0142a Podlaska przyst\u0105pi\u0142o do Programu Ministra Rodziny, Pracy i Polityki Spo\u0142ecznej \u201eOpieka wytchnieniowa\u201d dla Jednostek Samorz\u0105du Terytorialnego \u2212 edycja 2025.<\/p>\n\n\n\n<p>Program b\u0119dzie realizowany przez Miejski O\u015brodek Pomocy Spo\u0142ecznej w Bia\u0142ej Podlaskiej. Wsparcie w ramach Programu finansowane jest ze \u015brodk\u00f3w Funduszu Solidarno\u015bciowego w 2025 roku.<\/p>\n\n\n\n<p>Rozpocz\u0119cie realizacji Programu planowane jest po zawarciu umowy z Wojewod\u0105 Lubelskim w sprawie realizacji zadania w ramach resortowego Programu Ministra Rodziny, Pracy i Polityki Spo\u0142ecznej \u201eOpieka wytchnieniowa\u201d dla Jednostek Samorz\u0105du Terytorialnego \u2212 edycja 2025.<\/p>\n\n\n\n<p>G\u0142\u00f3wnym celem Programu jest wsparcie cz\u0142onk\u00f3w rodzin lub opiekun\u00f3w sprawuj\u0105cych bezpo\u015bredni\u0105 opiek\u0119 nad:<\/p>\n\n\n\n<ol>\n<li>dzie\u0107mi od uko\u0144czenia 2. roku \u017cycia do uko\u0144czenia 16. roku \u017cycia posiadaj\u0105cymi orzeczenie o niepe\u0142nosprawno\u015bci lub<\/li>\n\n\n\n<li>osobami niepe\u0142nosprawnymi posiadaj\u0105cymi:<br>a) orzeczenie o znacznym stopniu niepe\u0142nosprawno\u015bci albo<br>b) orzeczenie traktowane na r\u00f3wni z orzeczeniem o znacznym stopniu niepe\u0142nosprawno\u015bci, zgodnie z art. 5 i art. 62 ustawy z dnia 27 sierpnia 1997 r. o rehabilitacji zawodowej i spo\u0142ecznej oraz zatrudnianiu os\u00f3b niepe\u0142nosprawnych<br>&#8211; poprzez umo\u017cliwienie uzyskania dora\u017anej, czasowej pomocy w formie us\u0142ugi opieki wytchnieniowej, tj. odci\u0105\u017cenie od codziennych obowi\u0105zk\u00f3w \u0142\u0105cz\u0105cych si\u0119 ze sprawowaniem opieki nad osob\u0105 z niepe\u0142nosprawno\u015bci\u0105 przez zapewnienie czasowego zast\u0119pstwa w tym zakresie. Cz\u0142onkowie rodzin os\u00f3b z niepe\u0142nosprawno\u015bciami i opiekunowie os\u00f3b z niepe\u0142nosprawno\u015bciami, kt\u00f3rzy uzyskali w ramach Programu us\u0142ugi opieki wytchnieniowej, zwani s\u0105 dalej \u201euczestnikami Programu\u201d.<\/li>\n<\/ol>\n\n\n\n<p><strong>Us\u0142ugi opieki wytchnieniowej przys\u0142uguj\u0105 w przypadku zamieszkiwania cz\u0142onka rodziny lub opiekuna ubiegaj\u0105cego si\u0119 o przyznanie us\u0142ug opieki wytchnieniowej, we wsp\u00f3lnym gospodarstwie domowym z osob\u0105 z niepe\u0142nosprawno\u015bci\u0105, kt\u00f3ra wymaga sta\u0142ej opieki w zakresie potrzeb \u017cycia codziennego.<\/strong><\/p>\n\n\n\n<p>Na potrzeby realizacji Programu za opiekuna osoby z niepe\u0142nosprawno\u015bci\u0105 uznaje si\u0119 opiekuna sprawuj\u0105cego bezpo\u015bredni\u0105 opiek\u0119 nad osob\u0105 posiadaj\u0105c\u0105 orzeczenie o znacznym stopniu niepe\u0142nosprawno\u015bci albo orzeczenie traktowane na r\u00f3wni z orzeczeniem o znacznym stopniu niepe\u0142nosprawno\u015bci oraz opiekuna sprawuj\u0105cego bezpo\u015bredni\u0105 opiek\u0119 nad dzieckiem od uko\u0144czenia 2. roku \u017cycia do uko\u0144czenia 16. roku \u017cycia posiadaj\u0105cym orzeczenie o niepe\u0142nosprawno\u015bci (w tym opiekuna sprawuj\u0105cego opiek\u0119 w ramach rodziny zast\u0119pczej i rodzinnego domu dziecka).<\/p>\n\n\n\n<p>Us\u0142ugi opieki wytchnieniowej b\u0119d\u0105 przyznawane w odniesieniu do cz\u0142onk\u00f3w ich rodzin lub opiekun\u00f3w sprawuj\u0105cych bezpo\u015bredni\u0105 opiek\u0119 nad osobami z niepe\u0142nosprawno\u015bciami, mieszkaj\u0105cych na terenie miasta Bia\u0142a Podlaska.<\/p>\n\n\n\n<p>Gmina\/powiat w pierwszej kolejno\u015bci uwzgl\u0119dnia potrzeby cz\u0142onk\u00f3w rodzin lub opiekun\u00f3w sprawuj\u0105cych bezpo\u015bredni\u0105 opiek\u0119 nad osob\u0105 z niepe\u0142nosprawno\u015bci\u0105, kt\u00f3ra stale przebywa w domu i nie korzysta np. z o\u015brodka wsparcia, z plac\u00f3wek pobytu ca\u0142odobowego, ze \u015brodowiskowego domu samopomocy, z dziennego domu pomocy, z warsztatu terapii zaj\u0119ciowej lub niezatrudnionych, ucz\u0105cych si\u0119 lub studiuj\u0105cych.<\/p>\n\n\n\n<p>Gmina\/powiat przyznaj\u0105c us\u0142ugi opieki wytchnieniowej bierze pod uwag\u0119 stan zdrowia i sytuacj\u0119 \u017cyciow\u0105 uczestnik\u00f3w Programu oraz os\u00f3b z niepe\u0142nosprawno\u015bciami.<\/p>\n\n\n\n<p><strong>Program b\u0119dzie realizowany w nast\u0119puj\u0105cych formach:<\/strong><\/p>\n\n\n\n<ol>\n<li>\u015awiadczenia us\u0142ug opieki wytchnieniowej w ramach <strong>pobytu dziennego<\/strong>:<br>1) za uprzedni\u0105 zgod\u0105 gminy\/powiatu, w miejscu zamieszkania osoby z niepe\u0142nosprawno\u015bci\u0105,<br>2) za uprzedni\u0105 zgod\u0105 gminy\/powiatu, w innym miejscu wskazanym przez uczestnika Programu lub Realizatora Programu, spe\u0142niaj\u0105cym kryteria dost\u0119pno\u015bci, o kt\u00f3rych mowa w ustawie z dnia 19 lipca 2019 r. o zapewnieniu dost\u0119pno\u015bci osobom ze szczeg\u00f3lnymi potrzebami (Dz. U. z 2022 r. poz. 2240, z p\u00f3\u017an. zm.).<\/li>\n\n\n\n<li>\u015awiadczenia us\u0142ug opieki wytchnieniowej w ramach <strong>pobytu ca\u0142odobowego<\/strong>:<br>1) za uprzedni\u0105 zgod\u0105 gminy\/powiatu, w innym miejscu wskazanym przez uczestnika Programu lub Realizatora Programu, spe\u0142niaj\u0105cym kryteria dost\u0119pno\u015bci, o kt\u00f3rych mowa w ustawie z dnia 19 lipca 2019 r. o zapewnieniu dost\u0119pno\u015bci osobom ze szczeg\u00f3lnymi potrzebami.<\/li>\n<\/ol>\n\n\n\n<p>Limit godzin i d\u00f3b us\u0142ug opieki wytchnieniowej finansowanych ze \u015brodk\u00f3w Funduszu Solidarno\u015bciowego przypadaj\u0105cych na jednego uczestnika Programu w 2025 roku, z zastrze\u017ceniem cz\u0119\u015bci V ust. 12 i 13, wynosi nie wi\u0119cej ni\u017c:<br>1) <strong>240 godzin <\/strong>dla us\u0142ugi opieki wytchnieniowej \u015bwiadczonej w ramach pobytu dziennego;<br>2) <strong>14 d\u00f3b<\/strong> dla us\u0142ugi opieki wytchnieniowej \u015bwiadczonej w ramach pobytu ca\u0142odobowego.<\/p>\n\n\n\n<p>Limit, o kt\u00f3rym mowa wy\u017cej, dotyczy r\u00f3wnie\u017c:<br>1) cz\u0142onka rodziny osoby z niepe\u0142nosprawno\u015bci\u0105 lub opiekuna osoby z niepe\u0142nosprawno\u015bci\u0105 sprawuj\u0105cego bezpo\u015bredni\u0105 opiek\u0119 nad wi\u0119cej ni\u017c jedn\u0105 osob\u0105 z niepe\u0142nosprawno\u015bci\u0105;<br>2) wi\u0119cej ni\u017c jednego cz\u0142onka rodziny osoby z niepe\u0142nosprawno\u015bci\u0105 lub wi\u0119cej ni\u017c jednego opiekuna osoby z niepe\u0142nosprawno\u015bci\u0105 sprawuj\u0105cych bezpo\u015bredni\u0105 opiek\u0119 nad wi\u0119cej ni\u017c jedn\u0105 osob\u0105 z niepe\u0142nosprawno\u015bci\u0105.<\/p>\n\n\n\n<p>Uczestnik Programu, kt\u00f3remu przyznano pomoc w postaci us\u0142ug opieki wytchnieniowej nie ponosi odp\u0142atno\u015bci za realizacj\u0119 us\u0142ugi w ramach Programu.<\/p>\n\n\n\n<p>W ramach us\u0142ugi opieki wytchnieniowej zapewniane jest okresowe wsparcie w zabezpieczeniu potrzeb osoby z niepe\u0142nosprawno\u015bci\u0105, w zast\u0119pstwie cz\u0142onk\u00f3w rodziny lub opiekun\u00f3w sprawuj\u0105cych na co dzie\u0144 bezpo\u015bredni\u0105 opiek\u0119.<\/p>\n\n\n\n<p>Rodzaj i zakres godzinowy us\u0142ug opieki wytchnieniowej powinien by\u0107 uzale\u017cniony od osobistej sytuacji uczestnika Programu, z uwzgl\u0119dnieniem stopnia i rodzaju niepe\u0142nosprawno\u015bci osoby z niepe\u0142nosprawno\u015bci\u0105, nad kt\u00f3r\u0105 uczestnik Programu sprawuje opiek\u0119.<\/p>\n\n\n\n<p>Gmina\/powiat kwalifikuje do przyznania\/przyznaje us\u0142ugi opieki wytchnieniowej na podstawie Karty zg\u0142oszenia do Programu, kt\u00f3rej wz\u00f3r stanowi za\u0142\u0105cznik nr 7 do Programu. Informacje zawarte w Karcie zg\u0142oszenia do Programu mog\u0105 by\u0107 weryfikowane przez pracownik\u00f3w realizatora Programu w miejscu zamieszkania uczestnika Programu.<\/p>\n\n\n\n<p>Gmina\/powiat, w pierwszej kolejno\u015bci umo\u017cliwi osobie z niepe\u0142nosprawno\u015bci\u0105 lub cz\u0142onkom rodziny\/opiekunom sprawuj\u0105cym bezpo\u015bredni\u0105 opiek\u0119 nad osob\u0105 z niepe\u0142nosprawno\u015bci\u0105 samodzielny wyb\u00f3r:<\/p>\n\n\n\n<ol>\n<li>miejsca, o kt\u00f3rym mowa w Programie w cz\u0119\u015bci V ust. 6 pkt 1 lit. e albo w ust. 6 pkt 1 lit. f oraz, o kt\u00f3rym mowa w ust. 6 pkt 2 lit. h albo w ust. 6 pkt 2 lit. i, z zastrze\u017ceniem, \u017ce wskazane zgodnie z ust. 6 pkt 1 lit. f, oraz ust. 6 pkt 2 lit. i miejsce spe\u0142nia kryteria dost\u0119pno\u015bci, o kt\u00f3rych mowa w ustawie z dnia z 19 lipca 2019 r. o zapewnieniu dost\u0119pno\u015bci osobom ze szczeg\u00f3lnymi potrzebami, a gmina\/powiat wyrazi uprzedni\u0105 zgod\u0119 na \u015bwiadczenie us\u0142ug opieki wytchnieniowej w tym miejscu;<\/li>\n\n\n\n<li>osoby, kt\u00f3ra b\u0119dzie \u015bwiadczy\u0107 us\u0142ug\u0119 opieki wytchnieniowej, z uwzgl\u0119dnieniem postanowie\u0144 cz\u0119\u015bci V ust. 8 pkt 3 oraz pkt 9.<\/li>\n<\/ol>\n\n\n\n<p>Us\u0142ugi opieki wytchnieniowej, o kt\u00f3rych mowa w ust. 6 pkt 1 lit. e, ust. 6 pkt 1 lit. f, ust. 6 pkt 2 lit. h oraz ust. 6 pkt 2 lit. i, mog\u0105 by\u0107 \u015bwiadczone, przez osoby nieb\u0119d\u0105ce cz\u0142onkami rodziny osoby z niepe\u0142nosprawno\u015bci\u0105, opiekunami osoby z niepe\u0142nosprawno\u015bci\u0105 lub osobami faktycznie zamieszkuj\u0105cymi razem z osob\u0105 z niepe\u0142nosprawno\u015bci\u0105, kt\u00f3re:<\/p>\n\n\n\n<ol>\n<li>posiadaj\u0105 dokument potwierdzaj\u0105cy uzyskanie kwalifikacji w zawodzie: asystent osoby niepe\u0142nosprawnej, piel\u0119gniarka, siostra PCK, opiekun osoby starszej, opiekun medyczny, pedagog, psycholog, terapeuta zaj\u0119ciowy, fizjoterapeuta lub<\/li>\n\n\n\n<li>posiadaj\u0105 co najmniej 6-miesi\u0119czne, udokumentowane do\u015bwiadczenie w udzielaniu bezpo\u015bredniej pomocy osobom z niepe\u0142nosprawno\u015bciami, np. do\u015bwiadczenie zawodowe, do\u015bwiadczenie w udzielaniu wsparcia osobom z niepe\u0142nosprawno\u015bciami w formie wolontariatu, lub<\/li>\n\n\n\n<li>zostan\u0105 wskazane przez uczestnika Programu w Karcie zg\u0142oszenia do Programu \u201eOpieka wytchnieniowa\u201d dla Jednostek Samorz\u0105du Terytorialnego \u2013 edycja 2025, kt\u00f3rej wz\u00f3r stanowi za\u0142\u0105cznik nr 7 do Programu.<\/li>\n<\/ol>\n\n\n\n<p>Na potrzeby realizacji Programu, za cz\u0142onk\u00f3w rodziny osoby z niepe\u0142nosprawno\u015bci\u0105 uznaje si\u0119 wst\u0119pnych oraz zst\u0119pnych, krewnych w linii bocznej, ma\u0142\u017conka, wst\u0119pnych oraz zst\u0119pnych ma\u0142\u017conka, krewnych w linii bocznej ma\u0142\u017conka, zi\u0119cia, synow\u0105, macoch\u0119, ojczyma oraz osob\u0119 pozostaj\u0105c\u0105 we wsp\u00f3lnym po\u017cyciu, a tak\u017ce osob\u0119 pozostaj\u0105c\u0105 w stosunku przysposobienia z osob\u0105 z niepe\u0142nosprawno\u015bci\u0105.<\/p>\n\n\n\n<p>Gmina\/powiat dokonuje rozliczenia us\u0142ug opieki wytchnieniowej na podstawie wype\u0142nionej Karty realizacji us\u0142ug opieki wytchnieniowej w ramach Programu \u201eOpieka wytchnieniowa\u201d dla Jednostek Samorz\u0105du Terytorialnego \u2013 edycja 2025, kt\u00f3rej wz\u00f3r stanowi za\u0142\u0105cznik nr 8 do Programu.<\/p>\n\n\n\n<p>Gmina\/powiat obowi\u0105zana\/y jest monitorowa\u0107 \u015bwiadczenie us\u0142ug opieki wytchnieniowej oraz dokonywa\u0107 dora\u017anych kontroli \u015bwiadczenia us\u0142ug opieki wytchnieniowej.<\/p>\n\n\n\n<p><strong>Osoba <strong>potrzebuj\u0105ca wsparcia w postaci us\u0142ug opieki wytchnieniowej sk\u0142ada w <\/strong>Miejskim O\u015brodku Pomocy Spo\u0142ecznej w Bia\u0142ej Podlaskiej \u2013 budynek przy ul. Marsza\u0142ka J\u00f3zefa Pi\u0142sudskiego 15 (pok\u00f3j 6), za po\u015brednictwem poczty na adres: Miejski O\u015brodek Pomocy Spo\u0142ecznej w Bia\u0142ej Podlaskiej, ul. Marsza\u0142ka J\u00f3zefa Pi\u0142sudskiego 24, 21-500 Bia\u0142a Podlaska lub poprzez ePUAP \u2013 komplet wype\u0142nionych i podpisanych dokument\u00f3w:<\/strong><\/p>\n\n\n\n<ol>\n<li><strong>Kart\u0119 zg\u0142oszenia <\/strong>do Programu <strong>\u201eOpieka wytchnieniowa\u201d <\/strong>dla Jednostek Samorz\u0105du Terytorialnego \u2013 edycja 2025.<\/li>\n\n\n\n<li><strong>Kserokopi\u0119 aktualnego orzeczenia <\/strong>o znacznym stopniu niepe\u0142nosprawno\u015bci, orzeczenia traktowanego na r\u00f3wni z orzeczeniem o znacznym stopniu niepe\u0142nosprawno\u015bci, zgodnie z art. 5 i art. 62 ustawy z dnia 27 sierpnia 1997 r. o rehabilitacji zawodowej i spo\u0142ecznej oraz zatrudnianiu os\u00f3b niepe\u0142nosprawnych <strong>lub <\/strong>orzeczenia o niepe\u0142nosprawno\u015bci<strong> (w przypadku <\/strong>dzieci od uko\u0144czenia 2. roku \u017cycia do uko\u0144czenia 16. roku \u017cycia).<\/li>\n\n\n\n<li>O\u015bwiadczenie cz\u0142onka rodziny lub opiekuna, ubiegaj\u0105cego si\u0119 o przyznanie us\u0142ug opieki wytchnieniowej o sprawowaniu bezpo\u015bredniej opieki nad osob\u0105 z niepe\u0142nosprawno\u015bci\u0105 i zamieszkiwaniu z ni\u0105 we wsp\u00f3lnym gospodarstwie domowym.<\/li>\n\n\n\n<li>Obowi\u0105zek informacyjny RODO.<br>\u2013 <strong>w terminie do dnia 28 lutego 2025 r.<\/strong><\/li>\n<\/ol>\n\n\n\n<p>Po up\u0142ywie ww. terminu karty zg\u0142oszenia b\u0119d\u0105 przyjmowane\/rozpatrywane wg kolejno\u015bci, do wyczerpania limitu godzin\/dni przewidzianych do realizacji w poszczeg\u00f3lnych formach Programu.<\/p>\n\n\n\n<p>Z\u0142o\u017cenie karty zg\u0142oszenia do Programu nie jest r\u00f3wnoznaczne z przyznaniem us\u0142ug opieki wytchnieniowej.<\/p>\n\n\n\n<p>Zgodnie z cz\u0119\u015bci\u0105 V ust. 30 Programu realizator Programu mo\u017ce okre\u015bli\u0107 zasady przyjmowania zg\u0142osze\u0144 do Programu, z&nbsp;zastrze\u017ceniem zachowania warunk\u00f3w okre\u015blonych w Programie.<\/p>\n\n\n\n<p>Szczeg\u00f3\u0142owe informacje dotycz\u0105ce Programu mo\u017cna uzyska\u0107 w Miejskim O\u015brodku Pomocy Spo\u0142ecznej w Bia\u0142ej Podlaskiej \u2013 budynek przy ul. Marsza\u0142ka J\u00f3zefa Pi\u0142sudskiego 15, pok\u00f3j nr 6, nr telefonu: <strong>83&nbsp;344 46 14, &nbsp;83&nbsp;344 46 12.<\/strong><\/p>\n\n\n\n<p>Do pobrania:<\/p>\n\n\n\n<p><a href=\"https:\/\/archiwum.mops-bialapodlaska.pl\/wp-content\/uploads\/2025\/02\/Zalacznik-nr-7-do-Programu-OW-JST-2025_karta-zgloszenia.docx\"><mark style=\"background-color:rgba(0, 0, 0, 0)\" class=\"has-inline-color has-vivid-cyan-blue-color\">Karta zg\u0142oszenia do Programu <strong>\u201eOpieka wytchnieniowa\u201d <\/strong>dla Jednostek Samorz\u0105du Terytorialnego \u2013 edycja 2025 (<strong>za\u0142\u0105cznik nr 7 do Programu)<\/strong><\/mark><\/a><\/p>\n\n\n\n<p><a href=\"https:\/\/archiwum.mops-bialapodlaska.pl\/wp-content\/uploads\/2025\/02\/Oswiadczenie_o_sprawowaniu_opieki_OW_2025.docx\"><mark style=\"background-color:rgba(0, 0, 0, 0)\" class=\"has-inline-color has-vivid-cyan-blue-color\">O\u015bwiadczenie cz\u0142onka rodziny lub opiekuna, ubiegaj\u0105cego si\u0119 o przyznanie us\u0142ug opieki wytchnieniowej o sprawowaniu bezpo\u015bredniej opieki nad osob\u0105 z niepe\u0142nosprawno\u015bci\u0105 i zamieszkiwaniu we wsp\u00f3lnym gospodarstwie domowym<\/mark><\/a><\/p>\n\n\n\n<p><a href=\"https:\/\/archiwum.mops-bialapodlaska.pl\/wp-content\/uploads\/2025\/02\/Obowiazek_informacyjny_OW_2025.docx\"><mark style=\"background-color:rgba(0, 0, 0, 0)\" class=\"has-inline-color has-vivid-cyan-blue-color\">Obowi\u0105zek informacyjny RODO<\/mark><\/a><\/p>\n\n\n\n<p>Program <strong>\u201eOpieka wytchnieniowa\u201d <\/strong>dla Jednostek Samorz\u0105du Terytorialnego \u2013 edycja 2025<\/p>\n","protected":false},"excerpt":{"rendered":"<p>Program \u201eOpieka wytchnieniowa\u201d dla Jednostek Samorz\u0105du Terytorialnego \u2013 edycja 2025 Gmina Miejska Bia\u0142a Podlaska otrzyma\u0142a dofinansowanie ze \u015brodk\u00f3w Funduszu Solidarno\u015bciowego na&nbsp;realizacj\u0119 resortowego Programu Ministra Rodziny, Pracy i Polityki Spo\u0142ecznej \u201eOpieka wytchnieniowa\u201d dla&nbsp;Jednostek Samorz\u0105du Terytorialnego \u2013 edycja 2025. Program realizuje Miejski O\u015brodek Pomocy Spo\u0142ecznej w Bia\u0142ej Podlaskiej. Na realizacj\u0119 Programu przyznano \u015brodki finansowe w&nbsp;wysoko\u015bci 995 928,00 [&hellip;]<\/p>\n","protected":false},"author":1,"featured_media":0,"parent":0,"menu_order":0,"comment_status":"closed","ping_status":"closed","template":"","meta":[],"_links":{"self":[{"href":"https:\/\/archiwum.mops-bialapodlaska.pl\/index.php?rest_route=\/wp\/v2\/pages\/4311"}],"collection":[{"href":"https:\/\/archiwum.mops-bialapodlaska.pl\/index.php?rest_route=\/wp\/v2\/pages"}],"about":[{"href":"https:\/\/archiwum.mops-bialapodlaska.pl\/index.php?rest_route=\/wp\/v2\/types\/page"}],"author":[{"embeddable":true,"href":"https:\/\/archiwum.mops-bialapodlaska.pl\/index.php?rest_route=\/wp\/v2\/users\/1"}],"replies":[{"embeddable":true,"href":"https:\/\/archiwum.mops-bialapodlaska.pl\/index.php?rest_route=%2Fwp%2Fv2%2Fcomments&post=4311"}],"version-history":[{"count":6,"href":"https:\/\/archiwum.mops-bialapodlaska.pl\/index.php?rest_route=\/wp\/v2\/pages\/4311\/revisions"}],"predecessor-version":[{"id":4370,"href":"https:\/\/archiwum.mops-bialapodlaska.pl\/index.php?rest_route=\/wp\/v2\/pages\/4311\/revisions\/4370"}],"wp:attachment":[{"href":"https:\/\/archiwum.mops-bialapodlaska.pl\/index.php?rest_route=%2Fwp%2Fv2%2Fmedia&parent=4311"}],"curies":[{"name":"wp","href":"https:\/\/api.w.org\/{rel}","templated":true}]}}