{"id":4284,"date":"2024-12-27T09:01:16","date_gmt":"2024-12-27T08:01:16","guid":{"rendered":"https:\/\/archiwum.mops-bialapodlaska.pl\/?page_id=4284"},"modified":"2024-12-27T09:03:03","modified_gmt":"2024-12-27T08:03:03","slug":"program-asystent-osobisty-osoby-z-niepelnosprawnoscia-dla-jednostek-samorzadu-terytorialnego-%e2%88%92-edycja-2025","status":"publish","type":"page","link":"https:\/\/archiwum.mops-bialapodlaska.pl\/?page_id=4284","title":{"rendered":"<strong>Program \u201eAsystent osobisty osoby z niepe\u0142nosprawno\u015bci\u0105\u201d dla Jednostek Samorz\u0105du Terytorialnego \u2212 edycja 2025<\/strong>"},"content":{"rendered":"\n<h2><strong>Program \u201eAsystent osobisty osoby z niepe\u0142nosprawno\u015bci\u0105\u201d dla Jednostek Samorz\u0105du Terytorialnego \u2212 edycja 2025<\/strong><\/h2>\n\n\n\n<p>Miasto Bia\u0142a Podlaska otrzyma\u0142o dofinansowanie ze \u015brodk\u00f3w Funduszu Solidarno\u015bciowego na realizacj\u0119 resortowego Programu Ministra Rodziny, Pracy i Polityki Spo\u0142ecznej \u201eAsystent osobisty osoby z niepe\u0142nosprawno\u015bci\u0105\u201d dla Jednostek Samorz\u0105du Terytorialnego \u2212 edycja 2025. Program realizuje Miejski O\u015brodek Pomocy Spo\u0142ecznej w Bia\u0142ej Podlaskiej.<br>Na realizacj\u0119 Programu przyznano \u015brodki finansowe w wysoko\u015bci 2\u00a0924 594,18<strong> <\/strong>z\u0142.<\/p>\n\n\n\n<p>G\u0142\u00f3wnym celem Programu jest wprowadzenie us\u0142ug asystencji osobistej jako formy og\u00f3lnodost\u0119pnego wsparcia w wykonywaniu codziennych czynno\u015bci oraz funkcjonowaniu w \u017cyciu spo\u0142ecznym. Us\u0142ugi asystenckie mog\u0105 uzupe\u0142nia\u0107 us\u0142ugi opieku\u0144cze, nie mog\u0105 ich jednak zast\u0119powa\u0107.<\/p>\n\n\n\n<p>Adresatami Programu s\u0105 nast\u0119puj\u0105ce osoby:<\/p>\n\n\n\n<ol>\n<li>dzieci od uko\u0144czenia 2. roku \u017cycia do uko\u0144czenia 16. roku \u017cycia posiadaj\u0105ce orzeczenie o niepe\u0142nosprawno\u015bci \u0142\u0105cznie ze wskazaniami w pkt 7 i 8 orzeczenia o niepe\u0142nosprawno\u015bci \u2013 konieczno\u015bci sta\u0142ej lub d\u0142ugotrwa\u0142ej opieki lub pomocy innej osoby w zwi\u0105zku ze znacznie ograniczon\u0105 mo\u017cliwo\u015bci\u0105 samodzielnej egzystencji oraz konieczno\u015bci sta\u0142ego wsp\u00f3\u0142udzia\u0142u na co dzie\u0144 opiekuna dziecka w procesie jego leczenia, rehabilitacji i edukacji oraz<\/li>\n\n\n\n<li>osoby z niepe\u0142nosprawno\u015bciami posiadaj\u0105ce orzeczenie:<br>a) o znacznym stopniu niepe\u0142nosprawno\u015bci albo<br>b) o umiarkowanym stopniu niepe\u0142nosprawno\u015bci albo<br>c) traktowane na r\u00f3wni z orzeczeniami wymienionymi w lit. a i b, zgodnie z art. 5 i art. 62 ustawy z dnia 27 sierpnia 1997 r. o rehabilitacji zawodowej i spo\u0142ecznej oraz zatrudnianiu os\u00f3b niepe\u0142nosprawnych (Dz. U. z 2024 r. poz. 44, z p\u00f3\u017an. zm.).<\/li>\n<\/ol>\n\n\n\n<p>Us\u0142ugi asystencji osobistej wpisuj\u0105 si\u0119 w jeden z g\u0142\u00f3wnych cel\u00f3w Funduszu Solidarno\u015bciowego, tj. wsparcie spo\u0142eczne os\u00f3b niepe\u0142nosprawnych.<\/p>\n\n\n\n<p>Celem rozpowszechnienia us\u0142ug asystencji osobistej jest zwi\u0119kszenie szans os\u00f3b z niepe\u0142nosprawno\u015bciami na prowadzenie bardziej niezale\u017cnego\/samodzielnego i aktywnego \u017cycia. Tak wi\u0119c, nadrz\u0119dnym celem us\u0142ug asystencji osobistej powinno by\u0107 d\u0105\u017cenie do poprawy funkcjonowania osoby z niepe\u0142nosprawno\u015bci\u0105 w jej \u015brodowisku, zwi\u0119kszenia mo\u017cliwo\u015bci zaspokajania jej potrzeb oraz w\u0142\u0105czenia jej w \u017cycie spo\u0142eczne.<\/p>\n\n\n\n<p>Dodatkowym za\u0142o\u017ceniem jest, aby minimum 50% uczestnik\u00f3w Programu stanowi\u0142y osoby wymagaj\u0105ce wysokiego poziomu wsparcia(tj. osoby posiadaj\u0105ce orzeczenie o znacznym stopniu niepe\u0142nosprawno\u015bci lub orzeczenie traktowane na r\u00f3wni z orzeczeniem o znacznym stopniu niepe\u0142nosprawno\u015bci, zgodnie z art. 5 i art. 62 ustawy z dnia 27 sierpnia 1997 r. o rehabilitacji zawodowej i spo\u0142ecznej oraz zatrudnianiu os\u00f3b niepe\u0142nosprawnych, dzieci od uko\u0144czenia 2. roku \u017cycia do uko\u0144czenia 16. roku \u017cycia z orzeczeniem o niepe\u0142nosprawno\u015bci \u0142\u0105cznie ze wskazaniami w pkt 7 i 8 w orzeczeniu o niepe\u0142nosprawno\u015bci &#8211; konieczno\u015bci sta\u0142ej lub d\u0142ugotrwa\u0142ej opieki lub pomocy innej osoby w zwi\u0105zku ze znacznie ograniczon\u0105 mo\u017cliwo\u015bci\u0105 samodzielnej egzystencji oraz konieczno\u015bci sta\u0142ego wsp\u00f3\u0142udzia\u0142u na co dzie\u0144 opiekuna dziecka w procesie jego leczenia, rehabilitacji i edukacji oraz osoby z niepe\u0142nosprawno\u015bciami sprz\u0119\u017conymi (przez niepe\u0142nosprawno\u015b\u0107 sprz\u0119\u017con\u0105 rozumie si\u0119 posiadanie orzeczenia o niepe\u0142nosprawno\u015bci ze wskazaniem co najmniej dw\u00f3ch niepe\u0142nosprawno\u015bci).<\/p>\n\n\n\n<p>Us\u0142ugi asystencji osobistej polegaj\u0105 na wspieraniu przez asystenta osoby z niepe\u0142nosprawno\u015bci\u0105 w r\u00f3\u017cnych sferach \u017cycia, w tym:<\/p>\n\n\n\n<ol>\n<li>wsparcia uczestnika w czynno\u015bciach samoobs\u0142ugowych, w tym utrzymaniu higieny osobistej;<\/li>\n\n\n\n<li>wsparcia uczestnika w prowadzeniu gospodarstwa domowego i wype\u0142nianiu r\u00f3l w rodzinie;<\/li>\n\n\n\n<li>wsparcia uczestnika w przemieszczaniu si\u0119 poza miejscem zamieszkania;<\/li>\n\n\n\n<li>wsparcia uczestnika w podejmowaniu aktywno\u015bci \u017cyciowej i komunikowaniu si\u0119 z otoczeniem.<\/li>\n<\/ol>\n\n\n\n<p>Realizacja Programu umo\u017cliwi osobom z niepe\u0142nosprawno\u015bciami podejmowanie aktywno\u015bci oraz uczestnictwo w \u017cyciu lokalnej spo\u0142eczno\u015bci. Przyczyni si\u0119 do ograniczenia skutk\u00f3w niepe\u0142nosprawno\u015bci i umo\u017cliwi osobom z niepe\u0142nosprawno\u015bci\u0105 realizowanie prawa do niezale\u017cnego \u017cycia.<\/p>\n","protected":false},"excerpt":{"rendered":"<p>Program \u201eAsystent osobisty osoby z niepe\u0142nosprawno\u015bci\u0105\u201d dla Jednostek Samorz\u0105du Terytorialnego \u2212 edycja 2025 Miasto Bia\u0142a Podlaska otrzyma\u0142o dofinansowanie ze \u015brodk\u00f3w Funduszu Solidarno\u015bciowego na realizacj\u0119 resortowego Programu Ministra Rodziny, Pracy i Polityki Spo\u0142ecznej \u201eAsystent osobisty osoby z niepe\u0142nosprawno\u015bci\u0105\u201d dla Jednostek Samorz\u0105du Terytorialnego \u2212 edycja 2025. Program realizuje Miejski O\u015brodek Pomocy Spo\u0142ecznej w Bia\u0142ej Podlaskiej.Na realizacj\u0119 Programu [&hellip;]<\/p>\n","protected":false},"author":1,"featured_media":0,"parent":0,"menu_order":0,"comment_status":"closed","ping_status":"closed","template":"","meta":[],"_links":{"self":[{"href":"https:\/\/archiwum.mops-bialapodlaska.pl\/index.php?rest_route=\/wp\/v2\/pages\/4284"}],"collection":[{"href":"https:\/\/archiwum.mops-bialapodlaska.pl\/index.php?rest_route=\/wp\/v2\/pages"}],"about":[{"href":"https:\/\/archiwum.mops-bialapodlaska.pl\/index.php?rest_route=\/wp\/v2\/types\/page"}],"author":[{"embeddable":true,"href":"https:\/\/archiwum.mops-bialapodlaska.pl\/index.php?rest_route=\/wp\/v2\/users\/1"}],"replies":[{"embeddable":true,"href":"https:\/\/archiwum.mops-bialapodlaska.pl\/index.php?rest_route=%2Fwp%2Fv2%2Fcomments&post=4284"}],"version-history":[{"count":2,"href":"https:\/\/archiwum.mops-bialapodlaska.pl\/index.php?rest_route=\/wp\/v2\/pages\/4284\/revisions"}],"predecessor-version":[{"id":4286,"href":"https:\/\/archiwum.mops-bialapodlaska.pl\/index.php?rest_route=\/wp\/v2\/pages\/4284\/revisions\/4286"}],"wp:attachment":[{"href":"https:\/\/archiwum.mops-bialapodlaska.pl\/index.php?rest_route=%2Fwp%2Fv2%2Fmedia&parent=4284"}],"curies":[{"name":"wp","href":"https:\/\/api.w.org\/{rel}","templated":true}]}}