{"id":4244,"date":"2024-12-02T17:43:09","date_gmt":"2024-12-02T16:43:09","guid":{"rendered":"https:\/\/archiwum.mops-bialapodlaska.pl\/?page_id=4244"},"modified":"2024-12-03T17:55:41","modified_gmt":"2024-12-03T16:55:41","slug":"program-asystent-osobisty-osoby-z-niepelnosprawnoscia-dla-jednostek-samorzadu-terytorialnego-edycja-2025-wzory-drukow","status":"publish","type":"page","link":"https:\/\/archiwum.mops-bialapodlaska.pl\/?page_id=4244","title":{"rendered":"Program \u201eAsystent osobisty osoby z\u00a0niepe\u0142nosprawno\u015bci\u0105\u201d dla Jednostek Samorz\u0105du Terytorialnego \u2013 edycja 2025\u201d"},"content":{"rendered":"\n<h2><strong>Program \u201eAsystent osobisty osoby z\u00a0niepe\u0142nosprawno\u015bci\u0105\u201d dla Jednostek Samorz\u0105du Terytorialnego \u2013 edycja 2025\u201d <\/strong><\/h2>\n\n\n\n<p><img decoding=\"async\" loading=\"lazy\" width=\"497\" height=\"148\" class=\"wp-image-4254\" style=\"width: 1500px;\" src=\"https:\/\/archiwum.mops-bialapodlaska.pl\/wp-content\/uploads\/2024\/12\/logo_mrpips_2024.jpg\" alt=\"\" srcset=\"https:\/\/archiwum.mops-bialapodlaska.pl\/wp-content\/uploads\/2024\/12\/logo_mrpips_2024.jpg 497w, https:\/\/archiwum.mops-bialapodlaska.pl\/wp-content\/uploads\/2024\/12\/logo_mrpips_2024-300x89.jpg 300w\" sizes=\"(max-width: 497px) 100vw, 497px\" \/><\/p>\n\n\n\n<p><strong>Og\u0142oszenie o naborze kart zg\u0142osze\u0144 do Programu \u201eAsystent osobisty osoby z niepe\u0142nosprawno\u015bci\u0105\u201d dla\u00a0Jednostek Samorz\u0105du Terytorialnego \u2212 edycja 2025<\/strong><\/p>\n\n\n\n<p>Miasto Bia\u0142a Podlaska przyst\u0105pi\u0142o do Programu Ministra Rodziny, Pracy i Polityki Spo\u0142ecznej \u201eAsystent osobisty osoby z niepe\u0142nosprawno\u015bci\u0105\u201d dla\u00a0Jednostek Samorz\u0105du Terytorialnego \u2212 edycja 2025, finansowanego ze \u015brodk\u00f3w Funduszu Solidarno\u015bciowego. Program b\u0119dzie realizowany przez Miejski O\u015brodek Pomocy Spo\u0142ecznej w\u00a0Bia\u0142ej Podlaskiej w 2025 roku.<\/p>\n\n\n\n<p>Rozpocz\u0119cie realizacji Programu planowane jest po zawarciu umowy z Wojewod\u0105 Lubelskim w sprawie realizacji zadania w ramach resortowego Programu Ministra Rodziny, Pracy i\u00a0Polityki Spo\u0142ecznej \u201eAsystent osobisty osoby z niepe\u0142nosprawno\u015bci\u0105\u201d dla Jednostek Samorz\u0105du Terytorialnego \u2013 edycja 2025.<\/p>\n\n\n\n<p>G\u0142\u00f3wnym celem Programu jest wprowadzenie us\u0142ug asystencji osobistej jako formy og\u00f3lnodost\u0119pnego wsparcia w wykonywaniu codziennych czynno\u015bci oraz funkcjonowaniu w\u00a0\u017cyciu spo\u0142ecznym. Us\u0142ugi asystenckie mog\u0105 uzupe\u0142nia\u0107 us\u0142ugi opieku\u0144cze, nie mog\u0105 ich jednak zast\u0119powa\u0107.<\/p>\n\n\n\n<p>Adresatami Programu s\u0105:<\/p>\n\n\n\n<ol>\n<li>dzieci od uko\u0144czenia 2. roku \u017cycia do uko\u0144czenia 16. roku \u017cycia posiadaj\u0105ce orzeczenie o\u00a0niepe\u0142nosprawno\u015bci \u0142\u0105cznie ze wskazaniami w pkt 7 i 8 w orzeczeniu o\u00a0niepe\u0142nosprawno\u015bci \u2013 konieczno\u015bci sta\u0142ej lub\u00a0d\u0142ugotrwa\u0142ej opieki lub pomocy innej osoby w zwi\u0105zku ze znacznie ograniczon\u0105 mo\u017cliwo\u015bci\u0105 samodzielnej egzystencji oraz\u00a0konieczno\u015bci sta\u0142ego wsp\u00f3\u0142udzia\u0142u na co dzie\u0144 opiekuna dziecka w procesie jego\u00a0leczenia, rehabilitacji i edukacji oraz<\/li>\n\n\n\n<li>osoby z niepe\u0142nosprawno\u015bciami posiadaj\u0105ce orzeczenie:<br>a) o znacznym stopniu niepe\u0142nosprawno\u015bci albo<br>b) o umiarkowanym stopniu niepe\u0142nosprawno\u015bci albo<br>c) traktowane na r\u00f3wni z orzeczeniami wymienionymi w lit. a i b, zgodnie z art. 5 i art. 62 ustawy z dnia 27 sierpnia 1997 r. o rehabilitacji zawodowej i spo\u0142ecznej oraz zatrudnianiu os\u00f3b niepe\u0142nosprawnych.<\/li>\n<\/ol>\n\n\n\n<p>Us\u0142ugi asystencji osobistej polegaj\u0105 na wspieraniu przez asystenta osoby z\u00a0niepe\u0142nosprawno\u015bci\u0105 w r\u00f3\u017cnych sferach \u017cycia, w tym:<\/p>\n\n\n\n<ol>\n<li>wsparcia uczestnika w czynno\u015bciach samoobs\u0142ugowych, w tym utrzymaniu higieny osobistej;<\/li>\n\n\n\n<li>wsparcia uczestnika w prowadzeniu gospodarstwa domowego i wype\u0142nianiu r\u00f3l w\u00a0rodzinie;<\/li>\n\n\n\n<li>wsparcia uczestnika w przemieszczaniu si\u0119 poza miejscem zamieszkania;<\/li>\n\n\n\n<li>wsparcia uczestnika w podejmowaniu aktywno\u015bci \u017cyciowej i komunikowaniu si\u0119 z\u00a0otoczeniem.<\/li>\n<\/ol>\n\n\n\n<p>Wz\u00f3r karty zakresu czynno\u015bci w ramach us\u0142ugi asystencji osobistej do Programu \u201eAsystent osobisty osoby z niepe\u0142nosprawno\u015bci\u0105\u201d dla Jednostek Samorz\u0105du Terytorialnego \u2013 edycja 2025, stanowi za\u0142\u0105cznik nr 8 do Programu.<\/p>\n\n\n\n<p>Zadaniem asystenta nie jest podejmowanie decyzji za osob\u0119 z niepe\u0142nosprawno\u015bci\u0105, lecz\u00a0wy\u0142\u0105cznie udzielenie jej pomocy lub wsparcia w realizacji osobistych cel\u00f3w.<br>Asystent realizuje us\u0142ugi wy\u0142\u0105cznie na rzecz osoby z niepe\u0142nosprawno\u015bci\u0105, na podstawie jej decyzji lub decyzji opiekuna prawnego, a nie dla os\u00f3b trzecich, w tym cz\u0142onk\u00f3w rodziny osoby z niepe\u0142nosprawno\u015bci\u0105.<\/p>\n\n\n\n<p>Limit godzin us\u0142ug asystencji osobistej finansowanych ze \u015brodk\u00f3w Funduszu Solidarno\u015bciowego przypadaj\u0105cych na jedn\u0105 osob\u0119 z niepe\u0142nosprawno\u015bci\u0105 w danym roku kalendarzowym wynosi nie wi\u0119cej ni\u017c:<\/p>\n\n\n\n<ol>\n<li>840 godzin rocznie dla os\u00f3b z niepe\u0142nosprawno\u015bciami posiadaj\u0105cych orzeczenie:<br>a) o znacznym stopniu niepe\u0142nosprawno\u015bci z niepe\u0142nosprawno\u015bci\u0105 sprz\u0119\u017con\u0105,<br>b) traktowane na r\u00f3wni z orzeczeniem o znacznym stopniu niepe\u0142nosprawno\u015bci, zgodnie z\u00a0art. 5 i art. 62 ustawy z dnia 27 sierpnia 1997 r. o rehabilitacji zawodowej i spo\u0142ecznej oraz zatrudnianiu os\u00f3b niepe\u0142nosprawnych, z niepe\u0142nosprawno\u015bci\u0105 sprz\u0119\u017con\u0105;<\/li>\n\n\n\n<li>720 godzin rocznie dla os\u00f3b z niepe\u0142nosprawno\u015bciami posiadaj\u0105cych orzeczenie:<br>a) o znacznym stopniu niepe\u0142nosprawno\u015bci,<br>b) traktowane na r\u00f3wni z orzeczeniem o znacznym stopniu niepe\u0142nosprawno\u015bci, zgodnie z\u00a0art. 5 i art. 62 ustawy z dnia 27 sierpnia 1997 r. o rehabilitacji zawodowej i spo\u0142ecznej oraz zatrudnianiu os\u00f3b niepe\u0142nosprawnych;<\/li>\n\n\n\n<li>480 godzin rocznie dla os\u00f3b z niepe\u0142nosprawno\u015bciami posiadaj\u0105cych orzeczenie:<br>a) o umiarkowanym stopniu niepe\u0142nosprawno\u015bci z niepe\u0142nosprawno\u015bci\u0105 sprz\u0119\u017con\u0105,<br>b) traktowane na r\u00f3wni z orzeczeniem o umiarkowanym stopniu niepe\u0142nosprawno\u015bci, zgodnie z art. 5 i art. 62 ustawy z dnia 27 sierpnia 1997 r. o rehabilitacji zawodowej i\u00a0spo\u0142ecznej oraz zatrudnianiu os\u00f3b niepe\u0142nosprawnych, z niepe\u0142nosprawno\u015bci\u0105 sprz\u0119\u017con\u0105;<\/li>\n\n\n\n<li>360 godzin rocznie dla:<br>a) os\u00f3b z niepe\u0142nosprawno\u015bciami posiadaj\u0105cych orzeczenie o umiarkowanym stopniu niepe\u0142nosprawno\u015bci,<br>b) os\u00f3b z niepe\u0142nosprawno\u015bciami posiadaj\u0105cych orzeczenie traktowane na r\u00f3wni z\u00a0orzeczeniem o umiarkowanym stopniu niepe\u0142nosprawno\u015bci, zgodnie z art. 5 i\u00a0art. 62 ustawy z dnia 27 sierpnia 1997 r. o rehabilitacji zawodowej i spo\u0142ecznej oraz zatrudnianiu os\u00f3b niepe\u0142nosprawnych,<br>c) dzieci od uko\u0144czenia 2. roku \u017cycia do uko\u0144czenia 16. roku \u017cycia z orzeczeniem o\u00a0niepe\u0142nosprawno\u015bci \u0142\u0105cznie ze\u00a0wskazaniami w pkt 7 i 8 w orzeczeniu o\u00a0niepe\u0142nosprawno\u015bci \u2013 konieczno\u015bci sta\u0142ej lub d\u0142ugotrwa\u0142ej opieki lub pomocy innej osoby w zwi\u0105zku ze znacznie ograniczon\u0105 mo\u017cliwo\u015bci\u0105 samodzielnej egzystencji oraz konieczno\u015bci sta\u0142ego wsp\u00f3\u0142udzia\u0142u na co dzie\u0144 opiekuna dziecka w procesie jego leczenia, rehabilitacji i edukacji.<\/li>\n<\/ol>\n\n\n\n<p>Przez niepe\u0142nosprawno\u015b\u0107 sprz\u0119\u017con\u0105 rozumie si\u0119 posiadanie orzeczenia o niepe\u0142nosprawno\u015bci ze wskazaniem co najmniej dw\u00f3ch niepe\u0142nosprawno\u015bci.<br>Limit dotyczy godzin us\u0142ug asystencji osobistej \u015bwiadczonych w ramach wszystkich program\u00f3w Ministra w zakresie us\u0142ug asystencji osobistej.<br>O wszelkich zmianach maj\u0105cych wp\u0142yw na prawo do korzystania z us\u0142ug asystenta albo\u00a0na\u00a0wymiar limitu godzin us\u0142ug asystencji osobistej (np. utrata statusu osoby z\u00a0niepe\u0142nosprawno\u015bci\u0105, zmiana stopnia niepe\u0142nosprawno\u015bci, korzystanie w danym roku kalendarzowym z us\u0142ug asystencji osobistej finansowanych ze \u015brodk\u00f3w z Funduszu w ramach innych program\u00f3w Ministra dotycz\u0105cych us\u0142ug asystencji osobistej) uczestnik obowi\u0105zany jest niezw\u0142ocznie poinformowa\u0107 realizatora Programu, nie p\u00f3\u017aniej ni\u017c w ci\u0105gu 7 dni od dnia nast\u0105pienia zmiany.<br>Zmiana stopnia niepe\u0142nosprawno\u015bci uczestnika lub korzystanie przez uczestnika w danym roku kalendarzowym z us\u0142ug asystencji osobistej finansowanych ze \u015brodk\u00f3w z Funduszu w\u00a0ramach innych program\u00f3w Ministra, b\u0119dzie skutkowa\u0107 zmian\u0105 przys\u0142uguj\u0105cego uczestnikowi limitu godzin us\u0142ug asystencji osobistej finansowanych ze \u015brodk\u00f3w z Funduszu w ramach Programu w danym roku kalendarzowym. Nowy limit, z uwzgl\u0119dnieniem wcze\u015bniej wykorzystanych w danym roku kalendarzowym godzin us\u0142ug asystencji osobistej finansowanych ze \u015brodk\u00f3w Funduszu w ramach Programu b\u0105d\u017a innych program\u00f3w Ministra, b\u0119dzie ustalany od dnia, w\u00a0kt\u00f3rym nast\u0105pi\u0142y zmiany ww. okoliczno\u015bci.<\/p>\n\n\n\n<p>Za realizacj\u0119 us\u0142ugi asystencji osobistej w ramach Programu uczestnik nie ponosi odp\u0142atno\u015bci.<\/p>\n\n\n\n<p>Us\u0142ugi asystencji osobistej mog\u0105 \u015bwiadczy\u0107 osoby, nieb\u0119d\u0105ce cz\u0142onkami rodziny uczestnika, opiekunami prawnymi uczestnika lub osobami faktycznie zamieszkuj\u0105cymi razem z\u00a0uczestnikiem:<\/p>\n\n\n\n<ol>\n<li>posiadaj\u0105ce dokument potwierdzaj\u0105cy uzyskanie kwalifikacji w\u00a0nast\u0119puj\u0105cych zawodach i\u00a0specjalno\u015bciach: asystent osoby niepe\u0142nosprawnej, opiekun osoby starszej, opiekun medyczny, pedagog, psycholog, terapeuta zaj\u0119ciowy, piel\u0119gniarka, siostra PCK, fizjoterapeuta lub, za zgod\u0105 realizatora Programu, w innych zawodach i specjalno\u015bciach o\u00a0charakterze medycznym lub opieku\u0144czym lub<\/li>\n\n\n\n<li>posiadaj\u0105ce co najmniej 6-miesi\u0119czne, udokumentowane do\u015bwiadczenie w\u00a0udzielaniu bezpo\u015bredniej pomocy osobom z niepe\u0142nosprawno\u015bciami, np. do\u015bwiadczenie zawodowe, udzielanie wsparcia osobom z niepe\u0142nosprawno\u015bciami w formie wolontariatu, lub<\/li>\n\n\n\n<li>wskazane przez uczestnika lub jego opiekuna prawnego (w przypadku osoby ma\u0142oletniej albo ubezw\u0142asnowolnionej ca\u0142kowicie) w Karcie zg\u0142oszenia do Programu \u201eAsystent osobisty osoby z niepe\u0142nosprawno\u015bci\u0105\u201d dla Jednostek Samorz\u0105du Terytorialnego \u2013 edycja 2025, kt\u00f3rej wz\u00f3r stanowi za\u0142\u0105cznik nr\u00a07 do Programu.<\/li>\n<\/ol>\n\n\n\n<p>Na potrzeby realizacji Programu za cz\u0142onk\u00f3w rodziny uczestnika uznaje si\u0119 wst\u0119pnych oraz\u00a0zst\u0119pnych, krewnych w linii bocznej, ma\u0142\u017conka, wst\u0119pnych oraz\u00a0zst\u0119pnych ma\u0142\u017conka, krewnych w linii bocznej ma\u0142\u017conka, zi\u0119cia, synow\u0105, macoch\u0119, ojczyma oraz osob\u0119 pozostaj\u0105c\u0105 we\u00a0wsp\u00f3lnym po\u017cyciu, a tak\u017ce osob\u0119 pozostaj\u0105c\u0105 w stosunku przysposobienia z\u00a0uczestnikiem.<\/p>\n\n\n\n<p>W pierwszej kolejno\u015bci, asystentem mo\u017ce zosta\u0107 osoba wskazana przez uczestnika lub jego opiekuna prawnego, z uwzgl\u0119dnieniem postanowie\u0144 cz\u0119\u015bci IV ust. 4 pkt 3. Je\u017celi asystent nie\u00a0zostanie wskazany przez uczestnika lub jego opiekuna prawnego, asystenta wskazuje gmina\/powiat lub inny podmiot, kt\u00f3remu gmina\/powiat zleci\u0142a realizacj\u0119 Programu, z\u00a0uwzgl\u0119dnieniem postanowie\u0144 ust. 4 pkt 1 lub 2 Programu.<\/p>\n\n\n\n<p>Us\u0142ugi asystencji osobistej przyznawane s\u0105 na podstawie Karty zg\u0142oszenia do Programu \u201eAsystent osobisty osoby z niepe\u0142nosprawno\u015bci\u0105\u201d dla Jednostek Samorz\u0105du Terytorialnego \u2013 edycja 2025, kt\u00f3rej wz\u00f3r stanowi za\u0142\u0105cznik nr\u00a07 do Programu.<\/p>\n\n\n\n<p>Gmina\/powiat, przyznaj\u0105c us\u0142ugi asystencji osobistej, w pierwszej kolejno\u015bci uwzgl\u0119dnia potrzeby:<\/p>\n\n\n\n<ol>\n<li>os\u00f3b z niepe\u0142nosprawno\u015bciami samotnie gospodaruj\u0105cych, kt\u00f3re nie maj\u0105 mo\u017cliwo\u015bci korzystania ze wsparcia bliskich;<\/li>\n\n\n\n<li>os\u00f3b z niepe\u0142nosprawno\u015bciami wsp\u00f3lnie zamieszkuj\u0105cych i gospodaruj\u0105cych, kt\u00f3re nie maj\u0105 mo\u017cliwo\u015bci korzystania ze wsparcia bliskich.<\/li>\n<\/ol>\n\n\n\n<p><strong>Osoba z niepe\u0142nosprawno\u015bci\u0105 potrzebuj\u0105ca pomocy asystenta osobistego (lub jej opiekun prawny) sk\u0142ada <strong>w <\/strong>Miejskim O\u015brodku Pomocy Spo\u0142ecznej w Bia\u0142ej Podlaskiej \u2013 budynek przy ul. Marsza\u0142ka J\u00f3zefa Pi\u0142sudskiego 15 (pok\u00f3j nr 6), za po\u015brednictwem poczty na\u00a0adres: Miejski O\u015brodek Pomocy Spo\u0142ecznej w Bia\u0142ej Podlaskiej, ul. Marsza\u0142ka J\u00f3zefa Pi\u0142sudskiego 24, 21-500 Bia\u0142a Podlaska lub poprzez ePUAP \u2013 komplet wype\u0142nionych i\u00a0podpisanych dokument\u00f3w:<\/strong><\/p>\n\n\n\n<ol>\n<li>Kart\u0119 zg\u0142oszenia do\u00a0Programu Asystent osobisty osoby z niepe\u0142nosprawno\u015bci\u0105\u201d dla\u00a0Jednostek Samorz\u0105du Terytorialnego \u2013 edycja 2025 (za\u0142\u0105cznik nr\u00a07 do Programu),<\/li>\n\n\n\n<li>Kart\u0119 zakresu czynno\u015bci w ramach us\u0142ug asystencji osobistej do Programu Asystent osobisty osoby z niepe\u0142nosprawno\u015bci\u0105\u201d dla\u00a0Jednostek Samorz\u0105du Terytorialnego \u2013 edycja 2025 (za\u0142\u0105cznik nr 8 do Programu),<\/li>\n\n\n\n<li>Klauzul\u0119 informacyjn\u0105 RODO Ministra Rodziny, Pracy i Polityki Spo\u0142ecznej w ramach Programu \u201eAsystent osobisty osoby z\u00a0niepe\u0142nosprawno\u015bci\u0105\u201d dla Jednostek Samorz\u0105du Terytorialnego \u2013 edycja 2025 (za\u0142\u0105cznik nr 15 do Programu),<\/li>\n\n\n\n<li>Obowi\u0105zek informacyjny RODO,<\/li>\n\n\n\n<li>Kserokopi\u0119 aktualnego orzeczenia o\u00a0znacznym lub umiarkowanym stopniu niepe\u0142nosprawno\u015bci albo orzeczenia traktowanego na r\u00f3wni z ww. wymienionymi orzeczeniami, zgodnie z art. 5 i art. 62 ustawy z dnia 27 sierpnia 1997 r. o rehabilitacji zawodowej i spo\u0142ecznej oraz zatrudnianiu os\u00f3b niepe\u0142nosprawnych lub, w przypadku dzieci od uko\u0144czenia 2. roku \u017cycia do uko\u0144czenia 16. roku \u017cycia, orzeczenie o\u00a0niepe\u0142nosprawno\u015bci \u0142\u0105cznie ze\u00a0wskazaniami w pkt 7 i 8 w orzeczeniu o\u00a0niepe\u0142nosprawno\u015bci \u2013 konieczno\u015bci sta\u0142ej lub d\u0142ugotrwa\u0142ej opieki lub\u00a0pomocy innej osoby w\u00a0zwi\u0105zku ze znacznie ograniczon\u0105 mo\u017cliwo\u015bci\u0105 samodzielnej egzystencji oraz konieczno\u015bci sta\u0142ego wsp\u00f3\u0142udzia\u0142u na co dzie\u0144 opiekuna dziecka w procesie jego leczenia, rehabilitacji i edukacji,<\/li>\n<\/ol>\n\n\n\n<p>\u2013 <strong>w terminie do dnia 20 grudnia 2024 r.<\/strong><\/p>\n\n\n\n<p>Po up\u0142ywie ww. terminu karty zg\u0142oszenia b\u0119d\u0105 przyjmowane\/rozpatrywane wg kolejno\u015bci, z\u00a0uwzgl\u0119dnieniem cz\u0119\u015bci IV ust. 9 Programu, do\u00a0wyczerpania limitu godzin\/\u015brodk\u00f3w przewidzianych do realizacji w Programie.<\/p>\n\n\n\n<p>Szczeg\u00f3\u0142owe informacje dotycz\u0105ce Programu mo\u017cna uzyska\u0107 w Miejskim O\u015brodku Pomocy Spo\u0142ecznej w Bia\u0142ej Podlaskiej \u2013 budynek przy ul. Marsza\u0142ka J\u00f3zefa Pi\u0142sudskiego 15, pok\u00f3j\u00a0nr 6,nr telefonu: <strong>83\u00a0344 46 14;\u00a0 83\u00a0344 46 12.<\/strong><\/p>\n\n\n\n<p class=\"has-text-align-center\"><a href=\"https:\/\/archiwum.mops-bialapodlaska.pl\/wp-content\/uploads\/2024\/12\/Obowiazek_informacyjny_AOON_2025.docx\"><mark style=\"background-color:rgba(0, 0, 0, 0)\" class=\"has-inline-color has-vivid-cyan-blue-color\">Obowi\u0105zek informacyjny<\/mark><\/a><\/p>\n\n\n\n<p class=\"has-text-align-center\"><a href=\"https:\/\/archiwum.mops-bialapodlaska.pl\/wp-content\/uploads\/2024\/12\/program-aoon-jst-2025-29.07.2024-1722262514.pdf\" target=\"_blank\" rel=\"noreferrer noopener\"><mark style=\"background-color:rgba(0, 0, 0, 0)\" class=\"has-inline-color has-vivid-cyan-blue-color\">Program \u201eAsystent osobisty osoby z&nbsp;niepe\u0142nosprawno\u015bci\u0105\u201d dla Jednostek Samorz\u0105du Terytorialnego \u2013 edycja 2025\u201d<\/mark><\/a><\/p>\n\n\n\n<p class=\"has-text-align-center\"><a href=\"https:\/\/archiwum.mops-bialapodlaska.pl\/wp-content\/uploads\/2024\/12\/Zal_7_do_Programu_AOON_JST_2025_karta_zgloszenia.docx\" target=\"_blank\" rel=\"noreferrer noopener\"><mark style=\"background-color:rgba(0, 0, 0, 0)\" class=\"has-inline-color has-vivid-cyan-blue-color\">Za\u0142\u0105cznik nr 7 do Programu &#8211; karta zg\u0142oszenia<\/mark><\/a><\/p>\n\n\n\n<p class=\"has-text-align-center\"><a rel=\"noreferrer noopener\" href=\"https:\/\/archiwum.mops-bialapodlaska.pl\/wp-content\/uploads\/2024\/12\/Zal_8_do_Programu_AOON_JST_2025_karta_zakresu_czynnosci.docx\" target=\"_blank\"><mark style=\"background-color:rgba(0, 0, 0, 0)\" class=\"has-inline-color has-vivid-cyan-blue-color\">Za\u0142\u0105cznik nr 8 do Programu &#8211; karta zakresu czynno\u015bci<\/mark><\/a><\/p>\n\n\n\n<p class=\"has-text-align-center\"><a rel=\"noreferrer noopener\" href=\"https:\/\/archiwum.mops-bialapodlaska.pl\/wp-content\/uploads\/2024\/12\/Zal_15_do_Programu_AOON_JST_2025_klauzula_RODO.docx\" target=\"_blank\"><mark style=\"background-color:rgba(0, 0, 0, 0)\" class=\"has-inline-color has-vivid-cyan-blue-color\">Za\u0142\u0105cznik nr 15 do Programu &#8211; klauzula RODO<\/mark><\/a><\/p>\n","protected":false},"excerpt":{"rendered":"<p>Program \u201eAsystent osobisty osoby z\u00a0niepe\u0142nosprawno\u015bci\u0105\u201d dla Jednostek Samorz\u0105du Terytorialnego \u2013 edycja 2025\u201d Og\u0142oszenie o naborze kart zg\u0142osze\u0144 do Programu \u201eAsystent osobisty osoby z niepe\u0142nosprawno\u015bci\u0105\u201d dla\u00a0Jednostek Samorz\u0105du Terytorialnego \u2212 edycja 2025 Miasto Bia\u0142a Podlaska przyst\u0105pi\u0142o do Programu Ministra Rodziny, Pracy i Polityki Spo\u0142ecznej \u201eAsystent osobisty osoby z niepe\u0142nosprawno\u015bci\u0105\u201d dla\u00a0Jednostek Samorz\u0105du Terytorialnego \u2212 edycja 2025, finansowanego ze [&hellip;]<\/p>\n","protected":false},"author":1,"featured_media":0,"parent":0,"menu_order":0,"comment_status":"closed","ping_status":"closed","template":"","meta":[],"_links":{"self":[{"href":"https:\/\/archiwum.mops-bialapodlaska.pl\/index.php?rest_route=\/wp\/v2\/pages\/4244"}],"collection":[{"href":"https:\/\/archiwum.mops-bialapodlaska.pl\/index.php?rest_route=\/wp\/v2\/pages"}],"about":[{"href":"https:\/\/archiwum.mops-bialapodlaska.pl\/index.php?rest_route=\/wp\/v2\/types\/page"}],"author":[{"embeddable":true,"href":"https:\/\/archiwum.mops-bialapodlaska.pl\/index.php?rest_route=\/wp\/v2\/users\/1"}],"replies":[{"embeddable":true,"href":"https:\/\/archiwum.mops-bialapodlaska.pl\/index.php?rest_route=%2Fwp%2Fv2%2Fcomments&post=4244"}],"version-history":[{"count":3,"href":"https:\/\/archiwum.mops-bialapodlaska.pl\/index.php?rest_route=\/wp\/v2\/pages\/4244\/revisions"}],"predecessor-version":[{"id":4257,"href":"https:\/\/archiwum.mops-bialapodlaska.pl\/index.php?rest_route=\/wp\/v2\/pages\/4244\/revisions\/4257"}],"wp:attachment":[{"href":"https:\/\/archiwum.mops-bialapodlaska.pl\/index.php?rest_route=%2Fwp%2Fv2%2Fmedia&parent=4244"}],"curies":[{"name":"wp","href":"https:\/\/api.w.org\/{rel}","templated":true}]}}