{"id":412,"date":"2020-08-10T13:18:48","date_gmt":"2020-08-10T11:18:48","guid":{"rendered":"http:\/\/tbklhnu.cluster028.hosting.ovh.net\/?page_id=412"},"modified":"2025-11-18T11:40:29","modified_gmt":"2025-11-18T10:40:29","slug":"kontakt-2","status":"publish","type":"page","link":"https:\/\/archiwum.mops-bialapodlaska.pl\/?page_id=412","title":{"rendered":"Kontakt"},"content":{"rendered":"\n<p class=\"has-large-font-size\"><strong>Kontakt<\/strong><\/p>\n\n\n\n<p class=\"has-text-align-center\"><strong>Miejski O\u015brodek Pomocy Spo\u0142ecznej<\/strong><br>ul. Marsza\u0142ka J\u00f3zefa Pi\u0142sudskiego 24<br>21-500 Bia\u0142a Podlaska<\/p>\n\n\n\n<p class=\"has-text-align-center\"><strong>Sekretariat Dyrektora<\/strong><br><br>tel. 83-343-85-37<br>fax: 83-343-85-37<br><br>e-mail: sekretariat@mops-bialapodlaska.pl<\/p>\n\n\n\n<p class=\"has-text-align-center\">Elektroniczna Skrzynka Podawcza: \/mopsbp\/SkrytkaESP<\/p>\n\n\n\n<p class=\"has-text-align-center\">Adres do e-Dor\u0119cze\u0144: ADE:AE:PL-80057-99253-RVUWV-36<\/p>\n\n\n\n<p class=\"has-text-align-center\">e-mail: Dzia\u0142 Administracyjny i Kadr: katarzyna.sadownik@mops-bialapodlaska.pl<\/p>\n\n\n\n<p class=\"has-text-align-center\"><strong>NIP MOPS: 537-18-39-366<\/strong><br><br><strong>REGON MOPS: 002300640<\/strong><\/p>\n\n\n\n<p><\/p>\n\n\n\n<p>Dojecha\u0107 do nas mo\u017cna nast\u0119puj\u0105cymi liniami komunikacji miejskiej:<br>C, D, F i I (<a rel=\"noreferrer noopener\" href=\"http:\/\/rozklad.mzkbp.pl\/\" target=\"_blank\"><span class=\"has-inline-color has-vivid-cyan-blue-color\">rozk\u0142ad jazdy ZKM Bia\u0142a Podlaska<\/span><\/a>)<\/p>\n","protected":false},"excerpt":{"rendered":"<p>Kontakt Miejski O\u015brodek Pomocy Spo\u0142ecznejul. Marsza\u0142ka J\u00f3zefa Pi\u0142sudskiego 2421-500 Bia\u0142a Podlaska Sekretariat Dyrektora tel. 83-343-85-37fax: 83-343-85-37 e-mail: sekretariat@mops-bialapodlaska.pl Elektroniczna Skrzynka Podawcza: \/mopsbp\/SkrytkaESP Adres do e-Dor\u0119cze\u0144: ADE:AE:PL-80057-99253-RVUWV-36 e-mail: Dzia\u0142 Administracyjny i Kadr: katarzyna.sadownik@mops-bialapodlaska.pl NIP MOPS: 537-18-39-366 REGON MOPS: 002300640 Dojecha\u0107 do nas mo\u017cna nast\u0119puj\u0105cymi liniami komunikacji miejskiej:C, D, F i I (rozk\u0142ad jazdy ZKM Bia\u0142a Podlaska)<\/p>\n","protected":false},"author":1,"featured_media":0,"parent":0,"menu_order":0,"comment_status":"closed","ping_status":"closed","template":"","meta":[],"_links":{"self":[{"href":"https:\/\/archiwum.mops-bialapodlaska.pl\/index.php?rest_route=\/wp\/v2\/pages\/412"}],"collection":[{"href":"https:\/\/archiwum.mops-bialapodlaska.pl\/index.php?rest_route=\/wp\/v2\/pages"}],"about":[{"href":"https:\/\/archiwum.mops-bialapodlaska.pl\/index.php?rest_route=\/wp\/v2\/types\/page"}],"author":[{"embeddable":true,"href":"https:\/\/archiwum.mops-bialapodlaska.pl\/index.php?rest_route=\/wp\/v2\/users\/1"}],"replies":[{"embeddable":true,"href":"https:\/\/archiwum.mops-bialapodlaska.pl\/index.php?rest_route=%2Fwp%2Fv2%2Fcomments&post=412"}],"version-history":[{"count":14,"href":"https:\/\/archiwum.mops-bialapodlaska.pl\/index.php?rest_route=\/wp\/v2\/pages\/412\/revisions"}],"predecessor-version":[{"id":4592,"href":"https:\/\/archiwum.mops-bialapodlaska.pl\/index.php?rest_route=\/wp\/v2\/pages\/412\/revisions\/4592"}],"wp:attachment":[{"href":"https:\/\/archiwum.mops-bialapodlaska.pl\/index.php?rest_route=%2Fwp%2Fv2%2Fmedia&parent=412"}],"curies":[{"name":"wp","href":"https:\/\/api.w.org\/{rel}","templated":true}]}}