{"id":4047,"date":"2024-07-15T10:48:05","date_gmt":"2024-07-15T08:48:05","guid":{"rendered":"https:\/\/archiwum.mops-bialapodlaska.pl\/?page_id=4047"},"modified":"2024-07-15T10:49:14","modified_gmt":"2024-07-15T08:49:14","slug":"bon-energetyczny","status":"publish","type":"page","link":"https:\/\/archiwum.mops-bialapodlaska.pl\/?page_id=4047","title":{"rendered":"Bon energetyczny"},"content":{"rendered":"\n<h2><strong>Bon energetyczny &#8211; nowe jednorazowe \u015bwiadczenie pieni\u0119\u017cne<\/strong><\/h2>\n\n\n\n<p><strong>Bon energetyczny za okres od 1 lipca 2024 r. do 31 grudnia 2024 r.<\/strong> to nowe \u015bwiadczenie pieni\u0119\u017cne, kt\u00f3re ma zniwelowa\u0107 rosn\u0105ce ceny energii elektrycznej, gazu ziemnego i ciep\u0142a systemowego.<\/p>\n\n\n\n<p>Wnioski o wyp\u0142at\u0119 bonu energetycznego mieszka\u0144cy Bia\u0142ej Podlaskiej mog\u0105 sk\u0142ada\u0107 na pi\u015bmie w postaci papierowej w terminie od 1 sierpnia 2024 r. do 30 wrze\u015bnia 2024 r. w Miejskim O\u015brodku Pomocy Spo\u0142ecznej w Bia\u0142ej Podlaskiej, ul. Marsza\u0142ka J\u00f3zefa Pi\u0142sudskiego 24 oraz w formie elektronicznej za pomoc\u0105 \u015brodk\u00f3w komunikacji elektronicznej (wniosek opatrzony kwalifikowanym podpisem elektronicznym, podpisem zaufanym albo podpisem osobistym).<\/p>\n\n\n\n<p><strong>Wyp\u0142ata bonu energetycznego za okres od 1 lipca 2024 r. do 31 grudnia 2024 r. nast\u0105pi jednorazowo.<\/strong><br><strong>Wnioski z\u0142o\u017cone po dniu 30 wrze\u015bnia 2024 r. pozostawia si\u0119 bez rozpoznania.<\/strong><\/p>\n\n\n\n<p><strong>Kryterium dochodowe<\/strong><br>Zgodnie z przepisami bon energetyczny przys\u0142uguje osobie w <strong>gospodarstwie domowym jednoosobowym<\/strong>, w kt\u00f3rym wysoko\u015b\u0107 dochod\u00f3w za 2023 r. nie przekracza\u0142a <strong>2500 z\u0142*, <\/strong>oraz osobie w<strong> gospodarstwie domowym wieloosobowym<\/strong>, w kt\u00f3rym wysoko\u015b\u0107 dochodu za 2023 r. nie przekracza\u0142a <strong>1700 z\u0142*<\/strong> na\u00a0osob\u0119.<\/p>\n\n\n\n<p>W\u00a0przypadku bonu energetycznego obowi\u0105zywa\u0107 b\u0119dzie tzw. zasada \u201ez\u0142ot\u00f3wka za z\u0142ot\u00f3wk\u0119\u201d. Oznacza to, \u017ce bon ten b\u0119dzie przyznawany nawet po przekroczeniu kryterium dochodowego, a kwota bonu b\u0119dzie pomniejszana o kwot\u0119 tego przekroczenia. Minimalna kwota wyp\u0142acanych bon\u00f3w energetycznych b\u0119dzie wynosi\u0107 20 z\u0142.<br>*doch\u00f3d w rozumieniu art. 3 pkt 1 ustawy z dnia 28 listopada 2003 r. o \u015bwiadczeniach rodzinnych (Dz.U. z 2024 r. poz. 323).<\/p>\n\n\n\n<p><strong>Pami\u0119taj<\/strong>: ustawa o bonie energetycznym stanowi, \u017ce jedna osoba mo\u017ce wchodzi\u0107 w sk\u0142ad tylko jednego gospodarstwa domowego. <strong>W przypadku gdy wniosek o wyp\u0142at\u0119 bonu energetycznego dla gospodarstwa domowego wieloosobowego z\u0142o\u017cy wi\u0119cej ni\u017c jedna osoba, bon przyznawany jest wnioskodawcy, kt\u00f3ry z\u0142o\u017cy\u0142 taki wniosek jako pierwszy.<\/strong><\/p>\n\n\n\n<p><strong>Bon energetyczny przyznaje si\u0119 w wysoko\u015bci:<\/strong><\/p>\n\n\n\n<ul>\n<li>300 z\u0142 &#8211; gospodarstwu domowemu jednoosobowemu,<\/li>\n\n\n\n<li>400 z\u0142 &#8211; \u00a0gospodarstwu domowemu sk\u0142adaj\u0105cemu si\u0119 z 2 do 3 os\u00f3b,<\/li>\n\n\n\n<li>500 z\u0142 &#8211; gospodarstwu domowemu sk\u0142adaj\u0105cemu si\u0119 z 4 do 5 os\u00f3b,<\/li>\n\n\n\n<li>600 z\u0142 &#8211; gospodarstwu domowemu sk\u0142adaj\u0105cemu si\u0119 z co najmniej 6 os\u00f3b.<\/li>\n<\/ul>\n\n\n\n<p><strong>Podwy\u017cszona wysoko\u015b\u0107 bonu energetycznego wynosi:<\/strong><\/p>\n\n\n\n<ul>\n<li>600 z\u0142 &#8211; gospodarstwu domowemu jednoosobowemu,<\/li>\n\n\n\n<li>800 z\u0142 &#8211;\u00a0 gospodarstwu domowemu sk\u0142adaj\u0105cemu si\u0119 z 2 do 3 os\u00f3b,<\/li>\n\n\n\n<li>1000 z\u0142 &#8211; gospodarstwu domowemu sk\u0142adaj\u0105cemu si\u0119 z 4 do 5 os\u00f3b,<\/li>\n\n\n\n<li>1200 z\u0142 &#8211; gospodarstwu domowemu sk\u0142adaj\u0105cemu si\u0119 z co najmniej 6 os\u00f3b.<\/li>\n<\/ul>\n\n\n\n<p><strong>UWAGA <\/strong>bon energetyczny w podwy\u017cszonej wysoko\u015bci uzale\u017cniony jest od \u017ar\u00f3d\u0142a ogrzewania<strong> \u2013<\/strong> w przypadku gdy <strong>g\u0142\u00f3wne \u017ar\u00f3d\u0142o ogrzewania danego gospodarstwa domowego jest zasilane energi\u0105 elektryczn\u0105<\/strong> i jest wpisane lub zg\u0142oszone do centralnej ewidencji emisyjno\u015bci budynk\u00f3w, o kt\u00f3rej mowa w art. 27a ust. 1 ustawy z dnia 21 listopada 2008 r. o wspieraniu termomodernizacji i remont\u00f3w oraz o centralnej ewidencji emisyjno\u015bci budynk\u00f3w (Dz. U. z 2023 r. poz. 2496), do dnia 1 kwietnia 2024 r., albo po tym dniu \u2013 w przypadku g\u0142\u00f3wnych \u017ar\u00f3de\u0142 ogrzewania zg\u0142oszonych lub wpisanych po raz pierwszy do centralnej ewidencji emisyjno\u015bci budynk\u00f3w, o kt\u00f3rych mowa w art. 27g ust. 1 tej ustawy, bon energetyczny przyznaje si\u0119 w podwy\u017cszonej wysoko\u015bci:<\/p>\n\n\n\n<p><strong>Informacja o przyznaniu \u015bwiadczenia.<\/strong><br>Przyznanie bonu energetycznego nie wymaga wydania decyzji. Informacja o przyznaniu bonu energetycznego b\u0119dzie przekazywana na wskazany przez wnioskodawc\u0119 adres poczty elektronicznej lub wydawana na \u017c\u0105danie wnioskodawcy.<br><strong>Podstawa prawna: ustawa z dnia 23 maja 2024 r. o bonie energetycznym oraz o zmianie niekt\u00f3rych ustaw w celu ograniczenia cen energii elektrycznej, gazu ziemnego i ciep\u0142a systemowego (Dz. U. poz. 859).<\/strong><\/p>\n","protected":false},"excerpt":{"rendered":"<p>Bon energetyczny &#8211; nowe jednorazowe \u015bwiadczenie pieni\u0119\u017cne Bon energetyczny za okres od 1 lipca 2024 r. do 31 grudnia 2024 r. to nowe \u015bwiadczenie pieni\u0119\u017cne, kt\u00f3re ma zniwelowa\u0107 rosn\u0105ce ceny energii elektrycznej, gazu ziemnego i ciep\u0142a systemowego. Wnioski o wyp\u0142at\u0119 bonu energetycznego mieszka\u0144cy Bia\u0142ej Podlaskiej mog\u0105 sk\u0142ada\u0107 na pi\u015bmie w postaci papierowej w terminie od [&hellip;]<\/p>\n","protected":false},"author":1,"featured_media":0,"parent":0,"menu_order":0,"comment_status":"closed","ping_status":"closed","template":"","meta":[],"_links":{"self":[{"href":"https:\/\/archiwum.mops-bialapodlaska.pl\/index.php?rest_route=\/wp\/v2\/pages\/4047"}],"collection":[{"href":"https:\/\/archiwum.mops-bialapodlaska.pl\/index.php?rest_route=\/wp\/v2\/pages"}],"about":[{"href":"https:\/\/archiwum.mops-bialapodlaska.pl\/index.php?rest_route=\/wp\/v2\/types\/page"}],"author":[{"embeddable":true,"href":"https:\/\/archiwum.mops-bialapodlaska.pl\/index.php?rest_route=\/wp\/v2\/users\/1"}],"replies":[{"embeddable":true,"href":"https:\/\/archiwum.mops-bialapodlaska.pl\/index.php?rest_route=%2Fwp%2Fv2%2Fcomments&post=4047"}],"version-history":[{"count":2,"href":"https:\/\/archiwum.mops-bialapodlaska.pl\/index.php?rest_route=\/wp\/v2\/pages\/4047\/revisions"}],"predecessor-version":[{"id":4050,"href":"https:\/\/archiwum.mops-bialapodlaska.pl\/index.php?rest_route=\/wp\/v2\/pages\/4047\/revisions\/4050"}],"wp:attachment":[{"href":"https:\/\/archiwum.mops-bialapodlaska.pl\/index.php?rest_route=%2Fwp%2Fv2%2Fmedia&parent=4047"}],"curies":[{"name":"wp","href":"https:\/\/api.w.org\/{rel}","templated":true}]}}