{"id":3857,"date":"2024-02-22T18:52:36","date_gmt":"2024-02-22T17:52:36","guid":{"rendered":"https:\/\/archiwum.mops-bialapodlaska.pl\/?page_id=3857"},"modified":"2024-12-27T09:04:31","modified_gmt":"2024-12-27T08:04:31","slug":"program-asystent-osobisty-osoby-niepelnosprawnej","status":"publish","type":"page","link":"https:\/\/archiwum.mops-bialapodlaska.pl\/?page_id=3857","title":{"rendered":"Program \u201eAsystent osobisty osoby niepe\u0142nosprawno\u015bci\u0105\u201d"},"content":{"rendered":"\n<h2><strong>Program \u201eAsystent osobisty osoby niepe\u0142nosprawno\u015bci\u0105\u201d<\/strong><\/h2>\n\n\n\n<p><a rel=\"noreferrer noopener\" href=\"https:\/\/archiwum.mops-bialapodlaska.pl\/?page_id=4284\" target=\"_blank\"><mark style=\"background-color:rgba(0, 0, 0, 0)\" class=\"has-inline-color has-vivid-cyan-blue-color\"><strong>Program \u201eAsystent osobisty osoby z niepe\u0142nosprawno\u015bci\u0105\u201d dla Jednostek Samorz\u0105du Terytorialnego \u2212 edycja 2025<\/strong><\/mark><\/a><\/p>\n\n\n\n<p>Archiwalne programy<\/p>\n\n\n\n<p><strong><a rel=\"noreferrer noopener\" href=\"https:\/\/archiwum.mops-bialapodlaska.pl\/?page_id=3854\" target=\"_blank\"><mark style=\"background-color:rgba(0, 0, 0, 0)\" class=\"has-inline-color has-vivid-cyan-blue-color\">Program \u201eAsystent osobisty osoby z niepe\u0142nosprawno\u015bci\u0105\u201d dla Jednostek Samorz\u0105du Terytorialnego \u2212 edycja 2024<\/mark><\/a><\/strong><\/p>\n\n\n\n<p><strong><a rel=\"noreferrer noopener\" href=\"https:\/\/archiwum.mops-bialapodlaska.pl\/?page_id=2824\" target=\"_blank\"><mark style=\"background-color:rgba(0, 0, 0, 0)\" class=\"has-inline-color has-vivid-cyan-blue-color\">Program \u201eAsystent Osobisty Osoby Niepe\u0142nosprawnej\u201d \u2013 edycja 2023<\/mark><\/a><\/strong><\/p>\n\n\n\n<p><strong><a href=\"https:\/\/archiwum.mops-bialapodlaska.pl\/?page_id=1784\" target=\"_blank\" rel=\"noreferrer noopener\"><mark style=\"background-color:rgba(0, 0, 0, 0)\" class=\"has-inline-color has-vivid-cyan-blue-color\">Program \u201eAsystent Osobisty Osoby Niepe\u0142nosprawnej\u201d \u2013 edycja 2022<\/mark><\/a><\/strong><\/p>\n\n\n\n<p><strong><a href=\"https:\/\/archiwum.mops-bialapodlaska.pl\/?page_id=1243\" target=\"_blank\" rel=\"noreferrer noopener\"><mark style=\"background-color:rgba(0, 0, 0, 0)\" class=\"has-inline-color has-vivid-cyan-blue-color\">Program \u201eAsystent Osobisty Osoby Niepe\u0142nosprawnej\u201d \u2013 edycja 2021<\/mark><\/a><\/strong><\/p>\n\n\n\n<p><strong><a rel=\"noreferrer noopener\" href=\"https:\/\/archiwum.mops-bialapodlaska.pl\/?page_id=325\" target=\"_blank\"><mark style=\"background-color:rgba(0, 0, 0, 0)\" class=\"has-inline-color has-vivid-cyan-blue-color\">Program \u201eAsystent Osobisty Osoby Niepe\u0142nosprawnej\u201d \u2013 edycja 2019-2020<\/mark><\/a><\/strong><\/p>\n","protected":false},"excerpt":{"rendered":"<p>Program \u201eAsystent osobisty osoby niepe\u0142nosprawno\u015bci\u0105\u201d Program \u201eAsystent osobisty osoby z niepe\u0142nosprawno\u015bci\u0105\u201d dla Jednostek Samorz\u0105du Terytorialnego \u2212 edycja 2025 Archiwalne programy Program \u201eAsystent osobisty osoby z niepe\u0142nosprawno\u015bci\u0105\u201d dla Jednostek Samorz\u0105du Terytorialnego \u2212 edycja 2024 Program \u201eAsystent Osobisty Osoby Niepe\u0142nosprawnej\u201d \u2013 edycja 2023 Program \u201eAsystent Osobisty Osoby Niepe\u0142nosprawnej\u201d \u2013 edycja 2022 Program \u201eAsystent Osobisty Osoby Niepe\u0142nosprawnej\u201d \u2013 [&hellip;]<\/p>\n","protected":false},"author":1,"featured_media":0,"parent":0,"menu_order":0,"comment_status":"closed","ping_status":"closed","template":"","meta":[],"_links":{"self":[{"href":"https:\/\/archiwum.mops-bialapodlaska.pl\/index.php?rest_route=\/wp\/v2\/pages\/3857"}],"collection":[{"href":"https:\/\/archiwum.mops-bialapodlaska.pl\/index.php?rest_route=\/wp\/v2\/pages"}],"about":[{"href":"https:\/\/archiwum.mops-bialapodlaska.pl\/index.php?rest_route=\/wp\/v2\/types\/page"}],"author":[{"embeddable":true,"href":"https:\/\/archiwum.mops-bialapodlaska.pl\/index.php?rest_route=\/wp\/v2\/users\/1"}],"replies":[{"embeddable":true,"href":"https:\/\/archiwum.mops-bialapodlaska.pl\/index.php?rest_route=%2Fwp%2Fv2%2Fcomments&post=3857"}],"version-history":[{"count":3,"href":"https:\/\/archiwum.mops-bialapodlaska.pl\/index.php?rest_route=\/wp\/v2\/pages\/3857\/revisions"}],"predecessor-version":[{"id":4288,"href":"https:\/\/archiwum.mops-bialapodlaska.pl\/index.php?rest_route=\/wp\/v2\/pages\/3857\/revisions\/4288"}],"wp:attachment":[{"href":"https:\/\/archiwum.mops-bialapodlaska.pl\/index.php?rest_route=%2Fwp%2Fv2%2Fmedia&parent=3857"}],"curies":[{"name":"wp","href":"https:\/\/api.w.org\/{rel}","templated":true}]}}