{"id":384,"date":"2020-08-10T08:20:29","date_gmt":"2020-08-10T06:20:29","guid":{"rendered":"http:\/\/tbklhnu.cluster028.hosting.ovh.net\/?page_id=384"},"modified":"2024-03-13T08:32:32","modified_gmt":"2024-03-13T07:32:32","slug":"interwencja-kryzysowa","status":"publish","type":"page","link":"https:\/\/archiwum.mops-bialapodlaska.pl\/?page_id=384","title":{"rendered":"Interwencja kryzysowa"},"content":{"rendered":"\n<p class=\"has-large-font-size\"><strong>Interwencja kryzysowa<\/strong><\/p>\n\n\n\n<p class=\"has-text-align-left\"><strong><mark style=\"background-color:rgba(0, 0, 0, 0)\" class=\"has-inline-color has-black-color\"><\/mark>Z inicjatywy Prezydenta Miasta Bia\u0142a Podlaska z dniem 01 lutego 2024 r., w zwi\u0105zku z rosn\u0105cym zapotrzebowaniem na terenie miasta na specjalistyczne poradnictwo, Miejski O\u015brodek Pomocy Spo\u0142ecznej w Bia\u0142ej Podlaskiej w ramach swojej struktury uruchomi\u0142 Punkt Interwencji Kryzysowej z siedzib\u0105 w budynku biurowym przy ul. Janowskiej 27.<\/strong><\/p>\n\n\n\n<p><strong>Punkt Interwencji Kryzysowej to plac\u00f3wka dedykowana:<\/strong><\/p>\n\n\n\n<ul>\n<li>osobom przeci\u0105\u017conym psychicznie, obarczonym nast\u0119pstwem wielu trudnych zdarze\u0144 w \u017cyciu swoim i rodziny w sytuacjach zamach\u00f3w i pr\u00f3b samob\u00f3jczych,<\/li>\n\n\n\n<li>osobom doznaj\u0105cym przemocy fizycznej, psychicznej i seksualnej,<\/li>\n\n\n\n<li>ofiarom wypadk\u00f3w, katastrof, napad\u00f3w,<\/li>\n\n\n\n<li>osobom prze\u017cywaj\u0105cym utrat\u0119 kogo\u015b bliskiego (np. \u015bmier\u0107, rozstanie, rozw\u00f3d),<\/li>\n\n\n\n<li>osobom do\u015bwiadczaj\u0105cym nag\u0142ej, niekorzystnej zmiany w \u017cyciu (np. utraty pracy, zdrady, zagro\u017cenia ci\u0119\u017ck\u0105 chorob\u0105 itp.),<\/li>\n\n\n\n<li>osobom maj\u0105cym trudno\u015bci ma\u0142\u017ce\u0144skie i rodzinne,<\/li>\n\n\n\n<li>osobom uzale\u017cnionym od alkoholu i \u015brodk\u00f3w psychoaktywnych oraz osobom wsp\u00f3\u0142uzale\u017cnionym,<\/li>\n\n\n\n<li>osobom maj\u0105cym trudno\u015bci emocjonalne, problemy z kontrol\u0105 zachowa\u0144 agresywnych oraz stosuj\u0105cych przemoc,<\/li>\n\n\n\n<li>rodzicom, kt\u00f3rych dzieci sprawiaj\u0105 problemy wychowawcze.<\/li>\n<\/ul>\n\n\n\n<p>Podstawowym zadaniem punktu jest zapewnienie specjalistycznego poradnictwa i interwencji kryzysowej.<\/p>\n\n\n\n<p>PIK udziela dla os\u00f3b i rodzin b\u0119d\u0105cych w sytuacji kryzysowej kompleksowej pomocy, kt\u00f3ra ma na celu przywr\u00f3cenie r\u00f3wnowagi psychicznej i umiej\u0119tno\u015bci samodzielnego radzenia sobie, a dzi\u0119ki temu zapobieganiu przej\u015bciu reakcji kryzysowej w stan chronicznej niewydolno\u015bci psychospo\u0142ecznej, poprzez:<\/p>\n\n\n\n<ol>\n<li>prowadzenie konsultacji i poradnictwa psychologicznego,<\/li>\n\n\n\n<li>prowadzenie psychoterapii,<\/li>\n\n\n\n<li>prowadzenie specjalistycznego poradnictwa prawnego,<\/li>\n\n\n\n<li>prowadzenie poradnictwa pedagogicznego i socjalnego,<\/li>\n\n\n\n<li>prowadzenie dzia\u0142a\u0144 profilaktycznych na rzecz \u015brodowiska lokalnego,<\/li>\n\n\n\n<li>wsp\u00f3\u0142praca z S\u0105dem, Policj\u0105 i innymi instytucjami, organizacjami pomocowymi w zakresie zada\u0144 realizowanych przez PIK maj\u0105cych na celu zapobieganie negatywnym zjawiskom spo\u0142ecznym.<\/li>\n<\/ol>\n\n\n\n<p>Wa\u017cnym aspektem udzielanej pomocy w PIK jest fakt, \u017ce udzielana jest ona nieodp\u0142atnie, bez wzgl\u0119du na posiadany doch\u00f3d.<\/p>\n\n\n\n<p>Korzystanie z us\u0142ug wsparcia nie wymaga \u017cadnego skierowania, osoby zainteresowane obecnie mog\u0105 si\u0119 zg\u0142asza\u0107 do punktu od poniedzia\u0142ku do pi\u0105tku w godzinach 8:00 \u2013 16:00 osobi\u015bcie: ul. Janowska 27, telefonicznie nr tel. 83\u00a0376 93 94 lub 83\u00a0376 93 95 b\u0105d\u017a online: <a href=\"mailto:pik@mops-bialapodlaska.pl\">pik@mops-bialapodlaska.pl<\/a><\/p>\n","protected":false},"excerpt":{"rendered":"<p>Interwencja kryzysowa Z inicjatywy Prezydenta Miasta Bia\u0142a Podlaska z dniem 01 lutego 2024 r., w zwi\u0105zku z rosn\u0105cym zapotrzebowaniem na terenie miasta na specjalistyczne poradnictwo, Miejski O\u015brodek Pomocy Spo\u0142ecznej w Bia\u0142ej Podlaskiej w ramach swojej struktury uruchomi\u0142 Punkt Interwencji Kryzysowej z siedzib\u0105 w budynku biurowym przy ul. Janowskiej 27. Punkt Interwencji Kryzysowej to plac\u00f3wka dedykowana: [&hellip;]<\/p>\n","protected":false},"author":1,"featured_media":0,"parent":0,"menu_order":0,"comment_status":"closed","ping_status":"closed","template":"","meta":[],"_links":{"self":[{"href":"https:\/\/archiwum.mops-bialapodlaska.pl\/index.php?rest_route=\/wp\/v2\/pages\/384"}],"collection":[{"href":"https:\/\/archiwum.mops-bialapodlaska.pl\/index.php?rest_route=\/wp\/v2\/pages"}],"about":[{"href":"https:\/\/archiwum.mops-bialapodlaska.pl\/index.php?rest_route=\/wp\/v2\/types\/page"}],"author":[{"embeddable":true,"href":"https:\/\/archiwum.mops-bialapodlaska.pl\/index.php?rest_route=\/wp\/v2\/users\/1"}],"replies":[{"embeddable":true,"href":"https:\/\/archiwum.mops-bialapodlaska.pl\/index.php?rest_route=%2Fwp%2Fv2%2Fcomments&post=384"}],"version-history":[{"count":7,"href":"https:\/\/archiwum.mops-bialapodlaska.pl\/index.php?rest_route=\/wp\/v2\/pages\/384\/revisions"}],"predecessor-version":[{"id":3900,"href":"https:\/\/archiwum.mops-bialapodlaska.pl\/index.php?rest_route=\/wp\/v2\/pages\/384\/revisions\/3900"}],"wp:attachment":[{"href":"https:\/\/archiwum.mops-bialapodlaska.pl\/index.php?rest_route=%2Fwp%2Fv2%2Fmedia&parent=384"}],"curies":[{"name":"wp","href":"https:\/\/api.w.org\/{rel}","templated":true}]}}