{"id":3357,"date":"2023-07-04T12:22:32","date_gmt":"2023-07-04T10:22:32","guid":{"rendered":"https:\/\/archiwum.mops-bialapodlaska.pl\/?page_id=3357"},"modified":"2023-07-06T14:44:23","modified_gmt":"2023-07-06T12:44:23","slug":"wzory-drukow-dla-osob-ubiegajacych-sie-o-pelnienie-funkcji-rodziny-zastepczej","status":"publish","type":"page","link":"https:\/\/archiwum.mops-bialapodlaska.pl\/?page_id=3357","title":{"rendered":"Wzory druk\u00f3w dla os\u00f3b ubiegaj\u0105cych si\u0119 o pe\u0142nienie funkcji rodziny zast\u0119pczej"},"content":{"rendered":"\n<div class=\"is-layout-constrained wp-block-group has-medium-font-size\"><div class=\"wp-block-group__inner-container\">\n<p class=\"has-text-align-center has-large-font-size\"><strong>Wzory druk\u00f3w dla os\u00f3b ubiegaj\u0105cych si\u0119 o pe\u0142nienie funkcji rodziny zast\u0119pczej<\/strong><\/p>\n\n\n\n<p class=\"has-medium-font-size\">Procedura kwalifikowania kandydat\u00f3w do pe\u0142nienia funkcji rodziny zast\u0119pczej zawodowej, niezawodowej lub prowadzenia rodzinnego domu dziecka w Miejskim O\u015brodku Pomocy Spo\u0142ecznej w Bia\u0142ej Podlaskiej<br><a href=\"https:\/\/archiwum.mops-bialapodlaska.pl\/wp-content\/uploads\/2023\/07\/PROCEDURA-KWALIFIKACJE-po-zmianach-20231-1.doc\" data-type=\"URL\"><mark style=\"background-color:rgba(0, 0, 0, 0)\" class=\"has-inline-color has-vivid-cyan-blue-color\">wersja doc<\/mark><\/a> (107 KB) <a href=\"https:\/\/archiwum.mops-bialapodlaska.pl\/wp-content\/uploads\/2023\/07\/PROCEDURA-KWALIFIKACJE-po-zmianach-20231-1.pdf\"><mark style=\"background-color:rgba(0, 0, 0, 0)\" class=\"has-inline-color has-vivid-cyan-blue-color\">wersja pdf<\/mark><\/a> (501 KB)<\/p>\n<\/div><\/div>\n","protected":false},"excerpt":{"rendered":"<p>Wzory druk\u00f3w dla os\u00f3b ubiegaj\u0105cych si\u0119 o pe\u0142nienie funkcji rodziny zast\u0119pczej Procedura kwalifikowania kandydat\u00f3w do pe\u0142nienia funkcji rodziny zast\u0119pczej zawodowej, niezawodowej lub prowadzenia rodzinnego domu dziecka w Miejskim O\u015brodku Pomocy Spo\u0142ecznej w Bia\u0142ej Podlaskiejwersja doc (107 KB) wersja pdf (501 KB)<\/p>\n","protected":false},"author":1,"featured_media":0,"parent":0,"menu_order":0,"comment_status":"closed","ping_status":"closed","template":"","meta":[],"_links":{"self":[{"href":"https:\/\/archiwum.mops-bialapodlaska.pl\/index.php?rest_route=\/wp\/v2\/pages\/3357"}],"collection":[{"href":"https:\/\/archiwum.mops-bialapodlaska.pl\/index.php?rest_route=\/wp\/v2\/pages"}],"about":[{"href":"https:\/\/archiwum.mops-bialapodlaska.pl\/index.php?rest_route=\/wp\/v2\/types\/page"}],"author":[{"embeddable":true,"href":"https:\/\/archiwum.mops-bialapodlaska.pl\/index.php?rest_route=\/wp\/v2\/users\/1"}],"replies":[{"embeddable":true,"href":"https:\/\/archiwum.mops-bialapodlaska.pl\/index.php?rest_route=%2Fwp%2Fv2%2Fcomments&post=3357"}],"version-history":[{"count":7,"href":"https:\/\/archiwum.mops-bialapodlaska.pl\/index.php?rest_route=\/wp\/v2\/pages\/3357\/revisions"}],"predecessor-version":[{"id":3407,"href":"https:\/\/archiwum.mops-bialapodlaska.pl\/index.php?rest_route=\/wp\/v2\/pages\/3357\/revisions\/3407"}],"wp:attachment":[{"href":"https:\/\/archiwum.mops-bialapodlaska.pl\/index.php?rest_route=%2Fwp%2Fv2%2Fmedia&parent=3357"}],"curies":[{"name":"wp","href":"https:\/\/api.w.org\/{rel}","templated":true}]}}