{"id":334,"date":"2020-08-09T18:21:42","date_gmt":"2020-08-09T16:21:42","guid":{"rendered":"http:\/\/tbklhnu.cluster028.hosting.ovh.net\/?page_id=334"},"modified":"2023-02-23T12:13:28","modified_gmt":"2023-02-23T11:13:28","slug":"program-opieka-wytchnieniowa-edycja-2020","status":"publish","type":"page","link":"https:\/\/archiwum.mops-bialapodlaska.pl\/?page_id=334","title":{"rendered":"Program &#8222;Opieka wytchnieniowa&#8221; &#8211; edycja 2020"},"content":{"rendered":"\n<p class=\"has-large-font-size\"><strong>Program &#8222;Opieka wytchnieniowa&#8221; &#8211; edycja 2020<\/strong><\/p>\n\n\n\n<p><a rel=\"noreferrer noopener\" href=\"http:\/\/tbklhnu.cluster028.hosting.ovh.net\/wp-content\/uploads\/2020\/08\/info_opieka_wytchnieniowa_2020.pdf\" target=\"_blank\"><mark style=\"background-color:rgba(0, 0, 0, 0)\" class=\"has-inline-color has-vivid-cyan-blue-color\">Informacje o programie<\/mark><\/a><br><br><a rel=\"noreferrer noopener\" href=\"http:\/\/tbklhnu.cluster028.hosting.ovh.net\/wp-content\/uploads\/2020\/08\/zal_8_karta_zgl_do_progr_opieka_wytchnieniowa_2020.pdf\" target=\"_blank\"><mark style=\"background-color:rgba(0, 0, 0, 0)\" class=\"has-inline-color has-vivid-cyan-blue-color\">Karta zg\u0142oszenia<\/mark><\/a><br><br><a rel=\"noreferrer noopener\" href=\"http:\/\/tbklhnu.cluster028.hosting.ovh.net\/wp-content\/uploads\/2020\/08\/zal_7_karta_oceny_os_niepel_2020.pdf\" target=\"_blank\"><mark style=\"background-color:rgba(0, 0, 0, 0)\" class=\"has-inline-color has-vivid-cyan-blue-color\">Karta oceny stanu dziecka\/osoby niepe\u0142nosprawnej wg zmodyfikowanej skali FIM<\/mark><\/a><br><br><a rel=\"noreferrer noopener\" href=\"http:\/\/tbklhnu.cluster028.hosting.ovh.net\/wp-content\/uploads\/2020\/08\/informacja_fim.pdf\" target=\"_blank\"><mark style=\"background-color:rgba(0, 0, 0, 0)\" class=\"has-inline-color has-vivid-cyan-blue-color\">Informacja dodatkowa do Wzoru Karty oceny stanu dziecka\/osoby niepe\u0142nosprawnej wg zmodyfikowanej skali FIM<\/mark><\/a><br><br><a rel=\"noreferrer noopener\" href=\"http:\/\/tbklhnu.cluster028.hosting.ovh.net\/wp-content\/uploads\/2020\/08\/ow_rodo_2020.pdf\" target=\"_blank\"><mark style=\"background-color:rgba(0, 0, 0, 0)\" class=\"has-inline-color has-vivid-cyan-blue-color\">Klauzula RODO<\/mark><\/a><br><br><a rel=\"noreferrer noopener\" href=\"http:\/\/tbklhnu.cluster028.hosting.ovh.net\/wp-content\/uploads\/2020\/08\/rejestr_placowek_ow_2020.pdf\" target=\"_blank\"><mark style=\"background-color:rgba(0, 0, 0, 0)\" class=\"has-inline-color has-vivid-cyan-blue-color\">Rejestr plac\u00f3wek zapewniaj\u0105cych ca\u0142odobow\u0105 opiek\u0119<\/mark><\/a><br><br><a rel=\"noreferrer noopener\" href=\"http:\/\/tbklhnu.cluster028.hosting.ovh.net\/wp-content\/uploads\/2020\/08\/program_opieka_wytchnieniowa_edycja_2020.pdf\" target=\"_blank\"><mark style=\"background-color:rgba(0, 0, 0, 0)\" class=\"has-inline-color has-vivid-cyan-blue-color\">Tre\u015b\u0107 programu<\/mark><\/a><br><br><a rel=\"noreferrer noopener\" href=\"http:\/\/tbklhnu.cluster028.hosting.ovh.net\/wp-content\/uploads\/2020\/08\/komunikat_zmiana_programu_ow_2020.pdf\" target=\"_blank\"><mark style=\"background-color:rgba(0, 0, 0, 0)\" class=\"has-inline-color has-vivid-cyan-blue-color\">Komunikat o zmianie programu<\/mark><\/a><\/p>\n","protected":false},"excerpt":{"rendered":"<p>Program &#8222;Opieka wytchnieniowa&#8221; &#8211; edycja 2020 Informacje o programie Karta zg\u0142oszenia Karta oceny stanu dziecka\/osoby niepe\u0142nosprawnej wg zmodyfikowanej skali FIM Informacja dodatkowa do Wzoru Karty oceny stanu dziecka\/osoby niepe\u0142nosprawnej wg zmodyfikowanej skali FIM Klauzula RODO Rejestr plac\u00f3wek zapewniaj\u0105cych ca\u0142odobow\u0105 opiek\u0119 Tre\u015b\u0107 programu Komunikat o zmianie programu<\/p>\n","protected":false},"author":1,"featured_media":0,"parent":0,"menu_order":0,"comment_status":"closed","ping_status":"closed","template":"","meta":[],"_links":{"self":[{"href":"https:\/\/archiwum.mops-bialapodlaska.pl\/index.php?rest_route=\/wp\/v2\/pages\/334"}],"collection":[{"href":"https:\/\/archiwum.mops-bialapodlaska.pl\/index.php?rest_route=\/wp\/v2\/pages"}],"about":[{"href":"https:\/\/archiwum.mops-bialapodlaska.pl\/index.php?rest_route=\/wp\/v2\/types\/page"}],"author":[{"embeddable":true,"href":"https:\/\/archiwum.mops-bialapodlaska.pl\/index.php?rest_route=\/wp\/v2\/users\/1"}],"replies":[{"embeddable":true,"href":"https:\/\/archiwum.mops-bialapodlaska.pl\/index.php?rest_route=%2Fwp%2Fv2%2Fcomments&post=334"}],"version-history":[{"count":7,"href":"https:\/\/archiwum.mops-bialapodlaska.pl\/index.php?rest_route=\/wp\/v2\/pages\/334\/revisions"}],"predecessor-version":[{"id":2998,"href":"https:\/\/archiwum.mops-bialapodlaska.pl\/index.php?rest_route=\/wp\/v2\/pages\/334\/revisions\/2998"}],"wp:attachment":[{"href":"https:\/\/archiwum.mops-bialapodlaska.pl\/index.php?rest_route=%2Fwp%2Fv2%2Fmedia&parent=334"}],"curies":[{"name":"wp","href":"https:\/\/api.w.org\/{rel}","templated":true}]}}