{"id":3268,"date":"2023-06-13T12:13:54","date_gmt":"2023-06-13T10:13:54","guid":{"rendered":"https:\/\/archiwum.mops-bialapodlaska.pl\/?page_id=3268"},"modified":"2023-06-13T12:13:54","modified_gmt":"2023-06-13T10:13:54","slug":"zaproszenie-do-udzialu-w-grze-miejskiej-przygoda-z-tata-w-ramach-programu-ojcostwo-przygoda-zycia-2023-r","status":"publish","type":"page","link":"https:\/\/archiwum.mops-bialapodlaska.pl\/?page_id=3268","title":{"rendered":"Zaproszenie do udzia\u0142u w Grze miejskiej \u201ePrzygoda z Tat\u0105\u201d w ramach Programu \u201eOjcostwo-Przygoda \u017cycia\u201d 2023 r."},"content":{"rendered":"\n<p class=\"has-large-font-size\"><strong>Zaproszenie do udzia\u0142u w Grze miejskiej \u201ePrzygoda z Tat\u0105\u201d w ramach Programu \u201eOjcostwo-Przygoda \u017cycia\u201d 2023 r.<\/strong><\/p>\n\n\n\n<p>Dzia\u0142aj\u0105c na zlecenie Wojewody Lubelskiego Fundacja Smaki Kultury zaprasza do udzia\u0142u w Grze miejskiej \u201ePrzygoda z Tat\u0105\u201d w ramach Programu \u201eOjcostwo-Przygoda \u017cycia\u201d 2023 r., kt\u00f3ra odb\u0119dzie si\u0119 w Lublinie na terenie Starego Miasta w dniu 18 czerwca 2023.<\/p>\n\n\n\n<p>Gra miejska jest adresowana do dru\u017cyn rodzinnych, kt\u00f3rych kapitanami b\u0119d\u0105 ojcowie, w nast\u0119puj\u0105cych kategoriach:<\/p>\n\n\n\n<p>1. tata plus starsze dzieci (14 \u2013 18 lat),<\/p>\n\n\n\n<p>2. tata plus m\u0142odsze dzieci (od urodzenia do 13 lat),<\/p>\n\n\n\n<p>3. zespo\u0142y mieszane (w sk\u0142ad zespo\u0142u wchodz\u0105 starsze i m\u0142odsze dzieci).<\/p>\n\n\n\n<p>Uczestnicy gry b\u0119d\u0105 przemieszczali si\u0119 w terenie jak po planszy rozwi\u0105zuj\u0105c zagadki, odnajduj\u0105c miejsca, osoby lub przedmioty, wykonuj\u0105c r\u00f3\u017cne ciekawe zadania<\/p>\n\n\n\n<p>i zdobywaj\u0105c punkty. Dru\u017cyna z najwi\u0119ksz\u0105 ilo\u015bci\u0105 punkt\u00f3w zostanie zwyci\u0119zc\u0105 Gry miejskiej w swojej kategorii.<\/p>\n\n\n\n<p>Po wykonaniu wszystkich zada\u0144 z Gry miejskiej uczestnicy udadz\u0105 si\u0119 do Parku przy Centrum Kultury w Lublinie obok Placu Lecha Kaczy\u0144skiego, gdzie odb\u0119dzie si\u0119 Piknik rodzinny z wieloma atrakcjami, w tym koncert \u0141ukasza Jemio\u0142y, wyst\u0119p tancerzy ze szko\u0142y Viktori Studio oraz plac zabaw z dmucha\u0144cami.<\/p>\n\n\n\n<p>W czasie pikniku zwyci\u0119skim dru\u017cynom z ka\u017cdej kategorii zostan\u0105 wr\u0119czone atrakcyjne nagrody. Fundacja Smaki Kultury zorganizuje r\u00f3wnie\u017c gry, zabawy<\/p>\n\n\n\n<p>animacyjne oraz warsztaty dla ca\u0142ych rodzin.<\/p>\n\n\n\n<p>Udzia\u0142 w Grze miejskiej jest bezp\u0142atny.<\/p>\n\n\n\n<p>Zg\u0142oszenia nale\u017cy przesy\u0142a\u0107 drog\u0105 elektroniczn\u0105 poprzez formularz zg\u0142oszeniowy: <a href=\"https:\/\/docs.google.com\/forms\/d\/e\/1FAIpQLSeAwu9htNVZoeMqMwWaorDZOcyufrG2p7xq7pgKCZoC56LgZw\/viewform\"><mark style=\"background-color:rgba(0, 0, 0, 0)\" class=\"has-inline-color has-vivid-cyan-blue-color\">https:\/\/forms.gle\/VNfyAuMR5mT6y3t5A.<\/mark><\/a><\/p>\n","protected":false},"excerpt":{"rendered":"<p>Zaproszenie do udzia\u0142u w Grze miejskiej \u201ePrzygoda z Tat\u0105\u201d w ramach Programu \u201eOjcostwo-Przygoda \u017cycia\u201d 2023 r. Dzia\u0142aj\u0105c na zlecenie Wojewody Lubelskiego Fundacja Smaki Kultury zaprasza do udzia\u0142u w Grze miejskiej \u201ePrzygoda z Tat\u0105\u201d w ramach Programu \u201eOjcostwo-Przygoda \u017cycia\u201d 2023 r., kt\u00f3ra odb\u0119dzie si\u0119 w Lublinie na terenie Starego Miasta w dniu 18 czerwca 2023. Gra [&hellip;]<\/p>\n","protected":false},"author":1,"featured_media":0,"parent":0,"menu_order":0,"comment_status":"closed","ping_status":"closed","template":"","meta":[],"_links":{"self":[{"href":"https:\/\/archiwum.mops-bialapodlaska.pl\/index.php?rest_route=\/wp\/v2\/pages\/3268"}],"collection":[{"href":"https:\/\/archiwum.mops-bialapodlaska.pl\/index.php?rest_route=\/wp\/v2\/pages"}],"about":[{"href":"https:\/\/archiwum.mops-bialapodlaska.pl\/index.php?rest_route=\/wp\/v2\/types\/page"}],"author":[{"embeddable":true,"href":"https:\/\/archiwum.mops-bialapodlaska.pl\/index.php?rest_route=\/wp\/v2\/users\/1"}],"replies":[{"embeddable":true,"href":"https:\/\/archiwum.mops-bialapodlaska.pl\/index.php?rest_route=%2Fwp%2Fv2%2Fcomments&post=3268"}],"version-history":[{"count":1,"href":"https:\/\/archiwum.mops-bialapodlaska.pl\/index.php?rest_route=\/wp\/v2\/pages\/3268\/revisions"}],"predecessor-version":[{"id":3269,"href":"https:\/\/archiwum.mops-bialapodlaska.pl\/index.php?rest_route=\/wp\/v2\/pages\/3268\/revisions\/3269"}],"wp:attachment":[{"href":"https:\/\/archiwum.mops-bialapodlaska.pl\/index.php?rest_route=%2Fwp%2Fv2%2Fmedia&parent=3268"}],"curies":[{"name":"wp","href":"https:\/\/api.w.org\/{rel}","templated":true}]}}