{"id":325,"date":"2020-08-09T18:07:34","date_gmt":"2020-08-09T16:07:34","guid":{"rendered":"http:\/\/tbklhnu.cluster028.hosting.ovh.net\/?page_id=325"},"modified":"2023-02-23T13:07:15","modified_gmt":"2023-02-23T12:07:15","slug":"program-asystent-osobisty-osoby-niepelnosprawnej-edycja-2019-2020","status":"publish","type":"page","link":"https:\/\/archiwum.mops-bialapodlaska.pl\/?page_id=325","title":{"rendered":"Program \u201eAsystent osobisty osoby niepe\u0142nosprawnej\u201d- edycja 2019-2020"},"content":{"rendered":"\n<hr class=\"wp-block-separator has-css-opacity is-style-wide\"\/>\n\n\n\n<p class=\"has-large-font-size\"><strong>Program \u201eAsystent osobisty osoby niepe\u0142nosprawnej\u201d- edycja 2019-2020<\/strong><\/p>\n\n\n\n<p>Miejski O\u015brodek Pomocy Spo\u0142ecznej w Bia\u0142ej Podlaskiej realizuje Program \u201eAsystent osobisty osoby niepe\u0142nosprawnej\u201d \u2013 edycja 2019-2020 og\u0142oszony przez Ministra Rodziny, Pracy i Polityki Spo\u0142ecznej, kt\u00f3rego g\u0142\u00f3wnym za\u0142o\u017ceniem jest m.in. wsparcie spo\u0142eczne os\u00f3b niepe\u0142nosprawnych. Wsparcie w ramach Programu b\u0119dzie finansowane ze \u015brodk\u00f3w Funduszu Solidarno\u015bciowego.<\/p>\n\n\n\n<p>Termin realizacji programu up\u0142ywa w dniu 31 grudnia 2020 roku.<\/p>\n\n\n\n<p>Program ma na celu:<br>1) wprowadzenie us\u0142ugi asystenta, jako formy og\u00f3lnodost\u0119pnego wsparcia dla pe\u0142noletnich os\u00f3b niepe\u0142nosprawnych, posiadaj\u0105cych orzeczenie o znacznym lub umiarkowanym stopniu niepe\u0142nosprawno\u015bci, wydawane na podstawie ustawy z dnia 27 sierpnia 1997 r. o rehabilitacji zawodowej i spo\u0142ecznej oraz zatrudnianiu os\u00f3b niepe\u0142nosprawnych (Dz. U. z 2019 r. poz. 1172 z p\u00f3\u017an. zm.) albo orzeczenie r\u00f3wnowa\u017cne do wy\u017cej wymienionych;<br>2) mo\u017cliwo\u015b\u0107 skorzystania przez osoby niepe\u0142nosprawne z pomocy asystenta przy wykonywaniu codziennych czynno\u015bci oraz funkcjonowaniu w \u017cyciu spo\u0142ecznym;<br>3) ograniczenie skutk\u00f3w niepe\u0142nosprawno\u015bci oraz stymulowanie osoby niepe\u0142nosprawnej do podejmowania aktywno\u015bci i umo\u017cliwienie realizowania prawa do niezale\u017cnego \u017cycia;<br>4) przeciwdzia\u0142anie dyskryminacji ze wzgl\u0119du na niepe\u0142nosprawno\u015b\u0107 oraz wykluczeniu spo\u0142ecznemu os\u00f3b niepe\u0142nosprawnych, umo\u017cliwienie osobom niepe\u0142nosprawnym uczestnictwo w \u017cyciu lokalnej spo\u0142eczno\u015bci np. poprzez udzia\u0142 w wydarzeniach spo\u0142ecznych, kulturalnych, rozrywkowych czy te\u017c sportowych.<\/p>\n\n\n\n<p><strong>Adresatami programu s\u0105:<\/strong><\/p>\n\n\n\n<p>&#8211; pe\u0142noletnie osoby niepe\u0142nosprawne posiadaj\u0105ce orzeczenie o znacznym lub umiarkowanym stopniu niepe\u0142nosprawno\u015bci, zgodnie z ustaw\u0105 z dnia 27 sierpnia 1997 r. o rehabilitacji zawodowej i spo\u0142ecznej oraz zatrudnianiu os\u00f3b niepe\u0142nosprawnych (Dz. U. z 2019 r. poz. 1172) albo orzeczenie r\u00f3wnowa\u017cne do wy\u017cej wymienionych. <br>W czasie korzystania z us\u0142ug asystenta nie mog\u0105 by\u0107 \u015bwiadczone us\u0142ugi opieku\u0144cze lub specjalistyczne us\u0142ugi opieku\u0144cze, o kt\u00f3rych mowa w ustawie z dnia 12 marca 2004 r. o pomocy spo\u0142ecznej, a tak\u017ce us\u0142ugi, o kt\u00f3rych mowa w programach Ministerstwa Rodziny, Pracy i Polityki Spo\u0142ecznej pn. \u201eOpieka wytchnieniowa\u201d oraz \u201eUs\u0142ugi opieku\u0144cze dla os\u00f3b niepe\u0142nosprawnych\u201d.<\/p>\n\n\n\n<p><strong>Us\u0142ugi asystenta mog\u0105 \u015bwiadczy\u0107:<\/strong><\/p>\n\n\n\n<p>&#8211; osoby posiadaj\u0105ce dyplom potwierdzaj\u0105cy uzyskanie kwalifikacji w zawodzie asystent osoby niepe\u0142nosprawnej;<br>&#8211; osoby z wykszta\u0142ceniem przynajmniej \u015brednim posiadaj\u0105ce, co najmniej roczne, udokumentowane do\u015bwiadczenie w udzielaniu bezpo\u015bredniej pomocy osobom niepe\u0142nosprawnym.<\/p>\n\n\n\n<p>Asystentem nie mo\u017ce zosta\u0107: osoba faktycznie zamieszkuj\u0105ca razem z Uczestnikiem Programu, b\u0119d\u0105ca cz\u0142onkiem jego rodziny lub jego opiekunem prawnym.<\/p>\n\n\n\n<p><strong>Us\u0142ugi asystenta w szczeg\u00f3lno\u015bci mog\u0105 polega\u0107 na:<\/strong><br>&#8211; wyj\u015bciu, powrocie oraz\/lub dojazdach w wybrane przez uczestnika Programu miejsce (np. dom, praca, plac\u00f3wki o\u015bwiatowe i szkoleniowe, \u015bwi\u0105tynie, plac\u00f3wki s\u0142u\u017cby zdrowia i rehabilitacyjne, gabinety lekarskie, urz\u0119dy, znajomi, rodzina, instytucje finansowe, wydarzenia kulturalne\/rozrywkowe\/spo\u0142eczne\/sportowe itp.);<br>&#8211; wyj\u015bciu, powrocie oraz\/lub dojazdach na rehabilitacj\u0119 i zaj\u0119cia terapeutyczne;<br>&#8211; zakupach, z zastrze\u017ceniem aktywnego udzia\u0142u uczestnika Programu przy ich realizacji;<br>&#8211; za\u0142atwieniu spraw urz\u0119dowych;<br>&#8211; nawi\u0105zaniu kontaktu\/wsp\u00f3\u0142pracy z r\u00f3\u017cnego rodzaju organizacjami;<br>&#8211; korzystaniu z d\u00f3br kultury (tj. muzeum, teatr, kino, galerie sztuki, wystawy itp.).<\/p>\n\n\n\n<p>Limit godzin us\u0142ug asystenta przypadaj\u0105cych na 1 uczestnika Programu wynosi nie wi\u0119cej ni\u017c 30 godzin miesi\u0119cznie.<\/p>\n\n\n\n<p>Osoba niepe\u0142nosprawna nie ponosi odp\u0142atno\u015bci za us\u0142ugi asystenta osobistego w ramach Programu.<\/p>\n\n\n\n<p>Osoba niepe\u0142nosprawna mo\u017ce samodzielnie wskaza\u0107 osob\u0119, kt\u00f3ra b\u0119dzie \u015bwiadczy\u0107 us\u0142ugi asystenta.<\/p>\n\n\n\n<p><strong>Jak zacz\u0105\u0107 korzysta\u0107 z Programu<\/strong><\/p>\n\n\n\n<p>Osoba niepe\u0142nosprawna (lub jej opiekun prawny) powinna z\u0142o\u017cy\u0107 do MOPS w Bia\u0142ej Podlaskiej wype\u0142nion\u0105 i podpisan\u0105 \u201eKart\u0119 zg\u0142oszenia do Programu Asystent osobisty osoby niepe\u0142nosprawnej\u201d.<\/p>\n\n\n\n<p>Do karty zg\u0142oszenia nale\u017cy do\u0142\u0105czy\u0107 kserokopi\u0119 aktualnego orzeczenia o stopniu niepe\u0142nosprawno\u015bci, o\u015bwiadczenie dotycz\u0105ce korzystania z innych us\u0142ug spo\u0142ecznych i program\u00f3w oraz o\u015bwiadczenie o zapoznaniu si\u0119 z klauzul\u0105 informacyjn\u0105 o przetwarzaniu danych osobowych.<\/p>\n\n\n\n<p>Karta powinna zawiera\u0107 informacje o uczestniku programu: imi\u0119 i nazwisko, dat\u0119 urodzenia, adres zamieszkania, dane kontaktowe (telefon, e-mail), ewentualnie dane osoby upowa\u017cnionej do kontaktu, informacje na temat ogranicze\u0144 osoby niepe\u0142nosprawnej w zakresie komunikowania lub poruszania si\u0119.<\/p>\n\n\n\n<p><strong>Dane kontaktowe<\/strong>:<\/p>\n\n\n\n<p><\/p>\n\n\n\n<p>Kontakt osobisty w siedzibie MOPS w Bia\u0142ej Podlaskiej przy ul. Marsza\u0142ka J\u00f3zefa Pi\u0142sudskiego 24, pok\u00f3j nr 4, 11, 13, 14.<br>Kontakt telefoniczny: 83 341 64 55; 83 343 85 37<\/p>\n\n\n\n<p><strong>Do pobrania:<\/strong><\/p>\n\n\n\n<p><mark style=\"background-color:rgba(0, 0, 0, 0)\" class=\"has-inline-color has-vivid-cyan-blue-color\"><a rel=\"noreferrer noopener\" href=\"http:\/\/tbklhnu.cluster028.hosting.ovh.net\/wp-content\/uploads\/2020\/08\/zal_1_karta_zgloszenia_aoon.pdf\" target=\"_blank\">Karta zg\u0142oszenia do Programu \u201eAsystent osobisty osoby niepe\u0142nosprawnej\u201d<\/a><br><br><a rel=\"noreferrer noopener\" href=\"http:\/\/tbklhnu.cluster028.hosting.ovh.net\/wp-content\/uploads\/2020\/08\/zal_2_oswiadcz_aoon.pdf\" target=\"_blank\">O\u015bwiadczenie Uczestnika Programu \u201eAsystent osobisty osoby niepe\u0142nosprawnej\u201d dot. korzystania z innych us\u0142ug spo\u0142ecznych lub program\u00f3w<br><\/a><br><a rel=\"noreferrer noopener\" href=\"http:\/\/tbklhnu.cluster028.hosting.ovh.net\/wp-content\/uploads\/2020\/08\/zal_3_klauzula_rodo.pdf\" target=\"_blank\">O\u015bwiadczenie o zapoznaniu si\u0119 z klauzul\u0105 informacyjn\u0105 o przetwarzaniu danych osobowych<\/a><br><br><a rel=\"noreferrer noopener\" href=\"http:\/\/tbklhnu.cluster028.hosting.ovh.net\/wp-content\/uploads\/2020\/08\/program_asystent_osobisty_on_edycja_2019_2020.pdf\" target=\"_blank\">Program \u201eAsystent osobisty osoby niepe\u0142nosprawnej\u201d \u2013 edycja 2019-2020<\/a><\/mark><br><br><a rel=\"noreferrer noopener\" href=\"http:\/\/tbklhnu.cluster028.hosting.ovh.net\/wp-content\/uploads\/2020\/08\/komunikat_o_zm_programu_aoon.pdf\" target=\"_blank\"><mark style=\"background-color:rgba(0, 0, 0, 0)\" class=\"has-inline-color has-vivid-cyan-blue-color\">Komunikat o zmianie programu<\/mark><\/a><\/p>\n","protected":false},"excerpt":{"rendered":"<p>Program \u201eAsystent osobisty osoby niepe\u0142nosprawnej\u201d- edycja 2019-2020 Miejski O\u015brodek Pomocy Spo\u0142ecznej w Bia\u0142ej Podlaskiej realizuje Program \u201eAsystent osobisty osoby niepe\u0142nosprawnej\u201d \u2013 edycja 2019-2020 og\u0142oszony przez Ministra Rodziny, Pracy i Polityki Spo\u0142ecznej, kt\u00f3rego g\u0142\u00f3wnym za\u0142o\u017ceniem jest m.in. wsparcie spo\u0142eczne os\u00f3b niepe\u0142nosprawnych. Wsparcie w ramach Programu b\u0119dzie finansowane ze \u015brodk\u00f3w Funduszu Solidarno\u015bciowego. Termin realizacji programu up\u0142ywa w [&hellip;]<\/p>\n","protected":false},"author":1,"featured_media":0,"parent":0,"menu_order":0,"comment_status":"closed","ping_status":"closed","template":"","meta":[],"_links":{"self":[{"href":"https:\/\/archiwum.mops-bialapodlaska.pl\/index.php?rest_route=\/wp\/v2\/pages\/325"}],"collection":[{"href":"https:\/\/archiwum.mops-bialapodlaska.pl\/index.php?rest_route=\/wp\/v2\/pages"}],"about":[{"href":"https:\/\/archiwum.mops-bialapodlaska.pl\/index.php?rest_route=\/wp\/v2\/types\/page"}],"author":[{"embeddable":true,"href":"https:\/\/archiwum.mops-bialapodlaska.pl\/index.php?rest_route=\/wp\/v2\/users\/1"}],"replies":[{"embeddable":true,"href":"https:\/\/archiwum.mops-bialapodlaska.pl\/index.php?rest_route=%2Fwp%2Fv2%2Fcomments&post=325"}],"version-history":[{"count":8,"href":"https:\/\/archiwum.mops-bialapodlaska.pl\/index.php?rest_route=\/wp\/v2\/pages\/325\/revisions"}],"predecessor-version":[{"id":3858,"href":"https:\/\/archiwum.mops-bialapodlaska.pl\/index.php?rest_route=\/wp\/v2\/pages\/325\/revisions\/3858"}],"wp:attachment":[{"href":"https:\/\/archiwum.mops-bialapodlaska.pl\/index.php?rest_route=%2Fwp%2Fv2%2Fmedia&parent=325"}],"curies":[{"name":"wp","href":"https:\/\/api.w.org\/{rel}","templated":true}]}}