{"id":3196,"date":"2023-04-04T13:40:47","date_gmt":"2023-04-04T11:40:47","guid":{"rendered":"https:\/\/archiwum.mops-bialapodlaska.pl\/?page_id=3196"},"modified":"2023-05-15T13:15:25","modified_gmt":"2023-05-15T11:15:25","slug":"konkurs-na-film-krotkometrazowy","status":"publish","type":"page","link":"https:\/\/archiwum.mops-bialapodlaska.pl\/?page_id=3196","title":{"rendered":"Konkurs na film kr\u00f3tkometra\u017cowy"},"content":{"rendered":"\n<p class=\"has-large-font-size\">Konkurs na film kr\u00f3tkometra\u017cowy<\/p>\n\n\n\n<p>Miejski O\u015brodek Pomocy Spo\u0142ecznej w Bia\u0142ej Podlaskiej, Dzia\u0142 Opieki nad Rodzin\u0105 i Dzieckiem organizuje konkurs na film kr\u00f3tkometra\u017cowy skierowany do dzieci i m\u0142odzie\u017cy ze szk\u00f3\u0142 podstawowych i ponadpodstawowych z terenu Miasta Bia\u0142a Podlaska pn. <strong>\u201eMAM TAK SAMO JAK TY\u201d.<\/strong> Konkurs organizowany jest w ramach Kampanii promocyjno \u2013 informacyjnej, dotycz\u0105cej rodzicielstwa zast\u0119pczego.<\/p>\n\n\n\n<p>Wyd\u0142u\u017camy termin zg\u0142osze\u0144 do 8 maja 2023 r.<\/p>\n\n\n\n<p class=\"has-text-align-center\"><a rel=\"noreferrer noopener\" href=\"https:\/\/archiwum.mops-bialapodlaska.pl\/wp-content\/uploads\/2023\/05\/wyniki_konkurs_film_pz_2023.pdf\" target=\"_blank\"><mark style=\"background-color:rgba(0, 0, 0, 0)\" class=\"has-inline-color has-vivid-cyan-blue-color\">Wyniki konkursu<\/mark><\/a><\/p>\n\n\n\n<p class=\"has-text-align-center\"><a href=\"https:\/\/archiwum.mops-bialapodlaska.pl\/wp-content\/uploads\/2023\/04\/regulamin_piecza_film_2023.pdf\" target=\"_blank\" rel=\"noreferrer noopener\"><mark style=\"background-color:rgba(0, 0, 0, 0)\" class=\"has-inline-color has-vivid-cyan-blue-color\">Regulamin konkursu<\/mark><\/a><\/p>\n\n\n\n<p class=\"has-text-align-center\"><a rel=\"noreferrer noopener\" href=\"https:\/\/archiwum.mops-bialapodlaska.pl\/wp-content\/uploads\/2023\/04\/plakat_konkurs_pz_film_2023.png\" target=\"_blank\"><mark style=\"background-color:rgba(0, 0, 0, 0)\" class=\"has-inline-color has-vivid-cyan-blue-color\">Plakat konkursu<\/mark><\/a><\/p>\n","protected":false},"excerpt":{"rendered":"<p>Konkurs na film kr\u00f3tkometra\u017cowy Miejski O\u015brodek Pomocy Spo\u0142ecznej w Bia\u0142ej Podlaskiej, Dzia\u0142 Opieki nad Rodzin\u0105 i Dzieckiem organizuje konkurs na film kr\u00f3tkometra\u017cowy skierowany do dzieci i m\u0142odzie\u017cy ze szk\u00f3\u0142 podstawowych i ponadpodstawowych z terenu Miasta Bia\u0142a Podlaska pn. \u201eMAM TAK SAMO JAK TY\u201d. Konkurs organizowany jest w ramach Kampanii promocyjno \u2013 informacyjnej, dotycz\u0105cej rodzicielstwa zast\u0119pczego. [&hellip;]<\/p>\n","protected":false},"author":1,"featured_media":0,"parent":0,"menu_order":0,"comment_status":"closed","ping_status":"closed","template":"","meta":[],"_links":{"self":[{"href":"https:\/\/archiwum.mops-bialapodlaska.pl\/index.php?rest_route=\/wp\/v2\/pages\/3196"}],"collection":[{"href":"https:\/\/archiwum.mops-bialapodlaska.pl\/index.php?rest_route=\/wp\/v2\/pages"}],"about":[{"href":"https:\/\/archiwum.mops-bialapodlaska.pl\/index.php?rest_route=\/wp\/v2\/types\/page"}],"author":[{"embeddable":true,"href":"https:\/\/archiwum.mops-bialapodlaska.pl\/index.php?rest_route=\/wp\/v2\/users\/1"}],"replies":[{"embeddable":true,"href":"https:\/\/archiwum.mops-bialapodlaska.pl\/index.php?rest_route=%2Fwp%2Fv2%2Fcomments&post=3196"}],"version-history":[{"count":9,"href":"https:\/\/archiwum.mops-bialapodlaska.pl\/index.php?rest_route=\/wp\/v2\/pages\/3196\/revisions"}],"predecessor-version":[{"id":3239,"href":"https:\/\/archiwum.mops-bialapodlaska.pl\/index.php?rest_route=\/wp\/v2\/pages\/3196\/revisions\/3239"}],"wp:attachment":[{"href":"https:\/\/archiwum.mops-bialapodlaska.pl\/index.php?rest_route=%2Fwp%2Fv2%2Fmedia&parent=3196"}],"curies":[{"name":"wp","href":"https:\/\/api.w.org\/{rel}","templated":true}]}}