{"id":2824,"date":"2023-01-18T18:21:20","date_gmt":"2023-01-18T17:21:20","guid":{"rendered":"https:\/\/archiwum.mops-bialapodlaska.pl\/?page_id=2824"},"modified":"2023-10-02T10:33:09","modified_gmt":"2023-10-02T08:33:09","slug":"program-asystent-osobisty-osoby-niepelnosprawnej-edycja-2023","status":"publish","type":"page","link":"https:\/\/archiwum.mops-bialapodlaska.pl\/?page_id=2824","title":{"rendered":"Program &#8222;Asystent Osobisty Osoby Niepe\u0142nosprawnej&#8221; &#8211; edycja 2023"},"content":{"rendered":"\n<p class=\"has-large-font-size\"><strong>Program &#8222;Asystent Osobisty Osoby Niepe\u0142nosprawnej&#8221; &#8211; edycja 2023<\/strong><\/p>\n\n\n<div class=\"wp-block-image\">\n<figure class=\"aligncenter size-large is-resized\"><img decoding=\"async\" loading=\"lazy\" src=\"https:\/\/archiwum.mops-bialapodlaska.pl\/wp-content\/uploads\/2021\/04\/logo_MRiPS_png-1024x512.png\" alt=\"\" class=\"wp-image-1384\" width=\"926\" height=\"463\" srcset=\"https:\/\/archiwum.mops-bialapodlaska.pl\/wp-content\/uploads\/2021\/04\/logo_MRiPS_png-1024x512.png 1024w, https:\/\/archiwum.mops-bialapodlaska.pl\/wp-content\/uploads\/2021\/04\/logo_MRiPS_png-300x150.png 300w, https:\/\/archiwum.mops-bialapodlaska.pl\/wp-content\/uploads\/2021\/04\/logo_MRiPS_png-768x384.png 768w, https:\/\/archiwum.mops-bialapodlaska.pl\/wp-content\/uploads\/2021\/04\/logo_MRiPS_png.png 1182w\" sizes=\"(max-width: 926px) 100vw, 926px\" \/><\/figure><\/div>\n\n\n<p>Miasto Bia\u0142a Podlaska otrzyma\u0142o dofinansowanie ze \u015brodk\u00f3w Funduszu Solidarno\u015bciowego na&nbsp;realizacj\u0119 resortowego Programu Ministra Rodziny i Polityki Spo\u0142ecznej \u201eAsystent osobisty osoby niepe\u0142nosprawnej\u201d \u2013 edycja 2023. Program realizuje Miejski O\u015brodek Pomocy Spo\u0142ecznej w&nbsp;Bia\u0142ej Podlaskiej.<\/p>\n\n\n\n<p>Na realizacj\u0119 Programu przyznano \u015brodki finansowe w&nbsp;wysoko\u015bci 2&nbsp;149 976,40 z\u0142.<\/p>\n\n\n\n<p>G\u0142\u00f3wnym celem Programu jest wprowadzenie us\u0142ug asystenta jako formy og\u00f3lnodost\u0119pnego wsparcia w wykonywaniu codziennych czynno\u015bci oraz funkcjonowaniu w \u017cyciu spo\u0142ecznym, kt\u00f3rych adresatami s\u0105:<\/p>\n\n\n\n<ol>\n<li>dzieci do 16. roku \u017cycia z orzeczeniem o niepe\u0142nosprawno\u015bci \u0142\u0105cznie ze wskazaniami: konieczno\u015bci sta\u0142ej lub d\u0142ugotrwa\u0142ej opieki lub pomocy innej osoby w zwi\u0105zku ze&nbsp;znacznie ograniczon\u0105 mo\u017cliwo\u015bci\u0105 samodzielnej egzystencji oraz konieczno\u015bci sta\u0142ego wsp\u00f3\u0142udzia\u0142u na co dzie\u0144 opiekuna dziecka w procesie jego leczenia, rehabilitacji i edukacji oraz<\/li>\n\n\n\n<li>osoby niepe\u0142nosprawne posiadaj\u0105ce orzeczenie:<br>a) o znacznym stopniu niepe\u0142nosprawno\u015bci albo<br>b) o umiarkowanym stopniu niepe\u0142nosprawno\u015bci albo<br>c) traktowane na r\u00f3wni z orzeczeniami wymienionymi w lit. a i b, zgodnie z art. 5 i&nbsp;art. 62 ustawy z dnia 27 sierpnia 1997 r. o rehabilitacji zawodowej i&nbsp;spo\u0142ecznej oraz zatrudnianiu os\u00f3b niepe\u0142nosprawnych (Dz. U. z 2021 r. poz. 573, z p\u00f3\u017an. zm.).<\/li>\n<\/ol>\n\n\n\n<p>Us\u0142ugi asystencji osobistej wpisuj\u0105 si\u0119 w jeden z g\u0142\u00f3wnych cel\u00f3w Funduszu Solidarno\u015bciowego, tj. wsparcie spo\u0142eczne os\u00f3b niepe\u0142nosprawnych.<\/p>\n\n\n\n<p>Celem rozpowszechnienia us\u0142ug asystencji osobistej jest zwi\u0119kszenie szans os\u00f3b niepe\u0142noprawnych na prowadzenie bardziej niezale\u017cnego\/samodzielnego i aktywnego \u017cycia. Tak wi\u0119c, nadrz\u0119dnym celem us\u0142ug asystencji osobistej powinno by\u0107 d\u0105\u017cenie do poprawy funkcjonowania osoby niepe\u0142nosprawnej w jej \u015brodowisku, zwi\u0119kszenia mo\u017cliwo\u015bci zaspokajania jej potrzeb oraz w\u0142\u0105czenia jej w \u017cycie spo\u0142eczne.<\/p>\n\n\n\n<p>Dodatkowym za\u0142o\u017ceniem jest, aby minimum 70% uczestnik\u00f3w Programu stanowi\u0142y osoby wymagaj\u0105ce wysokiego poziomu wsparcia(tj. osoby ze znacznym stopniem niepe\u0142nosprawno\u015bci oraz dzieci niepe\u0142nosprawne z orzeczeniem o niepe\u0142nosprawno\u015bci \u0142\u0105cznie ze wskazaniami pkt 7 i 8 w orzeczeniu o niepe\u0142nosprawno\u015bci: konieczno\u015bci sta\u0142ej lub d\u0142ugotrwa\u0142ej opieki lub pomocy innej osoby w zwi\u0105zku ze znacznie ograniczon\u0105 mo\u017cliwo\u015bci\u0105 samodzielnej egzystencji oraz konieczno\u015bci sta\u0142ego wsp\u00f3\u0142udzia\u0142u na co dzie\u0144 opiekuna dziecka w procesie jego leczenia, rehabilitacji i edukacji), w tym osoby z&nbsp;niepe\u0142nosprawno\u015bciami sprz\u0119\u017conymi (przez niepe\u0142nosprawno\u015b\u0107 sprz\u0119\u017con\u0105 rozumie si\u0119 posiadanie orzeczenia ze wskazaniem co najmniej dw\u00f3ch przyczyn niepe\u0142nosprawno\u015bci) i&nbsp;trudno\u015bciami zwi\u0105zanymi z mobilno\u015bci\u0105 i&nbsp;komunikacj\u0105.<\/p>\n\n\n\n<p>Us\u0142ugi asystencji osobistej polegaj\u0105 w szczeg\u00f3lno\u015bci na pomocy asystenta w:<\/p>\n\n\n\n<ol>\n<li>wykonywaniu przez uczestnika czynno\u015bci dnia codziennego;<\/li>\n\n\n\n<li>wyj\u015bciu, powrocie lub dojazdach z uczestnikiem w wybrane przez uczestnika miejsca;<\/li>\n\n\n\n<li>za\u0142atwianiu przez uczestnika spraw urz\u0119dowych;<\/li>\n\n\n\n<li>korzystaniu przez uczestnika z d\u00f3br kultury (np. muzeum, teatr, kino, galeria sztuki, wystawa);<\/li>\n\n\n\n<li>zaprowadzaniu i odebraniu dzieci z orzeczeniem o niepe\u0142nosprawno\u015bci do plac\u00f3wki o\u015bwiatowej. (Us\u0142uga asystencji osobistej na terenie szko\u0142y mo\u017ce by\u0107 realizowana wy\u0142\u0105cznie w przypadku, gdy szko\u0142a nie zapewnia tej us\u0142ugi).<\/li>\n<\/ol>\n\n\n\n<p>Realizacja Programu umo\u017cliwi osobom z niepe\u0142nosprawno\u015bciami podejmowanie aktywno\u015bci oraz&nbsp;uczestnictwo w \u017cyciu lokalnej spo\u0142eczno\u015bci. Przyczyni si\u0119 do ograniczenia skutk\u00f3w niepe\u0142nosprawno\u015bci i umo\u017cliwi osobom niepe\u0142nosprawnym realizowanie prawa do&nbsp;niezale\u017cnego \u017cycia.<\/p>\n\n\n\n<p><a href=\"https:\/\/archiwum.mops-bialapodlaska.pl\/wp-content\/uploads\/2023\/03\/INFORMACJA_AOON_na_strone_INT_zgodnie-z-wytycznymi.docx\" target=\"_blank\" rel=\"noreferrer noopener\"><mark style=\"background-color:rgba(0, 0, 0, 0)\" class=\"has-inline-color has-vivid-cyan-blue-color\">Informacja o dofinansowaniu Programu \u201eAsystent osobisty osoby niepe\u0142nosprawnej\u201d \u2013 edycja 2023<\/mark><\/a>   (docx 60 KB) <\/p>\n\n\n\n<p><a rel=\"noreferrer noopener\" href=\"https:\/\/archiwum.mops-bialapodlaska.pl\/wp-content\/uploads\/2023\/01\/Ogloszenie_nabor-zgloszen_AOON_2023.docx\" target=\"_blank\"><mark style=\"background-color:rgba(0, 0, 0, 0)\" class=\"has-inline-color has-vivid-cyan-blue-color\">Og\u0142oszenie o naborze do Programu &#8222;Asystent Osobisty Osoby Niepe\u0142nosprawnej&#8221; &#8211; edycja 202<\/mark><\/a><a href=\"https:\/\/archiwum.mops-bialapodlaska.pl\/wp-content\/uploads\/2023\/01\/Ogloszenie_nabor-zgloszen_AOON_2023.docx\"><mark style=\"background-color:rgba(0, 0, 0, 0)\" class=\"has-inline-color has-vivid-cyan-blue-color\">3<\/mark><\/a>  (docx 65KB)<\/p>\n\n\n\n<p><a rel=\"noreferrer noopener\" href=\"https:\/\/archiwum.mops-bialapodlaska.pl\/wp-content\/uploads\/2023\/01\/Zal_7_do_Progr_Karta_Zgloszenia_AOON_2023.docx\" target=\"_blank\"><mark style=\"background-color:rgba(0, 0, 0, 0)\" class=\"has-inline-color has-vivid-cyan-blue-color\">Za\u0142\u0105cznik nr 7 do Programu &#8222;Asystent Osobisty Osoby Niepe\u0142nosprawnej&#8221; &#8211; edycja 2023<\/mark><\/a>  (docx 35 KB)<\/p>\n\n\n\n<p><a href=\"https:\/\/archiwum.mops-bialapodlaska.pl\/wp-content\/uploads\/2023\/02\/Zalacznik-nr-12-do-Programu-AOON-JST.docx\" target=\"_blank\" rel=\"noreferrer noopener\"><mark style=\"background-color:rgba(0, 0, 0, 0)\" class=\"has-inline-color has-vivid-cyan-blue-color\">Za\u0142\u0105cznik nr 12 do Programu &#8222;Asystent Osobisty Osoby Niepe\u0142nosprawnej&#8221;<\/mark><\/a>    (docx 24 KB)<\/p>\n\n\n\n<p>Klauzula zgody na przetwarzanie danych osobowych zgodnej z RODO<br><a rel=\"noreferrer noopener\" href=\"https:\/\/archiwum.mops-bialapodlaska.pl\/wp-content\/uploads\/2023\/08\/klauzula_rodo_2023.pdf\" data-type=\"URL\" target=\"_blank\"><mark style=\"background-color:rgba(0, 0, 0, 0)\" class=\"has-inline-color has-vivid-cyan-blue-color\">wersja pdf<\/mark><\/a>  (120 KB)  <a href=\"https:\/\/archiwum.mops-bialapodlaska.pl\/wp-content\/uploads\/2023\/08\/klauzula_rodo_2023.docx\" data-type=\"URL\"><mark style=\"background-color:rgba(0, 0, 0, 0)\" class=\"has-inline-color has-vivid-cyan-blue-color\">wersja doc<\/mark><\/a> (18 KB)<\/p>\n\n\n\n<p><a rel=\"noreferrer noopener\" href=\"https:\/\/archiwum.mops-bialapodlaska.pl\/wp-content\/uploads\/2023\/01\/PROGRAM-AOON-JST-EDYCJA-2023.docx\" target=\"_blank\"><mark style=\"background-color:rgba(0, 0, 0, 0)\" class=\"has-inline-color has-vivid-cyan-blue-color\">Informacje o Programie &#8222;Asystent Osobisty Osoby Niepe\u0142nosprawnej&#8221; &#8211; edycja 2023<\/mark><\/a>  (docx 88 KB)<\/p>\n\n\n\n<p><a href=\"https:\/\/archiwum.mops-bialapodlaska.pl\/wp-content\/uploads\/2023\/02\/program-o-zmianie-programu-aoon-jst-16.02.2023-1676643812.pdf\" target=\"_blank\" rel=\"noreferrer noopener\"><mark style=\"background-color:rgba(0, 0, 0, 0)\" class=\"has-inline-color has-vivid-cyan-blue-color\">Zmiana Programu &#8222;Asystent osobisty osoby niepe\u0142nosprawnej&#8221; &#8211; edycja 2023<\/mark><\/a>    (pdf, 107 KB)<\/p>\n","protected":false},"excerpt":{"rendered":"<p>Program &#8222;Asystent Osobisty Osoby Niepe\u0142nosprawnej&#8221; &#8211; edycja 2023 Miasto Bia\u0142a Podlaska otrzyma\u0142o dofinansowanie ze \u015brodk\u00f3w Funduszu Solidarno\u015bciowego na&nbsp;realizacj\u0119 resortowego Programu Ministra Rodziny i Polityki Spo\u0142ecznej \u201eAsystent osobisty osoby niepe\u0142nosprawnej\u201d \u2013 edycja 2023. Program realizuje Miejski O\u015brodek Pomocy Spo\u0142ecznej w&nbsp;Bia\u0142ej Podlaskiej. Na realizacj\u0119 Programu przyznano \u015brodki finansowe w&nbsp;wysoko\u015bci 2&nbsp;149 976,40 z\u0142. G\u0142\u00f3wnym celem Programu jest wprowadzenie [&hellip;]<\/p>\n","protected":false},"author":1,"featured_media":0,"parent":0,"menu_order":0,"comment_status":"closed","ping_status":"closed","template":"","meta":[],"_links":{"self":[{"href":"https:\/\/archiwum.mops-bialapodlaska.pl\/index.php?rest_route=\/wp\/v2\/pages\/2824"}],"collection":[{"href":"https:\/\/archiwum.mops-bialapodlaska.pl\/index.php?rest_route=\/wp\/v2\/pages"}],"about":[{"href":"https:\/\/archiwum.mops-bialapodlaska.pl\/index.php?rest_route=\/wp\/v2\/types\/page"}],"author":[{"embeddable":true,"href":"https:\/\/archiwum.mops-bialapodlaska.pl\/index.php?rest_route=\/wp\/v2\/users\/1"}],"replies":[{"embeddable":true,"href":"https:\/\/archiwum.mops-bialapodlaska.pl\/index.php?rest_route=%2Fwp%2Fv2%2Fcomments&post=2824"}],"version-history":[{"count":10,"href":"https:\/\/archiwum.mops-bialapodlaska.pl\/index.php?rest_route=\/wp\/v2\/pages\/2824\/revisions"}],"predecessor-version":[{"id":3518,"href":"https:\/\/archiwum.mops-bialapodlaska.pl\/index.php?rest_route=\/wp\/v2\/pages\/2824\/revisions\/3518"}],"wp:attachment":[{"href":"https:\/\/archiwum.mops-bialapodlaska.pl\/index.php?rest_route=%2Fwp%2Fv2%2Fmedia&parent=2824"}],"curies":[{"name":"wp","href":"https:\/\/api.w.org\/{rel}","templated":true}]}}