{"id":2599,"date":"2022-09-29T13:28:45","date_gmt":"2022-09-29T11:28:45","guid":{"rendered":"\/?page_id=2599"},"modified":"2023-07-06T08:22:44","modified_gmt":"2023-07-06T06:22:44","slug":"dodatek-inne-zrodla-ciepla","status":"publish","type":"page","link":"https:\/\/archiwum.mops-bialapodlaska.pl\/?page_id=2599","title":{"rendered":"Dodatek &#8211; inne \u017ar\u00f3d\u0142a ciep\u0142a"},"content":{"rendered":"\n<p class=\"has-large-font-size\"><strong>Dodatek &#8211; inne \u017ar\u00f3d\u0142a ciep\u0142a<\/strong><\/p>\n\n\n\n<p><a rel=\"noreferrer noopener\" href=\"\/wp-content\/uploads\/2022\/11\/dodatek_grzewczy_wzor_wniosku.pdf\" target=\"_blank\"><mark style=\"background-color:rgba(0, 0, 0, 0)\" class=\"has-inline-color has-vivid-cyan-blue-color\">Wz\u00f3r wniosku o wyp\u0142at\u0119 dodatku &#8211; inne \u017ar\u00f3d\u0142a ciep\u0142a<\/mark><\/a>   (pdf, 406 KB)<\/p>\n\n\n\n<p><a rel=\"noreferrer noopener\" href=\"\/wp-content\/uploads\/2022\/09\/Instruktaz_Jak_wypelnic_wniosek_o_dodatek_gospodarstwa_domowe_strona.docx\" target=\"_blank\"><mark style=\"background-color:rgba(0, 0, 0, 0)\" class=\"has-inline-color has-vivid-cyan-blue-color\">Instrukta\u017c jak wype\u0142ni\u0107 wniosek o dodatek &#8211; inne \u017ar\u00f3d\u0142a ciep\u0142a<\/mark><\/a>   (docx, 41 KB)<\/p>\n\n\n\n<p>Klauzula Zgody Na Przetwarzanie Danych Osobowych Zgodnej Z RODO<br><a rel=\"noreferrer noopener\" href=\"https:\/\/archiwum.mops-bialapodlaska.pl\/wp-content\/uploads\/2023\/07\/Klauzula-informacyjna-rodo.pdf\" data-type=\"URL\" data-id=\"https:\/\/archiwum.mops-bialapodlaska.pl\/wp-content\/uploads\/2023\/07\/Klauzula-informacyjna-rodo.pdf\" target=\"_blank\"><mark style=\"background-color:rgba(0, 0, 0, 0)\" class=\"has-inline-color has-vivid-cyan-blue-color\">wersja pdf<\/mark><\/a>  (120 KB)  <a href=\"https:\/\/archiwum.mops-bialapodlaska.pl\/wp-content\/uploads\/2023\/07\/Klauzula-informacyjna-rodo.docx\" data-type=\"URL\" data-id=\"https:\/\/archiwum.mops-bialapodlaska.pl\/wp-content\/uploads\/2023\/07\/Klauzula-informacyjna-rodo.docx\"><mark style=\"background-color:rgba(0, 0, 0, 0)\" class=\"has-inline-color has-vivid-cyan-blue-color\">wersja doc<\/mark><\/a> (18 KB)<\/p>\n","protected":false},"excerpt":{"rendered":"<p>Dodatek &#8211; inne \u017ar\u00f3d\u0142a ciep\u0142a Wz\u00f3r wniosku o wyp\u0142at\u0119 dodatku &#8211; inne \u017ar\u00f3d\u0142a ciep\u0142a (pdf, 406 KB) Instrukta\u017c jak wype\u0142ni\u0107 wniosek o dodatek &#8211; inne \u017ar\u00f3d\u0142a ciep\u0142a (docx, 41 KB) Klauzula Zgody Na Przetwarzanie Danych Osobowych Zgodnej Z RODOwersja pdf (120 KB) wersja doc (18 KB)<\/p>\n","protected":false},"author":1,"featured_media":0,"parent":0,"menu_order":0,"comment_status":"closed","ping_status":"closed","template":"","meta":[],"_links":{"self":[{"href":"https:\/\/archiwum.mops-bialapodlaska.pl\/index.php?rest_route=\/wp\/v2\/pages\/2599"}],"collection":[{"href":"https:\/\/archiwum.mops-bialapodlaska.pl\/index.php?rest_route=\/wp\/v2\/pages"}],"about":[{"href":"https:\/\/archiwum.mops-bialapodlaska.pl\/index.php?rest_route=\/wp\/v2\/types\/page"}],"author":[{"embeddable":true,"href":"https:\/\/archiwum.mops-bialapodlaska.pl\/index.php?rest_route=\/wp\/v2\/users\/1"}],"replies":[{"embeddable":true,"href":"https:\/\/archiwum.mops-bialapodlaska.pl\/index.php?rest_route=%2Fwp%2Fv2%2Fcomments&post=2599"}],"version-history":[{"count":6,"href":"https:\/\/archiwum.mops-bialapodlaska.pl\/index.php?rest_route=\/wp\/v2\/pages\/2599\/revisions"}],"predecessor-version":[{"id":3395,"href":"https:\/\/archiwum.mops-bialapodlaska.pl\/index.php?rest_route=\/wp\/v2\/pages\/2599\/revisions\/3395"}],"wp:attachment":[{"href":"https:\/\/archiwum.mops-bialapodlaska.pl\/index.php?rest_route=%2Fwp%2Fv2%2Fmedia&parent=2599"}],"curies":[{"name":"wp","href":"https:\/\/api.w.org\/{rel}","templated":true}]}}