{"id":2548,"date":"2022-08-17T09:51:15","date_gmt":"2022-08-17T07:51:15","guid":{"rendered":"\/?page_id=2548"},"modified":"2023-07-06T08:20:54","modified_gmt":"2023-07-06T06:20:54","slug":"wniosek-o-wyplate-dodatku-weglowego","status":"publish","type":"page","link":"https:\/\/archiwum.mops-bialapodlaska.pl\/?page_id=2548","title":{"rendered":"Wniosek o wyp\u0142at\u0119 dodatku w\u0119glowego"},"content":{"rendered":"\n<p class=\"has-large-font-size\"><strong>Wniosek o wyp\u0142at\u0119 dodatku w\u0119glowego<\/strong><\/p>\n\n\n\n<p><a rel=\"noreferrer noopener\" href=\"\/wp-content\/uploads\/2022\/08\/wniosek_dodatek_weglowy.pdf\" target=\"_blank\"><mark style=\"background-color:rgba(0, 0, 0, 0)\" class=\"has-inline-color has-vivid-cyan-blue-color\">Wz\u00f3r wniosku<\/mark><\/a><\/p>\n\n\n\n<p>Klauzula Zgody Na Przetwarzanie Danych Osobowych Zgodnej Z RODO<br><a rel=\"noreferrer noopener\" href=\"https:\/\/archiwum.mops-bialapodlaska.pl\/wp-content\/uploads\/2023\/07\/Klauzula-informacyjna-rodo.pdf\" data-type=\"URL\" data-id=\"https:\/\/archiwum.mops-bialapodlaska.pl\/wp-content\/uploads\/2023\/07\/Klauzula-informacyjna-rodo.pdf\" target=\"_blank\"><mark style=\"background-color:rgba(0, 0, 0, 0)\" class=\"has-inline-color has-vivid-cyan-blue-color\">wersja pdf<\/mark><\/a>  (120 KB)  <a href=\"https:\/\/archiwum.mops-bialapodlaska.pl\/wp-content\/uploads\/2023\/07\/Klauzula-informacyjna-rodo.docx\" data-type=\"URL\" data-id=\"https:\/\/archiwum.mops-bialapodlaska.pl\/wp-content\/uploads\/2023\/07\/Klauzula-informacyjna-rodo.docx\"><mark style=\"background-color:rgba(0, 0, 0, 0)\" class=\"has-inline-color has-vivid-cyan-blue-color\">wersja doc<\/mark><\/a> (18 KB)<\/p>\n","protected":false},"excerpt":{"rendered":"<p>Wniosek o wyp\u0142at\u0119 dodatku w\u0119glowego Wz\u00f3r wniosku Klauzula Zgody Na Przetwarzanie Danych Osobowych Zgodnej Z RODOwersja pdf (120 KB) wersja doc (18 KB)<\/p>\n","protected":false},"author":1,"featured_media":0,"parent":0,"menu_order":0,"comment_status":"closed","ping_status":"closed","template":"","meta":[],"_links":{"self":[{"href":"https:\/\/archiwum.mops-bialapodlaska.pl\/index.php?rest_route=\/wp\/v2\/pages\/2548"}],"collection":[{"href":"https:\/\/archiwum.mops-bialapodlaska.pl\/index.php?rest_route=\/wp\/v2\/pages"}],"about":[{"href":"https:\/\/archiwum.mops-bialapodlaska.pl\/index.php?rest_route=\/wp\/v2\/types\/page"}],"author":[{"embeddable":true,"href":"https:\/\/archiwum.mops-bialapodlaska.pl\/index.php?rest_route=\/wp\/v2\/users\/1"}],"replies":[{"embeddable":true,"href":"https:\/\/archiwum.mops-bialapodlaska.pl\/index.php?rest_route=%2Fwp%2Fv2%2Fcomments&post=2548"}],"version-history":[{"count":4,"href":"https:\/\/archiwum.mops-bialapodlaska.pl\/index.php?rest_route=\/wp\/v2\/pages\/2548\/revisions"}],"predecessor-version":[{"id":3393,"href":"https:\/\/archiwum.mops-bialapodlaska.pl\/index.php?rest_route=\/wp\/v2\/pages\/2548\/revisions\/3393"}],"wp:attachment":[{"href":"https:\/\/archiwum.mops-bialapodlaska.pl\/index.php?rest_route=%2Fwp%2Fv2%2Fmedia&parent=2548"}],"curies":[{"name":"wp","href":"https:\/\/api.w.org\/{rel}","templated":true}]}}