{"id":1790,"date":"2022-01-18T13:00:16","date_gmt":"2022-01-18T12:00:16","guid":{"rendered":"http:\/\/tbklhnu.cluster028.hosting.ovh.net\/?page_id=1790"},"modified":"2023-02-23T12:09:38","modified_gmt":"2023-02-23T11:09:38","slug":"program-opieka-wytchbieniowa-edycja-2022","status":"publish","type":"page","link":"https:\/\/archiwum.mops-bialapodlaska.pl\/?page_id=1790","title":{"rendered":"Program &#8222;Opieka wytchieniowa&#8221; &#8211; edycja 2022"},"content":{"rendered":"\n<p class=\"has-large-font-size\"><strong>Program &#8222;Opieka wytchieniowa&#8221; &#8211; edycja 2022<\/strong><\/p>\n\n\n\n<figure class=\"wp-block-image size-large\"><img decoding=\"async\" src=\"http:\/\/tbklhnu.cluster028.hosting.ovh.net\/wp-content\/uploads\/2021\/04\/logo_MRiPS_png-1024x512.png\" alt=\"\"\/><figcaption class=\"wp-element-caption\">Logo ministerstwa<\/figcaption><\/figure>\n\n\n\n<p><a rel=\"noreferrer noopener\" href=\"https:\/\/tbklhnu.cluster028.hosting.ovh.net\/wp-content\/uploads\/2022\/03\/Informacje_OW_2022_na-str_int_zgodnie-z-wytycznymi.docx\" target=\"_blank\"><mark style=\"background-color:rgba(0, 0, 0, 0)\" class=\"has-inline-color has-vivid-cyan-blue-color\">Informacja o dofinansowaniu Programu \u201eOpieka wytchnieniowa\u201d \u2013 edycja 2022<\/mark><\/a><\/p>\n\n\n\n<p>Gmina Miejska Bia\u0142a Podlaska otrzyma\u0142a dofinansowanie ze \u015brodk\u00f3w Funduszu Solidarno\u015bciowego na&nbsp;realizacj\u0119 resortowego Programu Ministra Rodziny i Polityki Spo\u0142ecznej \u201eOpieka wytchnieniowa\u201d \u2013 edycja 2022. Program realizuje Miejski O\u015brodek Pomocy Spo\u0142ecznej w Bia\u0142ej Podlaskiej.<\/p>\n\n\n\n<p>Na realizacj\u0119 Programu przyznano \u015brodki finansowe w wysoko\u015bci 1&nbsp;174&nbsp;224,00 z\u0142.<\/p>\n\n\n\n<p>G\u0142\u00f3wnym celem Programu jest wsparcie cz\u0142onk\u00f3w rodzin lub opiekun\u00f3w sprawuj\u0105cych bezpo\u015bredni\u0105 opiek\u0119 nad:<br>1) dzie\u0107mi z orzeczeniem o niepe\u0142nosprawno\u015bci,<br>2) osobami posiadaj\u0105cymi:<br>a) orzeczenie o znacznym stopniu niepe\u0142nosprawno\u015bci (zgodnie z ustaw\u0105 z dnia 27 sierpnia 1997 r. o rehabilitacji zawodowej i spo\u0142ecznej oraz zatrudnianiu os\u00f3b niepe\u0142nosprawnych (Dz. U. z 2021 r. poz. 573, z p\u00f3\u017an. zm.) albo<br>b) orzeczenie traktowane na r\u00f3wni z orzeczeniem o znacznym stopniu niepe\u0142nosprawno\u015bci (zgodnie z art. 5 i art. 62 ww. ustawy z dnia 27 sierpnia 1997 r. o rehabilitacji zawodowej i spo\u0142ecznej oraz zatrudnianiu os\u00f3b niepe\u0142nosprawnych)<br>&#8211; poprzez mo\u017cliwo\u015b\u0107 uzyskania dora\u017anej, czasowej pomocy w formie us\u0142ugi opieki wytchnieniowej.<\/p>\n\n\n\n<p>Program ma tak\u017ce zapewnia\u0107:<br>1) w odniesieniu do rozwi\u0105za\u0144 systemowych:<br>a) wzmocnienie dotychczasowego systemu wsparcia poprzez \u015bwiadczenie us\u0142ug opieki wytchnieniowej dla cz\u0142onk\u00f3w rodzin lub opiekun\u00f3w sprawuj\u0105cych bezpo\u015bredni\u0105 opiek\u0119 nad dzie\u0107mi z orzeczon\u0105 niepe\u0142nosprawno\u015bci\u0105 lub osobami ze znacznym stopniem niepe\u0142nosprawno\u015bci\/osobami z orzeczeniem traktowanym na r\u00f3wni z orzeczeniem o znacznym stopniu niepe\u0142nosprawno\u015bci,<br>b) wsparcie finansowe gmin\/powiat\u00f3w w zakresie realizacji us\u0142ug opieki wytchnieniowej;<br>2) w odniesieniu do cz\u0142onk\u00f3w rodzin lub opiekun\u00f3w os\u00f3b niepe\u0142nosprawnych: czasowe odci\u0105\u017cenie od codziennych obowi\u0105zk\u00f3w \u0142\u0105cz\u0105cych si\u0119 ze sprawowaniem opieki, zapewnienie czasu na odpoczynek i regeneracj\u0119.<\/p>\n\n\n\n<p>Program adresowany jest do cz\u0142onk\u00f3w rodzin lub opiekun\u00f3w sprawuj\u0105cych bezpo\u015bredni\u0105 opiek\u0119 nad dzie\u0107mi z orzeczeniem o niepe\u0142nosprawno\u015bci i osobami posiadaj\u0105cymi orzeczenie o znacznym stopniu niepe\u0142nosprawno\u015bci albo orzeczenie traktowane na r\u00f3wni z orzeczeniem o znacznym stopniu niepe\u0142nosprawno\u015bci, kt\u00f3rzy wymagaj\u0105 us\u0142ug opieki wytchnieniowej. Us\u0142ugi opieki wytchnieniowej przys\u0142uguj\u0105 w przypadku zamieszkiwania cz\u0142onka rodziny lub opiekuna ubiegaj\u0105cego si\u0119 o przyznanie us\u0142ug opieki wytchnieniowej we wsp\u00f3lnym gospodarstwie domowym z osob\u0105 niepe\u0142nosprawn\u0105 i sprawowania ca\u0142odobowej opieki nad osob\u0105 niepe\u0142nosprawn\u0105.<\/p>\n\n\n\n<p>Program b\u0119dzie realizowany w nast\u0119puj\u0105cych formach:<br>1) \u015bwiadczenia us\u0142ug opieki wytchnieniowej w ramach pobytu dziennego w:<br>a) miejscu zamieszkania osoby niepe\u0142nosprawnej,<br>b) innym miejscu wskazanym przez uczestnika Programu, kt\u00f3re otrzyma pozytywn\u0105 opini\u0119 gminy\/powiatu.<br>2) \u015bwiadczenia us\u0142ug opieki wytchnieniowej w ramach pobytu ca\u0142odobowego w:<br>a) innym miejscu wskazanym przez uczestnika Programu, kt\u00f3re otrzyma pozytywn\u0105 opini\u0119 gminy\/powiatu.<\/p>\n\n\n\n<p>W ramach Programu ustalono nast\u0119puj\u0105ce limity:<br>1) limit 240 godzin dla us\u0142ug opieki wytchnieniowej \u015bwiadczonej w ramach pobytu dziennego;<br>2) limit 14 dni dla us\u0142ug opieki wytchnieniowej \u015bwiadczonej w ramach pobytu ca\u0142odobowego.<br>Limit, o kt\u00f3rym mowa wy\u017cej, dotyczy r\u00f3wnie\u017c:<br>1) wi\u0119cej ni\u017c jednego opiekuna sprawuj\u0105cego bezpo\u015bredni\u0105 opiek\u0119 nad jedn\u0105 osob\u0105 niepe\u0142nosprawn\u0105;<br>2) opiekuna sprawuj\u0105cego bezpo\u015bredni\u0105 opiek\u0119 dla wi\u0119cej ni\u017c 1 osoby niepe\u0142nosprawnej.<br>Us\u0142ugi opieki wytchnieniowej dla opiekuna sprawuj\u0105cego bezpo\u015bredni\u0105 opiek\u0119 nad wi\u0119cej ni\u017c jedn\u0105 osob\u0105 niepe\u0142nosprawn\u0105 musz\u0105 by\u0107 realizowane w tym samym czasie, z zastrze\u017ceniem zapewnienia indywidualnego wsparcia.<\/p>\n\n\n\n<p>Realizacja Programu pozwoli zapewni\u0107 cz\u0142onkom rodziny lub opiekunom os\u00f3b niepe\u0142nosprawnych wsparcie ich w codziennych obowi\u0105zkach lub zapewni\u0107 czasowe zast\u0119pstwo. Dzi\u0119ki temu wsparciu osoby zaanga\u017cowane na co dzie\u0144 w sprawowanie opieki dysponowa\u0107 b\u0119d\u0105 czasem, kt\u00f3ry b\u0119d\u0105 mog\u0142y przeznaczy\u0107 na odpoczynek i&nbsp;regeneracj\u0119 jak r\u00f3wnie\u017c na za\u0142atwienie niezb\u0119dnych spraw. Us\u0142ugi opieki wytchnieniowej b\u0119d\u0105 s\u0142u\u017cy\u0107 r\u00f3wnie\u017c okresowemu zabezpieczeniu potrzeb osoby niepe\u0142noprawnej w sytuacji, gdy opiekunowie z r\u00f3\u017cnych powod\u00f3w nie b\u0119d\u0105 mogli wykonywa\u0107 swoich obowi\u0105zk\u00f3w.<\/p>\n\n\n\n<p class=\"has-text-align-center\"><strong>Og\u0142oszenie o naborze kart zg\u0142osze\u0144<\/strong><br><strong>do Programu \u201eOpieka wytchnieniowa\u201d &#8211; edycja 2022<\/strong><\/p>\n\n\n\n<p>Gmina Miejska Bia\u0142a Podlaska przyst\u0105pi\u0142a do Programu \u201eOpieka wytchnieniowa\u201d \u2013 edycja 2022 og\u0142oszonego przez Ministra Rodziny i Polityki Spo\u0142ecznej. Program b\u0119dzie realizowany przez Miejski O\u015brodek Pomocy Spo\u0142ecznej w Bia\u0142ej Podlaskiej. Wsparcie w ramach Programu finansowane jest ze \u015brodk\u00f3w Funduszu Solidarno\u015bciowego.<\/p>\n\n\n\n<p>Rozpocz\u0119cie realizacji Programu planowane jest po zawarciu umowy z Wojewod\u0105 Lubelskim w sprawie wysoko\u015bci i trybu przekazywania \u015brodk\u00f3w Funduszu Solidarno\u015bciowego.<br>Termin realizacji Programu up\u0142ywa w dniu 31 grudnia 2022 roku.<\/p>\n\n\n\n<p>G\u0142\u00f3wnym celem Programu jest wsparcie cz\u0142onk\u00f3w rodzin lub opiekun\u00f3w sprawuj\u0105cych bezpo\u015bredni\u0105 opiek\u0119 nad:<br>1) dzie\u0107mi z orzeczeniem o niepe\u0142nosprawno\u015bci,<br>2) osobami posiadaj\u0105cymi:<br>a) orzeczenie o znacznym stopniu niepe\u0142nosprawno\u015bci (zgodnie z ustaw\u0105 z dnia 27 sierpnia 1997 r. o rehabilitacji zawodowej i spo\u0142ecznej oraz zatrudnianiu os\u00f3b niepe\u0142nosprawnych (Dz. U. z 2021 r. poz. 573) albo<br>b) orzeczenie traktowane na r\u00f3wni z orzeczeniem o znacznym stopniu niepe\u0142nosprawno\u015bci (zgodnie z art. 5 i art. 62 ww. ustawy z dnia 27 sierpnia 1997 r. o rehabilitacji zawodowej i spo\u0142ecznej oraz zatrudnianiu os\u00f3b niepe\u0142nosprawnych)<br>\u2012 poprzez mo\u017cliwo\u015b\u0107 uzyskania dora\u017anej, czasowej pomocy w formie us\u0142ugi opieki wytchnieniowej.<\/p>\n\n\n\n<p><strong>Us\u0142ugi opieki wytchnieniowej przys\u0142uguj\u0105 w przypadku zamieszkiwania cz\u0142onka rodziny lub opiekuna ubiegaj\u0105cego si\u0119 o przyznanie us\u0142ug opieki wytchnieniowej, &nbsp;we wsp\u00f3lnym gospodarstwie domowym z osob\u0105 niepe\u0142nosprawn\u0105 i sprawowania ca\u0142odobowej opieki nad osob\u0105 niepe\u0142nosprawn\u0105.<\/strong><br>Gmina przyznaje us\u0142ugi opieki wytchnieniowej na podstawie adresu zamieszkania osoby niepe\u0142nosprawnej.<br>Gmina przyznaj\u0105c us\u0142ugi opieki wytchnieniowej bierze pod uwag\u0119 stan zdrowia i&nbsp;sytuacj\u0119 \u017cyciow\u0105 uczestnik\u00f3w Programu. Gmina\/powiat w pierwszej kolejno\u015bci uwzgl\u0119dnia potrzeby cz\u0142onk\u00f3w rodzin lub opiekun\u00f3w sprawuj\u0105cych bezpo\u015bredni\u0105 opiek\u0119 nad dzieckiem z orzeczeniem o niepe\u0142nosprawno\u015bci lub osob\u0105 ze znacznym stopniem niepe\u0142nosprawno\u015bci lub z orzeczeniem traktowanym na r\u00f3wni z orzeczeniem o znacznym stopniu niepe\u0142nosprawno\u015bci, kt\u00f3ra:<br>1) ma niepe\u0142nosprawno\u015b\u0107 sprz\u0119\u017con\u0105\/z\u0142o\u017con\u0105 (przez niepe\u0142nosprawno\u015b\u0107 sprz\u0119\u017con\u0105 rozumie si\u0119 posiadanie orzeczenia ze wskazaniem co najmniej dw\u00f3ch przyczyn niepe\u0142nosprawno\u015bci) lub<br>2) wymaga wysokiego poziomu wsparcia (osoby ze znacznym stopniem niepe\u0142nosprawno\u015bci oraz dzieci niepe\u0142nosprawne z orzeczeniem o niepe\u0142nosprawno\u015bci \u0142\u0105cznie ze wskazaniami w pkt 7 i 8 w orzeczeniu o niepe\u0142nosprawno\u015bci: konieczno\u015bci sta\u0142ej lub d\u0142ugotrwa\u0142ej opieki lub pomocy innej osoby w zwi\u0105zku ze znacznie ograniczon\u0105 mo\u017cliwo\u015bci\u0105 samodzielnej egzystencji oraz konieczno\u015bci sta\u0142ego wsp\u00f3\u0142udzia\u0142u na co dzie\u0144 opiekuna dziecka w procesie jego leczenia, rehabilitacji i edukacji) lub<br>3) stale przebywa w domu, tj. nie korzysta z o\u015brodka wsparcia lub plac\u00f3wek pobytu ca\u0142odobowego, np. o\u015brodka szkolno-wychowawczego czy internatu.<\/p>\n\n\n\n<p>W celu rzetelnej kwalifikacji uczestnik\u00f3w Programu zosta\u0142 wprowadzony pomiar ogranicze\u0144 w codziennym funkcjonowaniu oraz zakresu niezb\u0119dnego wsparcia. Ocena ogranicze\u0144 w codziennym funkcjonowaniu oraz zakres niezb\u0119dnego wsparcia jest dokonywana na podstawie danych zawartych w <em>Karcie pomiaru niezale\u017cno\u015bci funkcjonalnej wg zmodyfikowanych kryteri\u00f3w oceny &#8211;<\/em> Skali FIM (stanowi\u0105cej za\u0142\u0105cznik nr 7 do Programu), kt\u00f3r\u0105 <strong>wype\u0142nia lekarz rodzinny\/lekarz rehabilitacji medycznej\/fizjoterapeuta\/piel\u0119gniarka<\/strong>.<br>Je\u015bli wynik takiego badania wyniesie od 18 do 75 punkt\u00f3w (wg zmodyfikowanej punktacji), w\u00f3wczas us\u0142uga opieki wytchnieniowej w pierwszej kolejno\u015bci powinna trafi\u0107 do cz\u0142onka rodziny lub opiekuna sprawuj\u0105cego bezpo\u015bredni\u0105 opiek\u0119 nad tak\u0105 osob\u0105 niepe\u0142nosprawn\u0105. Nie jest to dokument obowi\u0105zkowy, jednak w przypadku du\u017cej liczby zg\u0142osze\u0144 uczestnicy Programu posiadaj\u0105cy t\u0119 Kart\u0119 b\u0119d\u0105 mie\u0107 zapewniony dost\u0119p do us\u0142ugi opieki wytchnieniowej w pierwszej kolejno\u015bci.<\/p>\n\n\n\n<p><strong>Program b\u0119dzie realizowany w nast\u0119puj\u0105cych formach:<\/strong><br>1) \u015bwiadczenia us\u0142ug opieki wytchnieniowej w ramach <strong>pobytu dziennego<\/strong> w:<br>a) miejscu zamieszkania osoby niepe\u0142nosprawnej,<br>b) innym miejscu wskazanym przez uczestnika Programu, kt\u00f3re otrzyma pozytywn\u0105 opini\u0119 gminy.<br>2) \u015bwiadczenia us\u0142ug opieki wytchnieniowej w ramach <strong>pobytu ca\u0142odobowego<\/strong> w:<br>a) innym miejscu wskazanym przez uczestnika Programu, kt\u00f3re otrzyma pozytywn\u0105 opini\u0119 gminy\/powiatu.<\/p>\n\n\n\n<p>Us\u0142ugi opieki wytchnieniowej realizowane w formie: \u201ew innym miejscu wskazanym przez uczestnika Programu, kt\u00f3re otrzyma pozytywn\u0105 opini\u0119 gminy\/powiatu\u201d, mog\u0105 \u015bwiadczy\u0107:<br>a) osoby posiadaj\u0105ce dyplom potwierdzaj\u0105cy uzyskanie kwalifikacji w zawodzie asystent osoby niepe\u0142nosprawnej\/piel\u0119gniarka lub innym, zapewniaj\u0105cym realizacj\u0119 us\u0142ugi opieki wytchnieniowej w zakresie adekwatnym do indywidualnych potrzeb osoby niepe\u0142nosprawnej (wynikaj\u0105cych z Karty zg\u0142oszenia do Programu Opieka wytchnieniowa \u2013 edycja 2022, stanowi\u0105cej za\u0142\u0105cznik nr 8 do Programu) lub<br>b) osoby posiadaj\u0105ce, co najmniej roczne, udokumentowane do\u015bwiadczenie w udzielaniu bezpo\u015bredniej pomocy\/opieki osobom niepe\u0142nosprawnym.<\/p>\n\n\n\n<p>Limit us\u0142ug opieki wytchnieniowej finansowanych ze \u015brodk\u00f3w Funduszu Solidarno\u015bciowego przypadaj\u0105cych na 1 uczestnika wynosi nie wi\u0119cej ni\u017c:<br>1) <strong>240 godzin <\/strong>dla us\u0142ug opieki wytchnieniowej \u015bwiadczonej w ramach pobytu dziennego oraz<br>2) <strong>14 dni<\/strong> dla us\u0142ug opieki wytchnieniowej \u015bwiadczonej w ramach pobytu ca\u0142odobowego.<\/p>\n\n\n\n<p>Limit, o kt\u00f3rym mowa wy\u017cej, dotyczy r\u00f3wnie\u017c:<br>1) wi\u0119cej ni\u017c jednego opiekuna sprawuj\u0105cego bezpo\u015bredni\u0105 opiek\u0119 nad jedn\u0105 osob\u0105 niepe\u0142nosprawn\u0105;<br>2) opiekuna sprawuj\u0105cego bezpo\u015bredni\u0105 opiek\u0119 dla wi\u0119cej ni\u017c 1 osoby niepe\u0142nosprawnej.<\/p>\n\n\n\n<p>Us\u0142ugi opieki wytchnieniowej dla opiekuna sprawuj\u0105cego bezpo\u015bredni\u0105 opiek\u0119 nad wi\u0119cej ni\u017c jedn\u0105 osob\u0105 niepe\u0142nosprawn\u0105 musz\u0105 by\u0107 realizowane w tym samym czasie, z zastrze\u017ceniem zapewnienia indywidualnego wsparcia.<br>Maksymalna d\u0142ugo\u015b\u0107 nieprzerwanego \u015bwiadczenia us\u0142ug w formie pobytu dziennego wynosi 12 godzin dla jednej osoby niepe\u0142nosprawnej. Us\u0142ugi w formie pobytu dziennego mog\u0105 by\u0107 \u015bwiadczone w godzinach 6.00 \u2013 22.00.<br>Rodzaj i zakres godzinowy us\u0142ug opieki wytchnieniowej powinien by\u0107 uzale\u017cniony od osobistej sytuacji osoby niepe\u0142nosprawnej z uwzgl\u0119dnieniem stopnia i rodzaju niepe\u0142nosprawno\u015bci uczestnika Programu.<br>Us\u0142ugi opieki wytchnieniowej s\u0105 realizowane na rzecz osoby niepe\u0142nosprawnej i wskutek jej decyzji lub decyzji opiekuna prawnego, a nie dla poszczeg\u00f3lnych cz\u0142onk\u00f3w rodziny osoby niepe\u0142nosprawnej.<\/p>\n\n\n\n<p>Gmina\/powiat kwalifikuje do przyznania\/przyznaje us\u0142ugi opieki wytchnieniowej na podstawie Karty zg\u0142oszenia do Programu Opieka wytchnieniowa \u2013 edycja 2022, kt\u00f3rej wz\u00f3r stanowi za\u0142\u0105cznik nr 8 do Programu.<\/p>\n\n\n\n<p>Gmina\/powiat umo\u017cliwi osobie niepe\u0142nosprawnej lub cz\u0142onkom rodziny\/opiekunom sprawuj\u0105cym bezpo\u015bredni\u0105 opiek\u0119 nad dzie\u0107mi z orzeczeniem o niepe\u0142nosprawno\u015bci lub nad osobami ze znacznym stopniem niepe\u0142nosprawno\u015bci lub orzeczeniem traktowanym na r\u00f3wni z orzeczeniem o znacznym stopniu niepe\u0142nosprawno\u015bci samodzielny wyb\u00f3r:<br>1) osoby, kt\u00f3ra b\u0119dzie \u015bwiadczy\u0107 us\u0142ug\u0119 opieki wytchnieniowej;<br>2) miejsca, o kt\u00f3rym mowa w Programie w dziale V ust. 5 pkt 1 lit. c oraz ust. 5 pkt 2 lit. c, z zastrze\u017ceniem, i\u017c wskazane miejsce otrzyma pozytywn\u0105 opini\u0119 gminy\/powiatu.<\/p>\n\n\n\n<p>Us\u0142ugi opieki wytchnieniowej nie mog\u0105 by\u0107 \u015bwiadczone przez cz\u0142onk\u00f3w rodziny, opiekun\u00f3w prawnych lub osoby faktycznie zamieszkuj\u0105ce razem z uczestnikiem Programu. Na potrzeby realizacji Programu za cz\u0142onk\u00f3w rodziny uzna\u0107 nale\u017cy rodzic\u00f3w i dzieci, rodze\u0144stwo, wnuki, dziadk\u00f3w, te\u015bci\u00f3w, macoch\u0119, ojczyma oraz inne osoby pozostaj\u0105ce we wsp\u00f3lnym gospodarstwie domowym z uczestnikiem Programu.<\/p>\n\n\n\n<p>W przypadku zmiany miejsca zamieszkania\/pobytu uczestnik Programu sk\u0142ada do gminy \/powiatu o\u015bwiadczenie o wcze\u015bniejszym korzystaniu z us\u0142ug opieki wytchnieniowej.<\/p>\n\n\n\n<p>Uczestnik Programu, kt\u00f3remu przyznano pomoc w postaci us\u0142ug opieki wytchnieniowej nie ponosi odp\u0142atno\u015bci za us\u0142ugi przyznane w ramach Programu.<\/p>\n\n\n\n<p><strong>Osoba potrzebuj\u0105ca wsparcia w postaci us\u0142ug opieki wytchnieniowej sk\u0142ada w Miejskim O\u015brodku Pomocy Spo\u0142ecznej w Bia\u0142ej Podlaskiej przy ul. Marsza\u0142ka J\u00f3zefa Pi\u0142sudskiego 24, 21-500 Bia\u0142a Podlaska lub poczt\u0105 tradycyjn\u0105:<\/strong><br>1) Kart\u0119 zg\u0142oszenia do Programu \u201eOpieka wytchnieniowa\u201d \u2013 edycja 2022,<br>2) Kserokopi\u0119 aktualnego orzeczenia o stopniu niepe\u0142nosprawno\u015bci\/ o niepe\u0142nosprawno\u015bci,<br>3) <strong>K<\/strong>lauzul\u0119 informacyjn\u0105 o przetwarzaniu danych osobowych,<br>4) O\u015bwiadczenie cz\u0142onka rodziny lub opiekuna, ubiegaj\u0105cego si\u0119 o przyznanie us\u0142ug opieki wytchnieniowej, o zamieszkiwaniu we wsp\u00f3lnym gospodarstwie domowym z osob\u0105 niepe\u0142nosprawn\u0105 i sprawowaniu ca\u0142odobowej opieki nad osob\u0105 niepe\u0142nosprawn\u0105,<br>5) Kart\u0119 pomiaru niezale\u017cno\u015bci funkcjonalnej wg zmodyfikowanych kryteri\u00f3w oceny \u2013 Skali FIM (nieobowi\u0105zkowo)<br>\u2013 <strong>w terminie do dnia 28 stycznia 2022 r.<\/strong><\/p>\n\n\n\n<p>Po up\u0142ywie ww. terminu karty zg\u0142oszenia b\u0119d\u0105 przyjmowane\/rozpatrywane wg kolejno\u015bci, do wyczerpania limitu godzin\/dni przewidzianych do realizacji w poszczeg\u00f3lnych formach Programu.<\/p>\n\n\n\n<p>Szczeg\u00f3\u0142owe informacje dotycz\u0105ce Programu mo\u017cna uzyska\u0107 w Miejskim O\u015brodku Pomocy Spo\u0142ecznej w Bia\u0142ej Podlaskiej ul. Marsza\u0142ka J\u00f3zefa Pi\u0142sudskiego 24, 21-500 Bia\u0142a Podlaska, pok\u00f3j nr 4, nr telefonu: <strong>83 344 46 14, 83 341 64 55.<\/strong><\/p>\n\n\n\n<p><strong>Do pobrania:<\/strong><\/p>\n\n\n\n<p><a href=\"http:\/\/tbklhnu.cluster028.hosting.ovh.net\/wp-content\/uploads\/2022\/01\/Zalacznik-nr-8-do-programu-Karta-zgloszenia-ow-2022.docx\" target=\"_blank\" rel=\"noreferrer noopener\">Karta zg\u0142oszenia do Programu \u201eOpieka wytchnieniowa\u201d \u2013 edycja 2022 \u2013 za\u0142\u0105cznik nr 8 do Programu<\/a><\/p>\n\n\n\n<p><a href=\"http:\/\/tbklhnu.cluster028.hosting.ovh.net\/wp-content\/uploads\/2022\/01\/Zalacznik-nr-12-do-programu-Klauzula-RODO-MOPS-ow-2022.docx\" target=\"_blank\" rel=\"noreferrer noopener\">Klauzula informacyjna o przetwarzaniu danych osobowych<\/a><\/p>\n\n\n\n<p><a href=\"http:\/\/tbklhnu.cluster028.hosting.ovh.net\/wp-content\/uploads\/2022\/01\/Oswiadczenie-o-sprawowaniu-calodobowej-opieki-ow-2022.docx\" target=\"_blank\" rel=\"noreferrer noopener\">O\u015bwiadczenie cz\u0142onka rodziny lub opiekuna, ubiegaj\u0105cego si\u0119 o przyznanie us\u0142ug opieki wytchnieniowej, o zamieszkiwaniu we wsp\u00f3lnym gospodarstwie domowym z osob\u0105 niepe\u0142nosprawn\u0105 i sprawowaniu ca\u0142odobowej opieki nad osob\u0105 niepe\u0142nosprawn\u0105<\/a><\/p>\n\n\n\n<p><a href=\"http:\/\/tbklhnu.cluster028.hosting.ovh.net\/wp-content\/uploads\/2022\/01\/Zalacznik-nr-7-do-programu-Karta-FIM-ow-2022.docx\" target=\"_blank\" rel=\"noreferrer noopener\">Karta pomiaru niezale\u017cno\u015bci funkcjonalnej wg zmodyfikowanych kryteri\u00f3w oceny &#8211; Skali FIM \u2013 za\u0142\u0105cznik nr 7 do Programu<\/a><\/p>\n\n\n\n<p><a href=\"http:\/\/tbklhnu.cluster028.hosting.ovh.net\/wp-content\/uploads\/2022\/01\/Program-Opieka-wytchnieniowa-edycja-2022-tresc.pdf\" target=\"_blank\" rel=\"noreferrer noopener\">Program \u201eOpieka wytchnieniowa\u201d \u2013 edycja 2022<\/a><\/p>\n","protected":false},"excerpt":{"rendered":"<p>Program &#8222;Opieka wytchieniowa&#8221; &#8211; edycja 2022 Informacja o dofinansowaniu Programu \u201eOpieka wytchnieniowa\u201d \u2013 edycja 2022 Gmina Miejska Bia\u0142a Podlaska otrzyma\u0142a dofinansowanie ze \u015brodk\u00f3w Funduszu Solidarno\u015bciowego na&nbsp;realizacj\u0119 resortowego Programu Ministra Rodziny i Polityki Spo\u0142ecznej \u201eOpieka wytchnieniowa\u201d \u2013 edycja 2022. Program realizuje Miejski O\u015brodek Pomocy Spo\u0142ecznej w Bia\u0142ej Podlaskiej. Na realizacj\u0119 Programu przyznano \u015brodki finansowe w wysoko\u015bci [&hellip;]<\/p>\n","protected":false},"author":1,"featured_media":0,"parent":0,"menu_order":0,"comment_status":"closed","ping_status":"closed","template":"","meta":[],"_links":{"self":[{"href":"https:\/\/archiwum.mops-bialapodlaska.pl\/index.php?rest_route=\/wp\/v2\/pages\/1790"}],"collection":[{"href":"https:\/\/archiwum.mops-bialapodlaska.pl\/index.php?rest_route=\/wp\/v2\/pages"}],"about":[{"href":"https:\/\/archiwum.mops-bialapodlaska.pl\/index.php?rest_route=\/wp\/v2\/types\/page"}],"author":[{"embeddable":true,"href":"https:\/\/archiwum.mops-bialapodlaska.pl\/index.php?rest_route=\/wp\/v2\/users\/1"}],"replies":[{"embeddable":true,"href":"https:\/\/archiwum.mops-bialapodlaska.pl\/index.php?rest_route=%2Fwp%2Fv2%2Fcomments&post=1790"}],"version-history":[{"count":6,"href":"https:\/\/archiwum.mops-bialapodlaska.pl\/index.php?rest_route=\/wp\/v2\/pages\/1790\/revisions"}],"predecessor-version":[{"id":2996,"href":"https:\/\/archiwum.mops-bialapodlaska.pl\/index.php?rest_route=\/wp\/v2\/pages\/1790\/revisions\/2996"}],"wp:attachment":[{"href":"https:\/\/archiwum.mops-bialapodlaska.pl\/index.php?rest_route=%2Fwp%2Fv2%2Fmedia&parent=1790"}],"curies":[{"name":"wp","href":"https:\/\/api.w.org\/{rel}","templated":true}]}}