{"id":1784,"date":"2022-01-18T12:30:52","date_gmt":"2022-01-18T11:30:52","guid":{"rendered":"http:\/\/tbklhnu.cluster028.hosting.ovh.net\/?page_id=1784"},"modified":"2023-02-23T12:05:08","modified_gmt":"2023-02-23T11:05:08","slug":"program-asystent-osobisty-osoby-niepelnosprawnej-edycja-2022","status":"publish","type":"page","link":"https:\/\/archiwum.mops-bialapodlaska.pl\/?page_id=1784","title":{"rendered":"Program &#8222;Asystent osobisty osoby niepe\u0142nosprawnej&#8221; &#8211; edycja 2022"},"content":{"rendered":"\n<p class=\"has-large-font-size\"><strong>Program &#8222;Asystent osobisty osoby niepe\u0142nosprawnej&#8221; &#8211; edycja 2022<\/strong><\/p>\n\n\n\n<figure class=\"wp-block-image size-large\"><img decoding=\"async\" src=\"http:\/\/tbklhnu.cluster028.hosting.ovh.net\/wp-content\/uploads\/2021\/04\/logo_MRiPS_png-1024x512.png\" alt=\"\"\/><\/figure>\n\n\n\n<p><a rel=\"noreferrer noopener\" href=\"https:\/\/tbklhnu.cluster028.hosting.ovh.net\/wp-content\/uploads\/2022\/03\/INFORMACJA_AOON_na_strone_INT_zgodnie-z-wytycznymi.docx\" target=\"_blank\"><mark style=\"background-color:rgba(0, 0, 0, 0)\" class=\"has-inline-color has-vivid-cyan-blue-color\">Informacja o dofinansowaniu Programu \u201eAsystent osobisty osoby niepe\u0142nosprawnej\u201d \u2013 edycja 2022<\/mark><\/a><\/p>\n\n\n\n<p>Miasto Bia\u0142a Podlaska otrzyma\u0142o dofinansowanie ze \u015brodk\u00f3w Funduszu Solidarno\u015bciowego na realizacj\u0119 resortowego Programu Ministra Rodziny i Polityki Spo\u0142ecznej \u201eAsystent osobisty osoby niepe\u0142nosprawnej\u201d \u2013 edycja 2022. Program realizuje Miejski O\u015brodek Pomocy Spo\u0142ecznej w&nbsp;Bia\u0142ej Podlaskiej.<\/p>\n\n\n\n<p>Na realizacj\u0119 Programu przyznano \u015brodki finansowe w&nbsp;wysoko\u015bci 2&nbsp;291&nbsp;175,00 z\u0142.<\/p>\n\n\n\n<p>G\u0142\u00f3wnym celem Programu jest wprowadzenie us\u0142ug asystenta jako formy og\u00f3lnodost\u0119pnego wsparcia w wykonywaniu codziennych czynno\u015bci oraz funkcjonowaniu w \u017cyciu spo\u0142ecznym, kt\u00f3rej adresatami s\u0105:<br>1) dzieci do 16. roku \u017cycia z orzeczeniem o niepe\u0142nosprawno\u015bci \u0142\u0105cznie ze wskazaniami: konieczno\u015bci sta\u0142ej lub d\u0142ugotrwa\u0142ej opieki lub pomocy innej osoby w zwi\u0105zku ze&nbsp;znacznie ograniczon\u0105 mo\u017cliwo\u015bci\u0105 samodzielnej egzystencji oraz konieczno\u015bci sta\u0142ego wsp\u00f3\u0142udzia\u0142u na co dzie\u0144 opiekuna dziecka w procesie jego leczenia, rehabilitacji i edukacji oraz<br>2) osoby niepe\u0142nosprawne posiadaj\u0105ce orzeczenie o niepe\u0142nosprawno\u015bci:<br>a) o stopniu znacznym lub<br>b) o stopniu umiarkowanym albo<br>c) traktowane na r\u00f3wni do wymienionych w lit. a i b.<\/p>\n\n\n\n<p>Program ma tak\u017ce zapewnia\u0107:<br>1) popraw\u0119 jako\u015bci \u017cycia os\u00f3b niepe\u0142noprawnych, w szczeg\u00f3lno\u015bci poprzez umo\u017cliwienie im jak najbardziej niezale\u017cnego \u017cycia;<br>2) wsparcie osobom niepe\u0142nosprawnym oraz pomoc adekwatn\u0105 do potrzeb;<br>3) uczestnictwo os\u00f3b niepe\u0142nosprawnych w wydarzeniach spo\u0142ecznych, kulturalnych, rozrywkowych lub sportowych itp.;<br>4) dofinansowanie jednostek samorz\u0105du terytorialnego w ramach realizowanych zada\u0144 maj\u0105cych na celu wsparcie spo\u0142eczne os\u00f3b niepe\u0142nosprawnych;<br>5) zwi\u0119kszenie wsparcia asystenckiego dla niepe\u0142nosprawnych uczni\u00f3w ze specjalnymi potrzebami edukacyjnymi, tak\u017ce w innych wymiarach \u017cycia i funkcjonowania spo\u0142ecznego.<\/p>\n\n\n\n<p>Dodatkowym za\u0142o\u017ceniem jest, aby minimum 70% uczestnik\u00f3w Programu stanowi\u0142y osoby wymagaj\u0105ce wysokiego poziomu wsparcia(tj. osoby ze znacznym stopniem niepe\u0142nosprawno\u015bci oraz dzieci niepe\u0142nosprawne z orzeczeniem o niepe\u0142nosprawno\u015bci \u0142\u0105cznie ze wskazaniami pkt 7 i 8 w orzeczeniu o niepe\u0142nosprawno\u015bci: konieczno\u015bci sta\u0142ej lub d\u0142ugotrwa\u0142ej opieki lub pomocy innej osoby w zwi\u0105zku ze znacznie ograniczon\u0105 mo\u017cliwo\u015bci\u0105 samodzielnej egzystencji oraz konieczno\u015bci sta\u0142ego wsp\u00f3\u0142udzia\u0142u na co dzie\u0144 opiekuna dziecka w procesie jego leczenia, rehabilitacji i edukacji), w tym osoby z niepe\u0142nosprawno\u015bciami sprz\u0119\u017conymi i trudno\u015bciami zwi\u0105zanymi z mobilno\u015bci\u0105 i komunikacj\u0105.<\/p>\n\n\n\n<p>Us\u0142ugi asystencji osobistej mog\u0105 w szczeg\u00f3lno\u015bci polega\u0107 na pomocy asystenta w:<br>1) wykonywaniu czynno\u015bci dnia codziennego dla uczestnika Programu;<br>2) wyj\u015bciu, powrocie lub dojazdach z uczestnikiem Programu w wybrane przez uczestnika miejsca;<br>3) za\u0142atwianiu spraw urz\u0119dowych;<br>4) korzystaniu z d\u00f3br kultury (np. muzeum, teatr, kino, galerie sztuki, wystawy);<br>5) zaprowadzaniu dzieci z orzeczeniem o niepe\u0142nosprawno\u015bci do plac\u00f3wki o\u015bwiatowej lub przyprowadzaniu ich z niej. (Us\u0142uga asystencji osobistej na terenie szko\u0142y mo\u017ce by\u0107 realizowana wy\u0142\u0105cznie w przypadku, gdy szko\u0142a nie zapewnia tej us\u0142ugi).<\/p>\n\n\n\n<p>Realizacja Programu umo\u017cliwi osobom z niepe\u0142nosprawno\u015bciami podejmowanie aktywno\u015bci oraz uczestnictwo w \u017cyciu lokalnej spo\u0142eczno\u015bci. Przyczyni si\u0119 do ograniczenia skutk\u00f3w niepe\u0142nosprawno\u015bci i umo\u017cliwi osobom niepe\u0142nosprawnym realizowanie prawa do niezale\u017cnego \u017cycia.<\/p>\n\n\n\n<p class=\"has-text-align-center\"><strong>Og\u0142oszenie o naborze kart zg\u0142osze\u0144<br>do Programu \u201eAsystent osobisty osoby niepe\u0142nosprawnej\u201d \u2013 edycja 2022<\/strong><\/p>\n\n\n\n<p>Miasto Bia\u0142a Podlaska przyst\u0105pi\u0142o do Programu \u201eAsystent osobisty osoby niepe\u0142nosprawnej\u201d \u2013 edycja 2022 og\u0142oszonego przez Ministra Rodziny i Polityki Spo\u0142ecznej.<br>Program b\u0119dzie realizowany przez Miejski O\u015brodek Pomocy Spo\u0142ecznej w Bia\u0142ej Podlaskiej. Wsparcie w ramach Programu finansowane jest ze \u015brodk\u00f3w Funduszu Solidarno\u015bciowego.<\/p>\n\n\n\n<p>Rozpocz\u0119cie realizacji Programu planowane jest po zawarciu umowy z Wojewod\u0105 Lubelskim w sprawie wysoko\u015bci i trybu przekazywania \u015brodk\u00f3w Funduszu Solidarno\u015bciowego.<br>Termin realizacji Programu up\u0142ywa w dniu 31 grudnia 2022 roku.<\/p>\n\n\n\n<p>G\u0142\u00f3wnym celem Programu jest wprowadzenie us\u0142ug asystenta jako formy og\u00f3lnodost\u0119pnego wsparcia w wykonywaniu codziennych czynno\u015bci oraz funkcjonowaniu w \u017cyciu spo\u0142ecznym, kt\u00f3rej adresatami s\u0105:<br>1) dzieci do 16. roku \u017cycia z orzeczeniem o niepe\u0142nosprawno\u015bci \u0142\u0105cznie ze wskazaniami: konieczno\u015bci sta\u0142ej lub d\u0142ugotrwa\u0142ej opieki lub pomocy innej osoby w zwi\u0105zku ze znacznie ograniczon\u0105 mo\u017cliwo\u015bci\u0105 samodzielnej egzystencji oraz konieczno\u015bci sta\u0142ego wsp\u00f3\u0142udzia\u0142u na co dzie\u0144 opiekuna dziecka w procesie jego leczenia, rehabilitacji i edukacji oraz<br>2) osoby niepe\u0142nosprawne posiadaj\u0105ce orzeczenie o niepe\u0142nosprawno\u015bci:<br>a) o stopniu znacznym lub<br>b) o stopniu umiarkowanym albo<br>c) traktowane na r\u00f3wni do wymienionych w lit. a i b.<\/p>\n\n\n\n<p>Us\u0142ugi asystencji osobistej mog\u0105 \u015bwiadczy\u0107:<br>1) osoby posiadaj\u0105ce dokument potwierdzaj\u0105cy uzyskanie kwalifikacji w nast\u0119puj\u0105cych kierunkach: asystent osoby niepe\u0142nosprawnej, opiekun osoby starszej, opiekun medyczny, pedagog, psycholog, terapeuta zaj\u0119ciowy, piel\u0119gniarka, fizjoterapeuta;<br>2) osoby posiadaj\u0105ce co najmniej 6-miesi\u0119czne, udokumentowane do\u015bwiadczenie w udzielaniu bezpo\u015bredniej pomocy osobom niepe\u0142nosprawnym np. do\u015bwiadczenie zawodowe, udzielanie wsparcia osobom niepe\u0142nosprawnych w formie wolontariatu;<br>3) osoby wskazane przez uczestnika Programu lub jego opiekuna prawnego, kt\u00f3re nie s\u0105 cz\u0142onkami rodziny osoby niepe\u0142nosprawnej, pod warunkiem z\u0142o\u017cenia przez osob\u0119 niepe\u0142nosprawn\u0105 pisemnego o\u015bwiadczenia, \u017ce wskazany przez ni\u0105 asystent jest przygotowany do realizacji wobec niej us\u0142ug asystencji osobistej.<\/p>\n\n\n\n<p>Na potrzeby realizacji Programu, za cz\u0142onk\u00f3w rodziny uzna\u0107 nale\u017cy rodzic\u00f3w i dzieci, rodze\u0144stwo, wnuki, dziadk\u00f3w, te\u015bci\u00f3w, macoch\u0119, ojczyma oraz inne osoby pozostaj\u0105ce we wsp\u00f3lnym gospodarstwie domowym z uczestnikiem Programu.<br>Asystentem mo\u017ce by\u0107 osoba wskazana przez uczestnika Programu. Je\u017celi asystent nie zostanie wskazany przez uczestnika Programu, wskazuje go gmina\/powiat, z uwzgl\u0119dnieniem kwalifikacji okre\u015blonych w dziale IV ust. 3 pkt 1 i 2 Programu.<br>W przypadku gdy us\u0142ugi asystencji osobistej b\u0119d\u0105 \u015bwiadczone na rzecz dzieci niepe\u0142nosprawnych do 16. roku \u017cycia z orzeczeniem o niepe\u0142nosprawno\u015bci \u0142\u0105cznie z ww. wskazaniami, wymagane jest tak\u017ce:<br>1) za\u015bwiadczenie o niekaralno\u015bci;<br>2) pisemna informacja o niefigurowaniu w Rejestrze Sprawc\u00f3w Przest\u0119pstw na Tle Seksualnym;<br>3) pisemna akceptacja osoby asystenta ze strony rodzica lub opiekuna prawnego dziecka z niepe\u0142nosprawno\u015bci\u0105.<\/p>\n\n\n\n<p>Us\u0142ugi asystencji osobistej mog\u0105 w szczeg\u00f3lno\u015bci polega\u0107 na pomocy asystenta w:<br>1) wykonywaniu czynno\u015bci dnia codziennego dla uczestnika Programu;<br>2) wyj\u015bciu, powrocie lub dojazdach z uczestnikiem Programu w wybrane przez uczestnika miejsca;<br>3) za\u0142atwianiu spraw urz\u0119dowych;<br>4) korzystaniu z d\u00f3br kultury (np. muzeum, teatr, kino, galerie sztuki, wystawy);<br>5) zaprowadzaniu dzieci z orzeczeniem o niepe\u0142nosprawno\u015bci do plac\u00f3wki o\u015bwiatowej lub przyprowadzaniu ich z niej.<\/p>\n\n\n\n<p>Us\u0142uga asystencji osobistej na terenie szko\u0142y mo\u017ce by\u0107 realizowana wy\u0142\u0105cznie w przypadku, gdy szko\u0142a nie zapewnia tej us\u0142ugi.<br>Zakres czynno\u015bci w ramach us\u0142ug asystencji osobistej zawiera za\u0142\u0105cznik nr 9 do Programu.<\/p>\n\n\n\n<p>Limit godzin us\u0142ug asystencji osobistej finansowanych ze \u015brodk\u00f3w Funduszu przypadaj\u0105cych na 1 uczestnika wynosi nie wi\u0119cej ni\u017c:<br>1) 840 godzin rocznie dla os\u00f3b niepe\u0142nosprawnych posiadaj\u0105cych orzeczenie o znacznym stopniu niepe\u0142nosprawno\u015bci z niepe\u0142nosprawno\u015bci\u0105 sprz\u0119\u017con\u0105;<br>2) 720 godzin rocznie dla os\u00f3b niepe\u0142nosprawnych posiadaj\u0105cych orzeczenie o znacznym stopniu niepe\u0142nosprawno\u015bci;<br>3) 360 godzin rocznie dla:<br>a) os\u00f3b niepe\u0142nosprawnych posiadaj\u0105cych orzeczenie o umiarkowanym stopniu niepe\u0142nosprawno\u015bci,<br>b) dzieci do 16. roku \u017cycia z orzeczeniem o niepe\u0142nosprawno\u015bci \u0142\u0105cznie ze wskazaniami: konieczno\u015bci sta\u0142ej lub d\u0142ugotrwa\u0142ej opieki lub pomocy innej osoby w zwi\u0105zku ze znacznie ograniczon\u0105 mo\u017cliwo\u015bci\u0105 samodzielnej egzystencji oraz konieczno\u015bci sta\u0142ego wsp\u00f3\u0142udzia\u0142u na co dzie\u0144 opiekuna dziecka w procesie jego leczenia, rehabilitacji i edukacji.<\/p>\n\n\n\n<p>Us\u0142ugi asystencji osobistej przyznawane s\u0105 na podstawie Karty zg\u0142oszenia do Programu \u201eAsystent osobisty osoby niepe\u0142nosprawnej\u201d \u2013 edycja 2022, kt\u00f3rej wz\u00f3r stanowi za\u0142\u0105cznik nr 8 do Programu.<br>Uczestnik Programu za us\u0142ugi asystencji osobistej nie ponosi odp\u0142atno\u015bci.<\/p>\n\n\n\n<p><strong>Osoba niepe\u0142nosprawna potrzebuj\u0105ca pomocy asystenta osobistego (lub jej opiekun prawny) sk\u0142ada w Miejskim O\u015brodku Pomocy Spo\u0142ecznej w Bia\u0142ej Podlaskiej przy ul. Marsza\u0142ka J\u00f3zefa Pi\u0142sudskiego 24, 21-500 Bia\u0142a Podlaska <\/strong>lub poczt\u0105 tradycyjn\u0105:<br>1) Kart\u0119 zg\u0142oszenia do Programu Asystent osobisty osoby niepe\u0142nosprawnej \u2013 edycja 2022 (wype\u0142nion\u0105 i podpisan\u0105),<br>2) kserokopi\u0119 aktualnego orzeczenia o znacznym lub umiarkowanym stopniu niepe\u0142nosprawno\u015bci albo orzeczenia traktowanego na r\u00f3wni do wymienionych lub w przypadku dzieci do 16. roku \u017cycia orzeczenie o niepe\u0142nosprawno\u015bci \u0142\u0105cznie ze wskazaniami: konieczno\u015bci sta\u0142ej lub d\u0142ugotrwa\u0142ej opieki lub pomocy innej osoby w zwi\u0105zku ze znacznie ograniczon\u0105 mo\u017cliwo\u015bci\u0105 samodzielnej egzystencji oraz konieczno\u015bci sta\u0142ego wsp\u00f3\u0142udzia\u0142u na co dzie\u0144 opiekuna dziecka w procesie jego leczenia, rehabilitacji i edukacji,<br>3) zakres czynno\u015bci w ramach us\u0142ug asystenta do Programu \u201eAsystent osobisty osoby niepe\u0142nosprawnej \u2013 edycja 2022,<br>4) klauzul\u0119 informacyjn\u0105 o przetwarzaniu danych osobowych<br>\u2013 <strong>w terminie do dnia 28 stycznia 2022 r.<\/strong><\/p>\n\n\n\n<p>Po up\u0142ywie ww. terminu karty zg\u0142oszenia b\u0119d\u0105 przyjmowane\/rozpatrywane wg kolejno\u015bci, do wyczerpania limitu godzin\/\u015brodk\u00f3w przewidzianych do realizacji w Programie.<br>Szczeg\u00f3\u0142owe informacje dotycz\u0105ce Programu mo\u017cna uzyska\u0107 w Miejskim O\u015brodku Pomocy Spo\u0142ecznej w Bia\u0142ej Podlaskiej<strong>, <\/strong>ul. Marsza\u0142ka J\u00f3zefa Pi\u0142sudskiego 24, pok\u00f3j nr 4,nr telefonu: <strong>83 344 46 14; 83 341 64 55.<\/strong><\/p>\n\n\n\n<p>Do pobrania:<\/p>\n\n\n\n<p><a rel=\"noreferrer noopener\" href=\"http:\/\/tbklhnu.cluster028.hosting.ovh.net\/wp-content\/uploads\/2022\/01\/Zalacznik-nr-8-do-programu-Karta-zgloszenia-aoon-2022.docx\" target=\"_blank\"><mark style=\"background-color:rgba(0, 0, 0, 0)\" class=\"has-inline-color has-vivid-cyan-blue-color\">Karta zg\u0142oszenia do Programu \u201eAsystent osobisty osoby niepe\u0142nosprawnej\u201d \u2013 edycja 2022 \u2013 za\u0142\u0105cznik nr 8 do Programu<\/mark><\/a><\/p>\n\n\n\n<p><a rel=\"noreferrer noopener\" href=\"http:\/\/tbklhnu.cluster028.hosting.ovh.net\/wp-content\/uploads\/2022\/01\/Zalacznik-nr-13-do-programu-klauzula-informacyjna-art13-i-14-mops-aoon-2022.docx\" target=\"_blank\"><mark style=\"background-color:rgba(0, 0, 0, 0)\" class=\"has-inline-color has-vivid-cyan-blue-color\">Klauzula informacyjna o przetwarzaniu danych osobowych \u2013 za\u0142\u0105cznik nr 13 do Programu<\/mark><\/a><\/p>\n\n\n\n<p><a rel=\"noreferrer noopener\" href=\"http:\/\/tbklhnu.cluster028.hosting.ovh.net\/wp-content\/uploads\/2022\/01\/Zalacznik-nr-9-do-programu-zakres-czynnosci-asystenta-aoon-2022.docx\" target=\"_blank\"><mark style=\"background-color:rgba(0, 0, 0, 0)\" class=\"has-inline-color has-vivid-cyan-blue-color\">Zakres czynno\u015bci w ramach us\u0142ug asystencji osobistej \u2013 za\u0142\u0105cznik nr 9 do Programu<\/mark><\/a><\/p>\n\n\n\n<p><a rel=\"noreferrer noopener\" href=\"http:\/\/tbklhnu.cluster028.hosting.ovh.net\/wp-content\/uploads\/2022\/01\/Program-Asystent-osobisty-osoby-niepelnosprawnej-edycja-2022-tresc.pdf\" target=\"_blank\"><mark style=\"background-color:rgba(0, 0, 0, 0)\" class=\"has-inline-color has-vivid-cyan-blue-color\">Program \u201eAsystent osobisty osoby niepe\u0142nosprawnej\u201d \u2013 edycja 2022<\/mark><\/a><\/p>\n\n\n\n<p><a rel=\"noreferrer noopener\" href=\"\/wp-content\/uploads\/2022\/08\/aoon_program_o_zmianie_programu_jst_2.pdf\" data-type=\"URL\" data-id=\"\/wp-content\/uploads\/2022\/08\/aoon_program_o_zmianie_programu_jst_2.pdf\" target=\"_blank\"><mark style=\"background-color:rgba(0, 0, 0, 0)\" class=\"has-inline-color has-vivid-cyan-blue-color\">Zmiana Programu \u201eAsystent osobisty osoby niepe\u0142nosprawnej\u201d \u2013 edycja 2022<\/mark><\/a><\/p>\n\n\n\n<p><a rel=\"noreferrer noopener\" href=\"\/wp-content\/uploads\/2022\/08\/aoon_oswiadczenie_obywatela_ukrainy_jst2_.pdf\" target=\"_blank\"><mark style=\"background-color:rgba(0, 0, 0, 0)\" class=\"has-inline-color has-vivid-cyan-blue-color\">O\u015bwiadczenie obywatela Ukrainy<\/mark><\/a><\/p>\n\n\n\n<p><a rel=\"noreferrer noopener\" href=\"\/wp-content\/uploads\/2022\/08\/aoon_2_program_o_zmianie_programu_jst_edycja_2022-1657547533_1_3_.pdf\" target=\"_blank\"><mark style=\"background-color:rgba(0, 0, 0, 0)\" class=\"has-inline-color has-vivid-cyan-blue-color\">Zmiana Programu \u201eAsystent osobisty osoby niepe\u0142nosprawnej\u201d \u2013 edycja 2022<\/mark><\/a><\/p>\n","protected":false},"excerpt":{"rendered":"<p>Program &#8222;Asystent osobisty osoby niepe\u0142nosprawnej&#8221; &#8211; edycja 2022 Informacja o dofinansowaniu Programu \u201eAsystent osobisty osoby niepe\u0142nosprawnej\u201d \u2013 edycja 2022 Miasto Bia\u0142a Podlaska otrzyma\u0142o dofinansowanie ze \u015brodk\u00f3w Funduszu Solidarno\u015bciowego na realizacj\u0119 resortowego Programu Ministra Rodziny i Polityki Spo\u0142ecznej \u201eAsystent osobisty osoby niepe\u0142nosprawnej\u201d \u2013 edycja 2022. Program realizuje Miejski O\u015brodek Pomocy Spo\u0142ecznej w&nbsp;Bia\u0142ej Podlaskiej. Na realizacj\u0119 Programu [&hellip;]<\/p>\n","protected":false},"author":1,"featured_media":0,"parent":0,"menu_order":0,"comment_status":"closed","ping_status":"closed","template":"","meta":[],"_links":{"self":[{"href":"https:\/\/archiwum.mops-bialapodlaska.pl\/index.php?rest_route=\/wp\/v2\/pages\/1784"}],"collection":[{"href":"https:\/\/archiwum.mops-bialapodlaska.pl\/index.php?rest_route=\/wp\/v2\/pages"}],"about":[{"href":"https:\/\/archiwum.mops-bialapodlaska.pl\/index.php?rest_route=\/wp\/v2\/types\/page"}],"author":[{"embeddable":true,"href":"https:\/\/archiwum.mops-bialapodlaska.pl\/index.php?rest_route=\/wp\/v2\/users\/1"}],"replies":[{"embeddable":true,"href":"https:\/\/archiwum.mops-bialapodlaska.pl\/index.php?rest_route=%2Fwp%2Fv2%2Fcomments&post=1784"}],"version-history":[{"count":4,"href":"https:\/\/archiwum.mops-bialapodlaska.pl\/index.php?rest_route=\/wp\/v2\/pages\/1784\/revisions"}],"predecessor-version":[{"id":2991,"href":"https:\/\/archiwum.mops-bialapodlaska.pl\/index.php?rest_route=\/wp\/v2\/pages\/1784\/revisions\/2991"}],"wp:attachment":[{"href":"https:\/\/archiwum.mops-bialapodlaska.pl\/index.php?rest_route=%2Fwp%2Fv2%2Fmedia&parent=1784"}],"curies":[{"name":"wp","href":"https:\/\/api.w.org\/{rel}","templated":true}]}}