{"id":1248,"date":"2021-02-12T12:07:01","date_gmt":"2021-02-12T11:07:01","guid":{"rendered":"http:\/\/tbklhnu.cluster028.hosting.ovh.net\/?page_id=1248"},"modified":"2023-02-23T13:09:33","modified_gmt":"2023-02-23T12:09:33","slug":"program-opieka-wytchnieniowa-edycja-2021","status":"publish","type":"page","link":"https:\/\/archiwum.mops-bialapodlaska.pl\/?page_id=1248","title":{"rendered":"Program \u201eOpieka wytchnieniowa\u201d \u2013 edycja 2021"},"content":{"rendered":"\n<p class=\"has-large-font-size\"><strong>Program \u201eOpieka wytchnieniowa\u201d \u2013 edycja 2021<\/strong><\/p>\n\n\n\n<figure class=\"wp-block-image size-large\"><img decoding=\"async\" loading=\"lazy\" width=\"1024\" height=\"512\" src=\"http:\/\/tbklhnu.cluster028.hosting.ovh.net\/wp-content\/uploads\/2021\/04\/logo_MRiPS_png-1024x512.png\" alt=\"\" class=\"wp-image-1384\" srcset=\"https:\/\/archiwum.mops-bialapodlaska.pl\/wp-content\/uploads\/2021\/04\/logo_MRiPS_png-1024x512.png 1024w, https:\/\/archiwum.mops-bialapodlaska.pl\/wp-content\/uploads\/2021\/04\/logo_MRiPS_png-300x150.png 300w, https:\/\/archiwum.mops-bialapodlaska.pl\/wp-content\/uploads\/2021\/04\/logo_MRiPS_png-768x384.png 768w, https:\/\/archiwum.mops-bialapodlaska.pl\/wp-content\/uploads\/2021\/04\/logo_MRiPS_png.png 1182w\" sizes=\"(max-width: 1024px) 100vw, 1024px\" \/><\/figure>\n\n\n\n<p><a rel=\"noreferrer noopener\" href=\"http:\/\/tbklhnu.cluster028.hosting.ovh.net\/wp-content\/uploads\/2021\/06\/info_na-strone_ow_2021.pdf\" target=\"_blank\"><mark style=\"background-color:rgba(0, 0, 0, 0)\" class=\"has-inline-color has-vivid-cyan-blue-color\">Informacja o dofinansowaniu Programu &#8222;Opieka wytchnieniowa&#8221; &#8211; edycja 2021<\/mark><\/a><\/p>\n\n\n\n<p><a rel=\"noreferrer noopener\" href=\"http:\/\/tbklhnu.cluster028.hosting.ovh.net\/wp-content\/uploads\/2021\/04\/ogloszenie_o_naborze_zgloszen_opieka_wytchnieniowa_2021.pdf\" target=\"_blank\"><mark style=\"background-color:rgba(0, 0, 0, 0)\" class=\"has-inline-color has-vivid-cyan-blue-color\">Og\u0142oszenie o naborze zg\u0142osze\u0144 do Programu &#8222;Opieka wytchnieniowa&#8221; &#8211; edycja 2021<\/mark><\/a><\/p>\n\n\n\n<p><a rel=\"noreferrer noopener\" href=\"http:\/\/tbklhnu.cluster028.hosting.ovh.net\/wp-content\/uploads\/2021\/04\/zal_nr_8_karta_zgloszenia_do_programu_opieka_wytchnieniowa.pdf\" target=\"_blank\"><mark style=\"background-color:rgba(0, 0, 0, 0)\" class=\"has-inline-color has-vivid-cyan-blue-color\">Karta zg\u0142oszenia do Programu &#8222;Opieka wytchnieniowa&#8221; &#8211; edycja 2021<\/mark><\/a><\/p>\n\n\n\n<p><a rel=\"noreferrer noopener\" href=\"http:\/\/tbklhnu.cluster028.hosting.ovh.net\/wp-content\/uploads\/2021\/04\/zal_n_7_karta_oceny_stanu_on.pdf\" target=\"_blank\"><mark style=\"background-color:rgba(0, 0, 0, 0)\" class=\"has-inline-color has-vivid-cyan-blue-color\">Karta oceny stanu osoby niepe\u0142nosprawnej wg zmodyfikowanej skali FIM<\/mark><\/a><\/p>\n\n\n\n<p><a rel=\"noreferrer noopener\" href=\"http:\/\/tbklhnu.cluster028.hosting.ovh.net\/wp-content\/uploads\/2021\/04\/dodatkowe_info_do_zal_nr_7.pdf\" target=\"_blank\"><mark style=\"background-color:rgba(0, 0, 0, 0)\" class=\"has-inline-color has-vivid-cyan-blue-color\">Dodatkowa informacja do wzoru karty oceny stanu osoby niepe\u0142nosprawnej<\/mark><\/a><\/p>\n\n\n\n<p><a rel=\"noreferrer noopener\" href=\"http:\/\/tbklhnu.cluster028.hosting.ovh.net\/wp-content\/uploads\/2021\/04\/osw_o_korzystaniu_z_osrodka_wsparcia.pdf\" target=\"_blank\"><mark style=\"background-color:rgba(0, 0, 0, 0)\" class=\"has-inline-color has-vivid-cyan-blue-color\">O\u015bwiadczenie uczestnika Programu &#8222;Opieka wytchnieniowa&#8221; &#8211; edycja 2021<\/mark><\/a><\/p>\n\n\n\n<p><a rel=\"noreferrer noopener\" href=\"http:\/\/tbklhnu.cluster028.hosting.ovh.net\/wp-content\/uploads\/2021\/04\/klauzula_rodo_owytchnieniowa.pdf\" target=\"_blank\"><mark style=\"background-color:rgba(0, 0, 0, 0)\" class=\"has-inline-color has-vivid-cyan-blue-color\">Klauzula informacyjna o przetwarzaniu danych osobowych<\/mark><\/a><\/p>\n\n\n\n<p><a rel=\"noreferrer noopener\" href=\"http:\/\/tbklhnu.cluster028.hosting.ovh.net\/wp-content\/uploads\/2021\/04\/program_opieka_wytchnieniowa_edycja_2021.pdf\" target=\"_blank\"><mark style=\"background-color:rgba(0, 0, 0, 0)\" class=\"has-inline-color has-vivid-cyan-blue-color\">Tre\u015b\u0107 Programu &#8222;Opieka wytchnieniowa&#8221; &#8211; edycja 2021<\/mark><\/a><\/p>\n\n\n\n<p><\/p>\n\n\n\n<p><a rel=\"noreferrer noopener\" href=\"http:\/\/www.niepelnosprawni.gov.pl\/a,1177,komunikat-o-zmianie-programu-oraz-o-publikacji-listy-rekomendowanych-wnioskow-w-ramach-programu-opieka-wytchnieniowa-edycja-2021\" target=\"_blank\"><mark style=\"background-color:rgba(0, 0, 0, 0)\" class=\"has-inline-color has-vivid-cyan-blue-color\">Komunikat Ministra Rodziny i Polityki Spo\u0142ecznej o zmianie programu oraz o publikacji listy rekomendowanych wniosk\u00f3w w ramach Programu &#8222;Opieka wytchnieniowa &#8221; &#8211; edycja 2021<\/mark><\/a><\/p>\n\n\n\n<p><a rel=\"noreferrer noopener\" href=\"http:\/\/tbklhnu.cluster028.hosting.ovh.net\/wp-content\/uploads\/2021\/02\/Komunikat_op_wytch_aoon11-02-2021.pdf\" target=\"_blank\"><mark style=\"background-color:rgba(0, 0, 0, 0)\" class=\"has-inline-color has-vivid-cyan-blue-color\">Komunikat Ministra Rodziny i Polityki Spo\u0142ecznej w sprawie wyd\u0142u\u017cenia terminu ostatecznej weryfikacji i zatwierdzenia wniosk\u00f3w z\u0142o\u017conych przez wojewod\u00f3w w ramach Programu \u201eOpieka wytchnieniowa\u201d \u2013 edycja 2021<\/mark><\/a><\/p>\n\n\n\n<p><strong>W dniu 3 grudnia 2020 r. Sekretarz Stanu Pawe\u0142 Wd\u00f3wik z upowa\u017cnienia Ministra Rodziny i Polityki Spo\u0142ecznej Marleny Mal\u0105g zaakceptowa\u0142 og\u0142oszenie o naborze wniosk\u00f3w w ramach Programu \u201eOpieka wytchnieniowa\u201d- edycja 2021.<\/strong><\/p>\n\n\n\n<p class=\"has-text-align-center\"><a rel=\"noreferrer noopener\" href=\"http:\/\/www.niepelnosprawni.gov.pl\/a,1134,komunikat-o-ogloszeniu-programu-opieka-wytchnieniowa-edycja-2021\" target=\"_blank\"><mark style=\"background-color:rgba(0, 0, 0, 0)\" class=\"has-inline-color has-vivid-cyan-blue-color\">Szczeg\u00f3\u0142owe informacje<\/mark><\/a><\/p>\n","protected":false},"excerpt":{"rendered":"<p>Program \u201eOpieka wytchnieniowa\u201d \u2013 edycja 2021 Informacja o dofinansowaniu Programu &#8222;Opieka wytchnieniowa&#8221; &#8211; edycja 2021 Og\u0142oszenie o naborze zg\u0142osze\u0144 do Programu &#8222;Opieka wytchnieniowa&#8221; &#8211; edycja 2021 Karta zg\u0142oszenia do Programu &#8222;Opieka wytchnieniowa&#8221; &#8211; edycja 2021 Karta oceny stanu osoby niepe\u0142nosprawnej wg zmodyfikowanej skali FIM Dodatkowa informacja do wzoru karty oceny stanu osoby niepe\u0142nosprawnej O\u015bwiadczenie uczestnika [&hellip;]<\/p>\n","protected":false},"author":1,"featured_media":0,"parent":0,"menu_order":0,"comment_status":"closed","ping_status":"closed","template":"","meta":[],"_links":{"self":[{"href":"https:\/\/archiwum.mops-bialapodlaska.pl\/index.php?rest_route=\/wp\/v2\/pages\/1248"}],"collection":[{"href":"https:\/\/archiwum.mops-bialapodlaska.pl\/index.php?rest_route=\/wp\/v2\/pages"}],"about":[{"href":"https:\/\/archiwum.mops-bialapodlaska.pl\/index.php?rest_route=\/wp\/v2\/types\/page"}],"author":[{"embeddable":true,"href":"https:\/\/archiwum.mops-bialapodlaska.pl\/index.php?rest_route=\/wp\/v2\/users\/1"}],"replies":[{"embeddable":true,"href":"https:\/\/archiwum.mops-bialapodlaska.pl\/index.php?rest_route=%2Fwp%2Fv2%2Fcomments&post=1248"}],"version-history":[{"count":15,"href":"https:\/\/archiwum.mops-bialapodlaska.pl\/index.php?rest_route=\/wp\/v2\/pages\/1248\/revisions"}],"predecessor-version":[{"id":3005,"href":"https:\/\/archiwum.mops-bialapodlaska.pl\/index.php?rest_route=\/wp\/v2\/pages\/1248\/revisions\/3005"}],"wp:attachment":[{"href":"https:\/\/archiwum.mops-bialapodlaska.pl\/index.php?rest_route=%2Fwp%2Fv2%2Fmedia&parent=1248"}],"curies":[{"name":"wp","href":"https:\/\/api.w.org\/{rel}","templated":true}]}}